{"id":73,"date":"2024-08-29T23:46:46","date_gmt":"2024-08-29T23:46:46","guid":{"rendered":"https:\/\/client.polando8.com\/?page_id=73"},"modified":"2025-01-10T06:34:19","modified_gmt":"2025-01-10T06:34:19","slug":"contact-us","status":"publish","type":"page","link":"https:\/\/chickensmarket.com\/tr\/contact-us\/","title":{"rendered":"Bize Ula\u015f\u0131n"},"content":{"rendered":"<div data-elementor-type=\"wp-page\" data-elementor-id=\"73\" class=\"elementor elementor-73\" data-elementor-post-type=\"page\">\n\t\t\t\t<div class=\"elementor-element elementor-element-5e4727ba e-flex e-con-boxed e-con e-parent\" data-id=\"5e4727ba\" data-element_type=\"container\" data-settings=\"{&quot;background_background&quot;:&quot;classic&quot;}\">\n\t\t\t\t\t<div class=\"e-con-inner\">\n\t\t<div class=\"elementor-element elementor-element-7ac81081 e-flex e-con-boxed e-con e-child\" data-id=\"7ac81081\" data-element_type=\"container\">\n\t\t\t\t\t<div class=\"e-con-inner\">\n\t\t\t\t<div class=\"elementor-element elementor-element-74c6bced elementor-invisible elementor-widget elementor-widget-heading\" data-id=\"74c6bced\" data-element_type=\"widget\" data-settings=\"{&quot;_animation&quot;:&quot;fadeInUp&quot;}\" data-widget_type=\"heading.default\">\n\t\t\t\t<div class=\"elementor-widget-container\">\n\t\t\t<h1 class=\"elementor-heading-title elementor-size-default\">Bize Ula\u015f\u0131n<\/h1>\t\t<\/div>\n\t\t\t\t<\/div>\n\t\t\t\t<div class=\"elementor-element elementor-element-3c8b415f elementor-invisible elementor-widget elementor-widget-heading\" data-id=\"3c8b415f\" data-element_type=\"widget\" data-settings=\"{&quot;_animation&quot;:&quot;fadeInUp&quot;,&quot;_animation_delay&quot;:200}\" data-widget_type=\"heading.default\">\n\t\t\t\t<div class=\"elementor-widget-container\">\n\t\t\t<h4 class=\"elementor-heading-title elementor-size-default\">\u0130yi bir ili\u015fki ve i\u015f kurmak i\u00e7in sohbeti ba\u015flat\u0131n.\n<\/h4>\t\t<\/div>\n\t\t\t\t<\/div>\n\t\t\t\t\t<\/div>\n\t\t\t\t<\/div>\n\t\t\t\t\t<\/div>\n\t\t\t\t<\/div>\n\t\t<div class=\"elementor-element elementor-element-1632ed6 e-flex e-con-boxed e-con e-parent\" data-id=\"1632ed6\" data-element_type=\"container\" data-settings=\"{&quot;background_background&quot;:&quot;classic&quot;}\">\n\t\t\t\t\t<div class=\"e-con-inner\">\n\t\t<div class=\"elementor-element elementor-element-59f329c1 e-con-full e-flex elementor-invisible e-con e-child\" data-id=\"59f329c1\" data-element_type=\"container\" data-settings=\"{&quot;animation&quot;:&quot;fadeInLeft&quot;}\">\n\t\t\t\t<div class=\"elementor-element elementor-element-10bc1a3b elementor-widget elementor-widget-heading\" data-id=\"10bc1a3b\" data-element_type=\"widget\" data-widget_type=\"heading.default\">\n\t\t\t\t<div class=\"elementor-widget-container\">\n\t\t\t<h6 class=\"elementor-heading-title elementor-size-default\">\u0130leti\u015fime ge\u00e7in<\/h6>\t\t<\/div>\n\t\t\t\t<\/div>\n\t\t\t\t<div class=\"elementor-element elementor-element-4f6fc26d elementor-widget elementor-widget-heading\" data-id=\"4f6fc26d\" data-element_type=\"widget\" data-widget_type=\"heading.default\">\n\t\t\t\t<div class=\"elementor-widget-container\">\n\t\t\t<h2 class=\"elementor-heading-title elementor-size-default\">Kesintisiz \u0130leti\u015fim, K\u00fcresel Etki.\n<\/h2>\t\t<\/div>\n\t\t\t\t<\/div>\n\t\t\t\t<div class=\"elementor-element elementor-element-14d4412c elementor-widget elementor-widget-text-editor\" data-id=\"14d4412c\" data-element_type=\"widget\" data-widget_type=\"text-editor.default\">\n\t\t\t\t<div class=\"elementor-widget-container\">\n\t\t\t\t\t\t\tBize ula\u015f\u0131n ve 24 saat i\u00e7inde ayr\u0131nt\u0131l\u0131 bir yan\u0131t alman\u0131z\u0131 sa\u011flayal\u0131m.\n\n\n\n\n\n\n\t\t\t\t\t\t<\/div>\n\t\t\t\t<\/div>\n\t\t\t\t<div class=\"elementor-element elementor-element-784f3ee0 elementor-widget-divider--view-line elementor-widget elementor-widget-divider\" data-id=\"784f3ee0\" data-element_type=\"widget\" data-widget_type=\"divider.default\">\n\t\t\t\t<div class=\"elementor-widget-container\">\n\t\t\t\t\t<div class=\"elementor-divider\">\n\t\t\t<span class=\"elementor-divider-separator\">\n\t\t\t\t\t\t<\/span>\n\t\t<\/div>\n\t\t\t\t<\/div>\n\t\t\t\t<\/div>\n\t\t\t\t<div class=\"elementor-element elementor-element-c2f6646 elementor-view-stacked elementor-shape-square elementor-position-left elementor-mobile-position-left elementor-vertical-align-top elementor-widget elementor-widget-icon-box\" data-id=\"c2f6646\" data-element_type=\"widget\" data-widget_type=\"icon-box.default\">\n\t\t\t\t<div class=\"elementor-widget-container\">\n\t\t\t\t\t<div class=\"elementor-icon-box-wrapper\">\n\n\t\t\t\t\t\t<div class=\"elementor-icon-box-icon\">\n\t\t\t\t<span  class=\"elementor-icon elementor-animation-\">\n\t\t\t\t<svg aria-hidden=\"true\" class=\"e-font-icon-svg e-far-building\" viewbox=\"0 0 448 512\" xmlns=\"http:\/\/www.w3.org\/2000\/svg\"><path d=\"M128 148v-40c0-6.6 5.4-12 12-12h40c6.6 0 12 5.4 12 12v40c0 6.6-5.4 12-12 12h-40c-6.6 0-12-5.4-12-12zm140 12h40c6.6 0 12-5.4 12-12v-40c0-6.6-5.4-12-12-12h-40c-6.6 0-12 5.4-12 12v40c0 6.6 5.4 12 12 12zm-128 96h40c6.6 0 12-5.4 12-12v-40c0-6.6-5.4-12-12-12h-40c-6.6 0-12 5.4-12 12v40c0 6.6 5.4 12 12 12zm128 0h40c6.6 0 12-5.4 12-12v-40c0-6.6-5.4-12-12-12h-40c-6.6 0-12 5.4-12 12v40c0 6.6 5.4 12 12 12zm-76 84v-40c0-6.6-5.4-12-12-12h-40c-6.6 0-12 5.4-12 12v40c0 6.6 5.4 12 12 12h40c6.6 0 12-5.4 12-12zm76 12h40c6.6 0 12-5.4 12-12v-40c0-6.6-5.4-12-12-12h-40c-6.6 0-12 5.4-12 12v40c0 6.6 5.4 12 12 12zm180 124v36H0v-36c0-6.6 5.4-12 12-12h19.5V24c0-13.3 10.7-24 24-24h337c13.3 0 24 10.7 24 24v440H436c6.6 0 12 5.4 12 12zM79.5 463H192v-67c0-6.6 5.4-12 12-12h40c6.6 0 12 5.4 12 12v67h112.5V49L80 48l-.5 415z\"><\/path><\/svg>\t\t\t\t<\/span>\n\t\t\t<\/div>\n\t\t\t\n\t\t\t\t\t\t<div class=\"elementor-icon-box-content\">\n\n\t\t\t\t\t\t\t\t\t<div class=\"elementor-icon-box-title\">\n\t\t\t\t\t\t<span  >\n\t\t\t\t\t\t\tHizmetlerimiz\t\t\t\t\t\t<\/span>\n\t\t\t\t\t<\/div>\n\t\t\t\t\n\t\t\t\t\t\t\t\t\t<p class=\"elementor-icon-box-description\">\n\t\t\t\t\t\tBat\u0131 Yakas\u0131 Peoria <br\/>\n3450 st. IL 29994\t\t\t\t\t<\/p>\n\t\t\t\t\n\t\t\t<\/div>\n\t\t\t\n\t\t<\/div>\n\t\t\t\t<\/div>\n\t\t\t\t<\/div>\n\t\t\t\t<div class=\"elementor-element elementor-element-522caf8b elementor-view-stacked elementor-shape-square elementor-position-left elementor-mobile-position-left elementor-vertical-align-top elementor-widget elementor-widget-icon-box\" data-id=\"522caf8b\" data-element_type=\"widget\" data-widget_type=\"icon-box.default\">\n\t\t\t\t<div class=\"elementor-widget-container\">\n\t\t\t\t\t<div class=\"elementor-icon-box-wrapper\">\n\n\t\t\t\t\t\t<div class=\"elementor-icon-box-icon\">\n\t\t\t\t<span  class=\"elementor-icon elementor-animation-\">\n\t\t\t\t<svg aria-hidden=\"true\" class=\"e-font-icon-svg e-far-envelope\" viewbox=\"0 0 512 512\" xmlns=\"http:\/\/www.w3.org\/2000\/svg\"><path d=\"M464 64H48C21.49 64 0 85.49 0 112v288c0 26.51 21.49 48 48 48h416c26.51 0 48-21.49 48-48V112c0-26.51-21.49-48-48-48zm0 48v40.805c-22.422 18.259-58.168 46.651-134.587 106.49-16.841 13.247-50.201 45.072-73.413 44.701-23.208.375-56.579-31.459-73.413-44.701C106.18 199.465 70.425 171.067 48 152.805V112h416zM48 400V214.398c22.914 18.251 55.409 43.862 104.938 82.646 21.857 17.205 60.134 55.186 103.062 54.955 42.717.231 80.509-37.199 103.053-54.947 49.528-38.783 82.032-64.401 104.947-82.653V400H48z\"><\/path><\/svg>\t\t\t\t<\/span>\n\t\t\t<\/div>\n\t\t\t\n\t\t\t\t\t\t<div class=\"elementor-icon-box-content\">\n\n\t\t\t\t\t\t\t\t\t<div class=\"elementor-icon-box-title\">\n\t\t\t\t\t\t<span  >\n\t\t\t\t\t\t\tE-posta deste\u011fi\t\t\t\t\t\t<\/span>\n\t\t\t\t\t<\/div>\n\t\t\t\t\n\t\t\t\t\t\t\t\t\t<p class=\"elementor-icon-box-description\">\n\t\t\t\t\t\tsupport@chickensmarket.com\t\t\t\t\t<\/p>\n\t\t\t\t\n\t\t\t<\/div>\n\t\t\t\n\t\t<\/div>\n\t\t\t\t<\/div>\n\t\t\t\t<\/div>\n\t\t\t\t<div class=\"elementor-element elementor-element-4e7dc7ed elementor-view-stacked elementor-shape-square elementor-position-left elementor-mobile-position-left elementor-vertical-align-top elementor-widget elementor-widget-icon-box\" data-id=\"4e7dc7ed\" data-element_type=\"widget\" data-widget_type=\"icon-box.default\">\n\t\t\t\t<div class=\"elementor-widget-container\">\n\t\t\t\t\t<div class=\"elementor-icon-box-wrapper\">\n\n\t\t\t\t\t\t<div class=\"elementor-icon-box-icon\">\n\t\t\t\t<span  class=\"elementor-icon elementor-animation-\">\n\t\t\t\t<i aria-hidden=\"true\" class=\"icon icon-phone-call\"><\/i>\t\t\t\t<\/span>\n\t\t\t<\/div>\n\t\t\t\n\t\t\t\t\t\t<div class=\"elementor-icon-box-content\">\n\n\t\t\t\t\t\t\t\t\t<div class=\"elementor-icon-box-title\">\n\t\t\t\t\t\t<span  >\n\t\t\t\t\t\t\tHadi Konu\u015fal\u0131m\t\t\t\t\t\t<\/span>\n\t\t\t\t\t<\/div>\n\t\t\t\t\n\t\t\t\t\t\t\t\t\t<p class=\"elementor-icon-box-description\">\n\t\t\t\t\t\tWhatsapp: +1 (425) 568-9415\t\t\t\t\t<\/p>\n\t\t\t\t\n\t\t\t<\/div>\n\t\t\t\n\t\t<\/div>\n\t\t\t\t<\/div>\n\t\t\t\t<\/div>\n\t\t\t\t<\/div>\n\t\t<div class=\"elementor-element elementor-element-43dd38b4 e-con-full e-flex elementor-invisible e-con e-child\" data-id=\"43dd38b4\" data-element_type=\"container\" data-settings=\"{&quot;background_background&quot;:&quot;classic&quot;,&quot;animation&quot;:&quot;fadeInRight&quot;}\">\n\t\t\t\t<div class=\"elementor-element elementor-element-6c076d52 elementor-widget elementor-widget-heading\" data-id=\"6c076d52\" data-element_type=\"widget\" data-widget_type=\"heading.default\">\n\t\t\t\t<div class=\"elementor-widget-container\">\n\t\t\t<h2 class=\"elementor-heading-title elementor-size-default\">Bize mesaj g\u00f6nderin\n<\/h2>\t\t<\/div>\n\t\t\t\t<\/div>\n\t\t\t\t<div class=\"elementor-element elementor-element-20b37e00 elementor-widget elementor-widget-heading\" data-id=\"20b37e00\" data-element_type=\"widget\" data-widget_type=\"heading.default\">\n\t\t\t\t<div class=\"elementor-widget-container\">\n\t\t\t<div class=\"elementor-heading-title elementor-size-default\">L\u00fctfen sorular\u0131n\u0131z\u0131, geri bildirimlerinizi veya \u00f6nerilerinizi bize iletmekten \u00e7ekinmeyin.\n<\/div>\t\t<\/div>\n\t\t\t\t<\/div>\n\t\t\t\t<div class=\"elementor-element elementor-element-5baae313 elementor-button-align-stretch elementor-widget elementor-widget-form\" data-id=\"5baae313\" data-element_type=\"widget\" data-settings=\"{&quot;step_next_label&quot;:&quot;Next&quot;,&quot;step_previous_label&quot;:&quot;Previous&quot;,&quot;button_width&quot;:&quot;100&quot;,&quot;step_type&quot;:&quot;number_text&quot;,&quot;step_icon_shape&quot;:&quot;circle&quot;}\" data-widget_type=\"form.default\">\n\t\t\t\t<div class=\"elementor-widget-container\">\n\t\t\t\t\t<form class=\"elementor-form\" method=\"post\" name=\"New Form\" action=\"\">\n\t\t\t<input type=\"hidden\" name=\"post_id\" value=\"73\"\/>\n\t\t\t<input type=\"hidden\" name=\"form_id\" value=\"5baae313\"\/>\n\t\t\t<input type=\"hidden\" name=\"referer_title\" value=\"Contact Chickens Market - Get in Touch\" \/>\n\n\t\t\t\t\t\t\t<input type=\"hidden\" name=\"queried_id\" value=\"73\"\/>\n\t\t\t\n\t\t\t<div class=\"elementor-form-fields-wrapper elementor-labels-above\">\n\t\t\t\t\t\t\t\t<div class=\"elementor-field-type-text elementor-field-group elementor-column elementor-field-group-name elementor-col-50 elementor-field-required\">\n\t\t\t\t\t\t\t\t\t\t\t\t<label for=\"form-field-name\" class=\"elementor-field-label\">\n\t\t\t\t\t\t\t\t\u0130sim\t\t\t\t\t\t\t<\/label>\n\t\t\t\t\t\t\t\t\t\t\t\t\t\t<input size=\"1\" type=\"text\" name=\"form_fields[name]\" id=\"form-field-name\" class=\"elementor-field elementor-size-sm  elementor-field-textual\" placeholder=\"\u0130sim\" required=\"required\" aria-required=\"true\">\n\t\t\t\t\t\t\t\t\t\t\t<\/div>\n\t\t\t\t\t\t\t\t<div class=\"elementor-field-type-text elementor-field-group elementor-column elementor-field-group-field_a156a35 elementor-col-50\">\n\t\t\t\t\t\t\t\t\t\t\t\t<label for=\"form-field-field_a156a35\" class=\"elementor-field-label\">\n\t\t\t\t\t\t\t\t\u015eirket\t\t\t\t\t\t\t<\/label>\n\t\t\t\t\t\t\t\t\t\t\t\t\t\t<input size=\"1\" type=\"text\" name=\"form_fields[field_a156a35]\" id=\"form-field-field_a156a35\" class=\"elementor-field elementor-size-sm  elementor-field-textual\" placeholder=\"\u015eirket\">\n\t\t\t\t\t\t\t\t\t\t\t<\/div>\n\t\t\t\t\t\t\t\t<div class=\"elementor-field-type-tel elementor-field-group elementor-column elementor-field-group-email elementor-col-50 elementor-field-required\">\n\t\t\t\t\t\t\t\t\t\t\t\t<label for=\"form-field-email\" class=\"elementor-field-label\">\n\t\t\t\t\t\t\t\tTelefon\t\t\t\t\t\t\t<\/label>\n\t\t\t\t\t\t\t\t<input size=\"1\" type=\"tel\" name=\"form_fields[email]\" id=\"form-field-email\" class=\"elementor-field elementor-size-sm  elementor-field-textual\" placeholder=\"Telefon\" required=\"required\" aria-required=\"true\" pattern=\"[0-9()#&amp;+*-=.]+\" title=\"Only numbers and phone characters (#, -, *, etc) are accepted.\" data-no-translation-title=\"\">\n\n\t\t\t\t\t\t<\/div>\n\t\t\t\t\t\t\t\t<div class=\"elementor-field-type-email elementor-field-group elementor-column elementor-field-group-field_2b743e7 elementor-col-50 elementor-field-required\">\n\t\t\t\t\t\t\t\t\t\t\t\t<label for=\"form-field-field_2b743e7\" class=\"elementor-field-label\">\n\t\t\t\t\t\t\t\tE-posta\t\t\t\t\t\t\t<\/label>\n\t\t\t\t\t\t\t\t\t\t\t\t\t\t<input size=\"1\" type=\"email\" name=\"form_fields[field_2b743e7]\" id=\"form-field-field_2b743e7\" class=\"elementor-field elementor-size-sm  elementor-field-textual\" placeholder=\"E-posta\" required=\"required\" aria-required=\"true\">\n\t\t\t\t\t\t\t\t\t\t\t<\/div>\n\t\t\t\t\t\t\t\t<div class=\"elementor-field-type-text elementor-field-group elementor-column elementor-field-group-field_b1026ac elementor-col-100 elementor-field-required\">\n\t\t\t\t\t\t\t\t\t\t\t\t<label for=\"form-field-field_b1026ac\" class=\"elementor-field-label\">\n\t\t\t\t\t\t\t\tKonu\t\t\t\t\t\t\t<\/label>\n\t\t\t\t\t\t\t\t\t\t\t\t\t\t<input size=\"1\" type=\"text\" name=\"form_fields[field_b1026ac]\" id=\"form-field-field_b1026ac\" class=\"elementor-field elementor-size-sm  elementor-field-textual\" placeholder=\"Konu\" required=\"required\" aria-required=\"true\">\n\t\t\t\t\t\t\t\t\t\t\t<\/div>\n\t\t\t\t\t\t\t\t<div class=\"elementor-field-type-textarea elementor-field-group elementor-column elementor-field-group-message elementor-col-100\">\n\t\t\t\t\t\t\t\t\t\t\t\t<label for=\"form-field-message\" class=\"elementor-field-label\">\n\t\t\t\t\t\t\t\tMesaj\t\t\t\t\t\t\t<\/label>\n\t\t\t\t\t\t<textarea class=\"elementor-field-textual elementor-field  elementor-size-sm\" name=\"form_fields[message]\" id=\"form-field-message\" rows=\"4\" placeholder=\"Mesaj\"><\/textarea>\t\t\t\t<\/div>\n\t\t\t\t\t\t\t\t<div class=\"elementor-field-group elementor-column elementor-field-type-submit elementor-col-100 e-form__buttons\">\n\t\t\t\t\t<button class=\"elementor-button elementor-size-sm\" type=\"submit\">\n\t\t\t\t\t\t<span class=\"elementor-button-content-wrapper\">\n\t\t\t\t\t\t\t\t\t\t\t\t\t\t\t<span class=\"elementor-button-icon\">\n\t\t\t\t\t\t\t\t\t<i aria-hidden=\"true\" class=\"mdi mdi-email\"><\/i>\t\t\t\t\t\t\t\t\t\t\t\t\t\t\t\t\t<\/span>\n\t\t\t\t\t\t\t\t\t\t\t\t\t\t\t\t\t\t\t\t\t\t<span class=\"elementor-button-text\">Mesaj G\u00f6nder<\/span>\n\t\t\t\t\t\t\t\t\t\t\t\t\t<\/span>\n\t\t\t\t\t<\/button>\n\t\t\t\t<\/div>\n\t\t\t<\/div>\n\t\t<input type=\"hidden\" name=\"trp-form-language\" value=\"tr\"\/><\/form>\n\t\t\t\t<\/div>\n\t\t\t\t<\/div>\n\t\t\t\t<div class=\"elementor-element elementor-element-5f235988 elementor-absolute elementor-hidden-mobile elementor-widget elementor-widget-image\" data-id=\"5f235988\" data-element_type=\"widget\" data-settings=\"{&quot;_position&quot;:&quot;absolute&quot;}\" data-widget_type=\"image.default\">\n\t\t\t\t<div class=\"elementor-widget-container\">\n\t\t\t\t\t\t\t\t\t\t\t\t\t<img decoding=\"async\" src=\"https:\/\/chickensmarket.com\/wp-content\/uploads\/elementor\/thumbs\/chiken_n3-qtmvv6ct30s49xz30b33ueqvbeyajz3c45e2wgw1kw.png\" title=\"chiken_n3\" alt=\"chiken_n3\" loading=\"lazy\" \/>\t\t\t\t\t\t\t\t\t\t\t\t\t<\/div>\n\t\t\t\t<\/div>\n\t\t\t\t<\/div>\n\t\t\t\t\t<\/div>\n\t\t\t\t<\/div>\n\t\t<div class=\"elementor-element elementor-element-4cae9ff2 e-con-full e-flex elementor-invisible e-con e-parent\" data-id=\"4cae9ff2\" data-element_type=\"container\" data-settings=\"{&quot;animation&quot;:&quot;fadeIn&quot;,&quot;animation_delay&quot;:200}\">\n\t\t\t\t<div class=\"elementor-element elementor-element-24dfa2ea elementor-widget elementor-widget-google_maps\" data-id=\"24dfa2ea\" data-element_type=\"widget\" data-widget_type=\"google_maps.default\">\n\t\t\t\t<div class=\"elementor-widget-container\">\n\t\t\t\t\t<div class=\"elementor-custom-embed\">\n\t\t\t<iframe loading=\"lazy\"\n\t\t\t\t\tsrc=\"https:\/\/maps.google.com\/maps?q=London%20Eye%2C%20London%2C%20United%20Kingdom&#038;t=m&#038;z=14&#038;output=embed&#038;iwloc=near\"\n\t\t\t\t\ttitle=\"London Eye, Londra, Birle\u015fik Krall\u0131k\"\n\t\t\t\t\taria-label=\"London Eye, Londra, Birle\u015fik Krall\u0131k\"\n\t\t\t><\/iframe>\n\t\t<\/div>\n\t\t\t\t<\/div>\n\t\t\t\t<\/div>\n\t\t\t\t<\/div>\n\t\t\t\t<\/div>","protected":false},"excerpt":{"rendered":"<p>Start the conversation to established good relationship and business. Get in touch Seamless Communication, Global Impact. Reach out to us, and we\u2019ll ensure a detailed response within 24 hours. Our services West-side Peoria 3450 st. IL 29994 Email support support@chickensmarket.com Let&#8217;s Talk Whatsapp: +1 (425) 568-9415 Send us a message Please feel free to send [&hellip;]<\/p>","protected":false},"author":1,"featured_media":0,"parent":0,"menu_order":0,"comment_status":"closed","ping_status":"closed","template":"elementor_header_footer","meta":{"_joinchat":[],"footnotes":""},"class_list":["post-73","page","type-page","status-publish","hentry"],"yoast_head":"<!-- This site is optimized with the Yoast SEO plugin v25.6 - https:\/\/yoast.com\/wordpress\/plugins\/seo\/ -->\n<title>Contact Chickens Market - Get in Touch<\/title>\n<meta name=\"description\" content=\"Contact Chickens Market for inquiries or support. We&#039;re here to help with your chicken and egg needs 24\/7.\" \/>\n<meta name=\"robots\" content=\"index, follow, max-snippet:-1, max-image-preview:large, max-video-preview:-1\" \/>\n<link rel=\"canonical\" href=\"https:\/\/chickensmarket.com\/tr\/contact-us\/\" \/>\n<meta property=\"og:locale\" content=\"tr_TR\" \/>\n<meta property=\"og:type\" content=\"article\" \/>\n<meta property=\"og:title\" content=\"Contact Chickens Market - Get in Touch\" \/>\n<meta property=\"og:description\" content=\"Contact Chickens Market for inquiries or support. We&#039;re here to help with your chicken and egg needs 24\/7.\" \/>\n<meta property=\"og:url\" content=\"https:\/\/chickensmarket.com\/tr\/contact-us\/\" \/>\n<meta property=\"og:site_name\" content=\"Chickens Market\" \/>\n<meta property=\"article:modified_time\" content=\"2025-01-10T06:34:19+00:00\" \/>\n<meta property=\"og:image\" content=\"https:\/\/chickensmarket.com\/wp-content\/uploads\/elementor\/thumbs\/chiken_n3-qtmvv6ct30s49xz30b33ueqvbeyajz3c45e2wgw1kw.png\" \/>\n<meta name=\"twitter:card\" content=\"summary_large_image\" \/>\n<meta name=\"twitter:label1\" content=\"Tahmini okuma s\u00fcresi\" \/>\n\t<meta name=\"twitter:data1\" content=\"1 dakika\" \/>\n<script type=\"application\/ld+json\" class=\"yoast-schema-graph\">{\"@context\":\"https:\/\/schema.org\",\"@graph\":[{\"@type\":\"WebPage\",\"@id\":\"https:\/\/chickensmarket.com\/contact-us\/\",\"url\":\"https:\/\/chickensmarket.com\/contact-us\/\",\"name\":\"Contact Chickens Market - Get in Touch\",\"isPartOf\":{\"@id\":\"https:\/\/chickensmarket.com\/#website\"},\"primaryImageOfPage\":{\"@id\":\"https:\/\/chickensmarket.com\/contact-us\/#primaryimage\"},\"image\":{\"@id\":\"https:\/\/chickensmarket.com\/contact-us\/#primaryimage\"},\"thumbnailUrl\":\"https:\/\/chickensmarket.com\/wp-content\/uploads\/elementor\/thumbs\/chiken_n3-qtmvv6ct30s49xz30b33ueqvbeyajz3c45e2wgw1kw.png\",\"datePublished\":\"2024-08-29T23:46:46+00:00\",\"dateModified\":\"2025-01-10T06:34:19+00:00\",\"description\":\"Contact Chickens Market for inquiries or support. We're here to help with your chicken and egg needs 24\/7.\",\"breadcrumb\":{\"@id\":\"https:\/\/chickensmarket.com\/contact-us\/#breadcrumb\"},\"inLanguage\":\"tr\",\"potentialAction\":[{\"@type\":\"ReadAction\",\"target\":[\"https:\/\/chickensmarket.com\/contact-us\/\"]}]},{\"@type\":\"ImageObject\",\"inLanguage\":\"tr\",\"@id\":\"https:\/\/chickensmarket.com\/contact-us\/#primaryimage\",\"url\":\"https:\/\/chickensmarket.com\/wp-content\/uploads\/elementor\/thumbs\/chiken_n3-qtmvv6ct30s49xz30b33ueqvbeyajz3c45e2wgw1kw.png\",\"contentUrl\":\"https:\/\/chickensmarket.com\/wp-content\/uploads\/elementor\/thumbs\/chiken_n3-qtmvv6ct30s49xz30b33ueqvbeyajz3c45e2wgw1kw.png\"},{\"@type\":\"BreadcrumbList\",\"@id\":\"https:\/\/chickensmarket.com\/contact-us\/#breadcrumb\",\"itemListElement\":[{\"@type\":\"ListItem\",\"position\":1,\"name\":\"Home\",\"item\":\"https:\/\/chickensmarket.com\/\"},{\"@type\":\"ListItem\",\"position\":2,\"name\":\"Contact Us\"}]},{\"@type\":\"WebSite\",\"@id\":\"https:\/\/chickensmarket.com\/#website\",\"url\":\"https:\/\/chickensmarket.com\/\",\"name\":\"Chickens Market\",\"description\":\"Premium Frozen Chicken &amp; Eggs\",\"publisher\":{\"@id\":\"https:\/\/chickensmarket.com\/#organization\"},\"potentialAction\":[{\"@type\":\"SearchAction\",\"target\":{\"@type\":\"EntryPoint\",\"urlTemplate\":\"https:\/\/chickensmarket.com\/?s={search_term_string}\"},\"query-input\":{\"@type\":\"PropertyValueSpecification\",\"valueRequired\":true,\"valueName\":\"search_term_string\"}}],\"inLanguage\":\"tr\"},{\"@type\":\"Organization\",\"@id\":\"https:\/\/chickensmarket.com\/#organization\",\"name\":\"Chickens Market\",\"url\":\"https:\/\/chickensmarket.com\/\",\"logo\":{\"@type\":\"ImageObject\",\"inLanguage\":\"tr\",\"@id\":\"https:\/\/chickensmarket.com\/#\/schema\/logo\/image\/\",\"url\":\"https:\/\/chickensmarket.com\/wp-content\/uploads\/2024\/08\/chickens-market-2.png\",\"contentUrl\":\"https:\/\/chickensmarket.com\/wp-content\/uploads\/2024\/08\/chickens-market-2.png\",\"width\":508,\"height\":352,\"caption\":\"Chickens Market\"},\"image\":{\"@id\":\"https:\/\/chickensmarket.com\/#\/schema\/logo\/image\/\"}}]}<\/script>\n<!-- \/ Yoast SEO plugin. -->","yoast_head_json":{"title":"Chickens Market ile \u0130leti\u015fime Ge\u00e7in - \u0130leti\u015fime Ge\u00e7in","description":"Sorular\u0131n\u0131z veya destek i\u00e7in Chickens Market ile ileti\u015fime ge\u00e7in. Tavuk ve yumurta ihtiya\u00e7lar\u0131n\u0131za 7\/24 yard\u0131mc\u0131 olmak i\u00e7in buraday\u0131z.","robots":{"index":"index","follow":"follow","max-snippet":"max-snippet:-1","max-image-preview":"max-image-preview:large","max-video-preview":"max-video-preview:-1"},"canonical":"https:\/\/chickensmarket.com\/tr\/contact-us\/","og_locale":"tr_TR","og_type":"article","og_title":"Contact Chickens Market - Get in Touch","og_description":"Contact Chickens Market for inquiries or support. We're here to help with your chicken and egg needs 24\/7.","og_url":"https:\/\/chickensmarket.com\/tr\/contact-us\/","og_site_name":"Chickens Market","article_modified_time":"2025-01-10T06:34:19+00:00","og_image":[{"url":"https:\/\/chickensmarket.com\/wp-content\/uploads\/elementor\/thumbs\/chiken_n3-qtmvv6ct30s49xz30b33ueqvbeyajz3c45e2wgw1kw.png","type":"","width":"","height":""}],"twitter_card":"summary_large_image","twitter_misc":{"Tahmini okuma s\u00fcresi":"1 dakika"},"schema":{"@context":"https:\/\/schema.org","@graph":[{"@type":"WebPage","@id":"https:\/\/chickensmarket.com\/contact-us\/","url":"https:\/\/chickensmarket.com\/contact-us\/","name":"Chickens Market ile \u0130leti\u015fime Ge\u00e7in - \u0130leti\u015fime Ge\u00e7in","isPartOf":{"@id":"https:\/\/chickensmarket.com\/#website"},"primaryImageOfPage":{"@id":"https:\/\/chickensmarket.com\/contact-us\/#primaryimage"},"image":{"@id":"https:\/\/chickensmarket.com\/contact-us\/#primaryimage"},"thumbnailUrl":"https:\/\/chickensmarket.com\/wp-content\/uploads\/elementor\/thumbs\/chiken_n3-qtmvv6ct30s49xz30b33ueqvbeyajz3c45e2wgw1kw.png","datePublished":"2024-08-29T23:46:46+00:00","dateModified":"2025-01-10T06:34:19+00:00","description":"Sorular\u0131n\u0131z veya destek i\u00e7in Chickens Market ile ileti\u015fime ge\u00e7in. Tavuk ve yumurta ihtiya\u00e7lar\u0131n\u0131za 7\/24 yard\u0131mc\u0131 olmak i\u00e7in buraday\u0131z.","breadcrumb":{"@id":"https:\/\/chickensmarket.com\/contact-us\/#breadcrumb"},"inLanguage":"tr","potentialAction":[{"@type":"ReadAction","target":["https:\/\/chickensmarket.com\/contact-us\/"]}]},{"@type":"ImageObject","inLanguage":"tr","@id":"https:\/\/chickensmarket.com\/contact-us\/#primaryimage","url":"https:\/\/chickensmarket.com\/wp-content\/uploads\/elementor\/thumbs\/chiken_n3-qtmvv6ct30s49xz30b33ueqvbeyajz3c45e2wgw1kw.png","contentUrl":"https:\/\/chickensmarket.com\/wp-content\/uploads\/elementor\/thumbs\/chiken_n3-qtmvv6ct30s49xz30b33ueqvbeyajz3c45e2wgw1kw.png"},{"@type":"BreadcrumbList","@id":"https:\/\/chickensmarket.com\/contact-us\/#breadcrumb","itemListElement":[{"@type":"ListItem","position":1,"name":"Home","item":"https:\/\/chickensmarket.com\/"},{"@type":"ListItem","position":2,"name":"Contact Us"}]},{"@type":"WebSite","@id":"https:\/\/chickensmarket.com\/#website","url":"https:\/\/chickensmarket.com\/","name":"Tavuk Pazar\u0131","description":"Premium Dondurulmu\u015f Tavuk ve Yumurta","publisher":{"@id":"https:\/\/chickensmarket.com\/#organization"},"potentialAction":[{"@type":"SearchAction","target":{"@type":"EntryPoint","urlTemplate":"https:\/\/chickensmarket.com\/?s={search_term_string}"},"query-input":{"@type":"PropertyValueSpecification","valueRequired":true,"valueName":"search_term_string"}}],"inLanguage":"tr"},{"@type":"Organization","@id":"https:\/\/chickensmarket.com\/#organization","name":"Tavuk Pazar\u0131","url":"https:\/\/chickensmarket.com\/","logo":{"@type":"ImageObject","inLanguage":"tr","@id":"https:\/\/chickensmarket.com\/#\/schema\/logo\/image\/","url":"https:\/\/chickensmarket.com\/wp-content\/uploads\/2024\/08\/chickens-market-2.png","contentUrl":"https:\/\/chickensmarket.com\/wp-content\/uploads\/2024\/08\/chickens-market-2.png","width":508,"height":352,"caption":"Chickens Market"},"image":{"@id":"https:\/\/chickensmarket.com\/#\/schema\/logo\/image\/"}}]}},"_links":{"self":[{"href":"https:\/\/chickensmarket.com\/tr\/wp-json\/wp\/v2\/pages\/73","targetHints":{"allow":["GET"]}}],"collection":[{"href":"https:\/\/chickensmarket.com\/tr\/wp-json\/wp\/v2\/pages"}],"about":[{"href":"https:\/\/chickensmarket.com\/tr\/wp-json\/wp\/v2\/types\/page"}],"author":[{"embeddable":true,"href":"https:\/\/chickensmarket.com\/tr\/wp-json\/wp\/v2\/users\/1"}],"replies":[{"embeddable":true,"href":"https:\/\/chickensmarket.com\/tr\/wp-json\/wp\/v2\/comments?post=73"}],"version-history":[{"count":0,"href":"https:\/\/chickensmarket.com\/tr\/wp-json\/wp\/v2\/pages\/73\/revisions"}],"wp:attachment":[{"href":"https:\/\/chickensmarket.com\/tr\/wp-json\/wp\/v2\/media?parent=73"}],"curies":[{"name":"wp","href":"https:\/\/api.w.org\/{rel}","templated":true}]}}