{"id":279,"date":"2024-09-03T05:45:52","date_gmt":"2024-09-03T05:45:52","guid":{"rendered":"https:\/\/client.polando8.com\/?page_id=279"},"modified":"2024-09-03T06:27:42","modified_gmt":"2024-09-03T06:27:42","slug":"frozen-chicken-leg-quarter","status":"publish","type":"page","link":"https:\/\/chickensmarket.com\/tr\/frozen-chicken-leg-quarter\/","title":{"rendered":"Dondurulmu\u015f Tavuk Budu \u00c7eyrek"},"content":{"rendered":"<div data-elementor-type=\"wp-page\" data-elementor-id=\"279\" class=\"elementor elementor-279\" data-elementor-post-type=\"page\">\n\t\t\t\t<div class=\"elementor-element elementor-element-fc8a83b e-flex e-con-boxed e-con e-parent\" data-id=\"fc8a83b\" data-element_type=\"container\" data-settings=\"{&quot;background_background&quot;:&quot;classic&quot;}\">\n\t\t\t\t\t<div class=\"e-con-inner\">\n\t\t<div class=\"elementor-element elementor-element-1b5bd0e e-flex e-con-boxed e-con e-child\" data-id=\"1b5bd0e\" data-element_type=\"container\">\n\t\t\t\t\t<div class=\"e-con-inner\">\n\t\t\t\t<div class=\"elementor-element elementor-element-0927c1b elementor-invisible elementor-widget elementor-widget-heading\" data-id=\"0927c1b\" data-element_type=\"widget\" data-settings=\"{&quot;_animation&quot;:&quot;fadeInUp&quot;,&quot;_animation_delay&quot;:200}\" data-widget_type=\"heading.default\">\n\t\t\t\t<div class=\"elementor-widget-container\">\n\t\t\t<h1 class=\"elementor-heading-title elementor-size-default\">Dondurulmu\u015f Tavuk Budu \u00c7eyrek <\/h1>\t\t<\/div>\n\t\t\t\t<\/div>\n\t\t\t\t\t<\/div>\n\t\t\t\t<\/div>\n\t\t\t\t\t<\/div>\n\t\t\t\t<\/div>\n\t\t<div class=\"elementor-element elementor-element-38ee8fa e-flex e-con-boxed e-con e-parent\" data-id=\"38ee8fa\" data-element_type=\"container\">\n\t\t\t\t\t<div class=\"e-con-inner\">\n\t\t<div class=\"elementor-element elementor-element-5406171 e-con-full e-flex e-con e-child\" data-id=\"5406171\" data-element_type=\"container\">\n\t\t<div class=\"elementor-element elementor-element-2db7d48 e-con-full e-flex e-con e-child\" data-id=\"2db7d48\" data-element_type=\"container\">\n\t\t\t\t<div class=\"elementor-element elementor-element-e3152f3 elementor-widget elementor-widget-image\" data-id=\"e3152f3\" data-element_type=\"widget\" data-widget_type=\"image.default\">\n\t\t\t\t<div class=\"elementor-widget-container\">\n\t\t\t\t\t\t\t\t\t\t\t\t\t<img fetchpriority=\"high\" decoding=\"async\" width=\"500\" height=\"500\" src=\"https:\/\/chickensmarket.com\/wp-content\/uploads\/2024\/09\/1.png\" class=\"attachment-large size-large wp-image-280\" alt=\"Dondurulmu\u015f Tavuk Budu \u00c7eyrek\" srcset=\"https:\/\/chickensmarket.com\/wp-content\/uploads\/2024\/09\/1.png 500w, https:\/\/chickensmarket.com\/wp-content\/uploads\/2024\/09\/1-300x300.png 300w, https:\/\/chickensmarket.com\/wp-content\/uploads\/2024\/09\/1-150x150.png 150w, https:\/\/chickensmarket.com\/wp-content\/uploads\/2024\/09\/1-100x100.png 100w\" sizes=\"(max-width: 500px) 100vw, 500px\" \/>\t\t\t\t\t\t\t\t\t\t\t\t\t<\/div>\n\t\t\t\t<\/div>\n\t\t\t\t<div class=\"elementor-element elementor-element-8a5d248 elementor-widget elementor-widget-image\" data-id=\"8a5d248\" data-element_type=\"widget\" data-widget_type=\"image.default\">\n\t\t\t\t<div class=\"elementor-widget-container\">\n\t\t\t\t\t\t\t\t\t\t\t\t\t<img decoding=\"async\" width=\"500\" height=\"500\" src=\"https:\/\/chickensmarket.com\/wp-content\/uploads\/2024\/09\/2.png\" class=\"attachment-large size-large wp-image-282\" alt=\"Dondurulmu\u015f Tavuk Budu \u00c7eyrek\" srcset=\"https:\/\/chickensmarket.com\/wp-content\/uploads\/2024\/09\/2.png 500w, https:\/\/chickensmarket.com\/wp-content\/uploads\/2024\/09\/2-300x300.png 300w, https:\/\/chickensmarket.com\/wp-content\/uploads\/2024\/09\/2-150x150.png 150w, https:\/\/chickensmarket.com\/wp-content\/uploads\/2024\/09\/2-100x100.png 100w\" sizes=\"(max-width: 500px) 100vw, 500px\" \/>\t\t\t\t\t\t\t\t\t\t\t\t\t<\/div>\n\t\t\t\t<\/div>\n\t\t\t\t<\/div>\n\t\t\t\t<div class=\"elementor-element elementor-element-eb073d0 elementor-widget elementor-widget-text-editor\" data-id=\"eb073d0\" data-element_type=\"widget\" data-widget_type=\"text-editor.default\">\n\t\t\t\t<div class=\"elementor-widget-container\">\n\t\t\t\t\t\t\t<p>A S\u0131n\u0131f\u0131 Dondurulmu\u015f Tavuk Baca\u011f\u0131 \u00c7eyreklerinin lider tedarik\u00e7isi ve ihracat\u00e7\u0131s\u0131y\u0131z. Kapsaml\u0131 kalite sistemimiz, \u00fcr\u00fcnlerimizin Brezilya, ABD, \u00c7in ve Avrupa'n\u0131n kat\u0131 g\u0131da g\u00fcvenli\u011fi gereksinimlerini ve \u00e7e\u015fitli \u00fc\u00e7\u00fcnc\u00fc taraf sertifikalar\u0131n\u0131 kar\u015f\u0131lamas\u0131n\u0131 sa\u011flar. \u00dcretim s\u00fcrecimizin her alan\u0131nda \u0130yi \u00dcretim Uygulamalar\u0131, G\u0131da G\u00fcvenli\u011fi ve \u00dcr\u00fcn Kalitesine \u00f6ncelik veriyoruz.<\/p><p>\u00a0<\/p><p><strong>\u00d6zellikler:<\/strong><\/p><ul><li>A S\u0131n\u0131f\u0131 \u0130\u015flenmi\u015f Dondurulmu\u015f Tavuk Budu<\/li><li>Beyaz deri, k\u0131r\u0131k kemik yok, d\u0131\u015f sar\u0131 deri \u00e7\u0131kar\u0131lm\u0131\u015f<\/li><li>\u00c7\u00fcr\u00fck, siyah ped veya amonyak yan\u0131\u011f\u0131 yok<\/li><li>K\u00f6t\u00fc koku veya a\u015f\u0131r\u0131 kan lekesi yok<\/li><li>Nem i\u00e7eri\u011fi 3%'den az, fazla su yok<\/li><li>\u0130yi temizlenmi\u015f ve taze<\/li><\/ul><div>\u00a0<\/div><p><strong>Kalite Kontrol\u00fc:<\/strong><\/p><ul><li>Helal Onayl\u0131<\/li><li>Sevkiyat \u00f6ncesi SGS Denetimi<\/li><li>SIF Onayl\u0131<\/li><li>Brezilya G\u0131da Denetimi<\/li><\/ul><div>\u00a0<\/div><p><strong>K\u00fcresel Nakliye:<\/strong> ABD, Avrupa, \u00c7in, Hong Kong, Suudi Arabistan, Japonya, Meksika, Malezya, BAE ve d\u00fcnyan\u0131n di\u011fer bir\u00e7ok \u00fclkesine ihracat yap\u0131yoruz.<\/p>\t\t\t\t\t\t<\/div>\n\t\t\t\t<\/div>\n\t\t\t\t<div class=\"elementor-element elementor-element-5e5eb27 elementor-align-center elementor-widget elementor-widget-button\" data-id=\"5e5eb27\" data-element_type=\"widget\" data-widget_type=\"button.default\">\n\t\t\t\t<div class=\"elementor-widget-container\">\n\t\t\t\t\t<div class=\"elementor-button-wrapper\">\n\t\t\t<a class=\"elementor-button elementor-button-link elementor-size-sm\" href=\"https:\/\/chickensmarket.com\/tr\/contact-us\/\">\n\t\t\t\t\t\t<span class=\"elementor-button-content-wrapper\">\n\t\t\t\t\t\t\t\t\t<span class=\"elementor-button-text\">Bize Ula\u015f\u0131n <\/span>\n\t\t\t\t\t<\/span>\n\t\t\t\t\t<\/a>\n\t\t<\/div>\n\t\t\t\t<\/div>\n\t\t\t\t<\/div>\n\t\t\t\t<div class=\"elementor-element elementor-element-e20d2aa elementor-widget elementor-widget-image\" data-id=\"e20d2aa\" data-element_type=\"widget\" data-widget_type=\"image.default\">\n\t\t\t\t<div class=\"elementor-widget-container\">\n\t\t\t\t\t\t\t\t\t\t\t\t\t<img decoding=\"async\" width=\"500\" height=\"95\" src=\"https:\/\/chickensmarket.com\/wp-content\/uploads\/2024\/08\/safe_brand.png\" class=\"attachment-large size-large wp-image-263\" alt=\"\" srcset=\"https:\/\/chickensmarket.com\/wp-content\/uploads\/2024\/08\/safe_brand.png 500w, https:\/\/chickensmarket.com\/wp-content\/uploads\/2024\/08\/safe_brand-300x57.png 300w\" sizes=\"(max-width: 500px) 100vw, 500px\" \/>\t\t\t\t\t\t\t\t\t\t\t\t\t<\/div>\n\t\t\t\t<\/div>\n\t\t<div class=\"elementor-element elementor-element-4bba37e e-flex e-con-boxed e-con e-child\" data-id=\"4bba37e\" data-element_type=\"container\">\n\t\t\t\t\t<div class=\"e-con-inner\">\n\t\t\t\t<div class=\"elementor-element elementor-element-35f0a33 elementor-widget elementor-widget-heading\" data-id=\"35f0a33\" data-element_type=\"widget\" data-widget_type=\"heading.default\">\n\t\t\t\t<div class=\"elementor-widget-container\">\n\t\t\t<h5 class=\"elementor-heading-title elementor-size-default\">Payla\u015f\u0131n : <\/h5>\t\t<\/div>\n\t\t\t\t<\/div>\n\t\t\t\t<div class=\"elementor-element elementor-element-9392dbd elementor-share-buttons--view-icon elementor-share-buttons--skin-flat elementor-share-buttons--shape-square elementor-grid-0 elementor-share-buttons--color-official elementor-widget elementor-widget-share-buttons\" data-id=\"9392dbd\" data-element_type=\"widget\" data-widget_type=\"share-buttons.default\">\n\t\t\t\t<div class=\"elementor-widget-container\">\n\t\t\t\t\t<div class=\"elementor-grid\">\n\t\t\t\t\t\t\t\t<div class=\"elementor-grid-item\">\n\t\t\t\t\t\t<div\n\t\t\t\t\t\t\tclass=\"elementor-share-btn elementor-share-btn_facebook\"\n\t\t\t\t\t\t\trole=\"button\"\n\t\t\t\t\t\t\ttabindex=\"0\"\n\t\t\t\t\t\t\taria-label=\"Share on facebook\" data-no-translation-aria-label=\"\"\n\t\t\t\t\t\t>\n\t\t\t\t\t\t\t\t\t\t\t\t\t\t\t<span class=\"elementor-share-btn__icon\">\n\t\t\t\t\t\t\t\t<svg class=\"e-font-icon-svg e-fab-facebook\" viewbox=\"0 0 512 512\" xmlns=\"http:\/\/www.w3.org\/2000\/svg\"><path d=\"M504 256C504 119 393 8 256 8S8 119 8 256c0 123.78 90.69 226.38 209.25 245V327.69h-63V256h63v-54.64c0-62.15 37-96.48 93.67-96.48 27.14 0 55.52 4.84 55.52 4.84v61h-31.28c-30.8 0-40.41 19.12-40.41 38.73V256h68.78l-11 71.69h-57.78V501C413.31 482.38 504 379.78 504 256z\"><\/path><\/svg>\t\t\t\t\t\t\t<\/span>\n\t\t\t\t\t\t\t\t\t\t\t\t\t\t\t\t\t\t\t\t<\/div>\n\t\t\t\t\t<\/div>\n\t\t\t\t\t\t\t\t\t<div class=\"elementor-grid-item\">\n\t\t\t\t\t\t<div\n\t\t\t\t\t\t\tclass=\"elementor-share-btn elementor-share-btn_twitter\"\n\t\t\t\t\t\t\trole=\"button\"\n\t\t\t\t\t\t\ttabindex=\"0\"\n\t\t\t\t\t\t\taria-label=\"Share on twitter\" data-no-translation-aria-label=\"\"\n\t\t\t\t\t\t>\n\t\t\t\t\t\t\t\t\t\t\t\t\t\t\t<span class=\"elementor-share-btn__icon\">\n\t\t\t\t\t\t\t\t<svg class=\"e-font-icon-svg e-fab-twitter\" viewbox=\"0 0 512 512\" xmlns=\"http:\/\/www.w3.org\/2000\/svg\"><path d=\"M459.37 151.716c.325 4.548.325 9.097.325 13.645 0 138.72-105.583 298.558-298.558 298.558-59.452 0-114.68-17.219-161.137-47.106 8.447.974 16.568 1.299 25.34 1.299 49.055 0 94.213-16.568 130.274-44.832-46.132-.975-84.792-31.188-98.112-72.772 6.498.974 12.995 1.624 19.818 1.624 9.421 0 18.843-1.3 27.614-3.573-48.081-9.747-84.143-51.98-84.143-102.985v-1.299c13.969 7.797 30.214 12.67 47.431 13.319-28.264-18.843-46.781-51.005-46.781-87.391 0-19.492 5.197-37.36 14.294-52.954 51.655 63.675 129.3 105.258 216.365 109.807-1.624-7.797-2.599-15.918-2.599-24.04 0-57.828 46.782-104.934 104.934-104.934 30.213 0 57.502 12.67 76.67 33.137 23.715-4.548 46.456-13.32 66.599-25.34-7.798 24.366-24.366 44.833-46.132 57.827 21.117-2.273 41.584-8.122 60.426-16.243-14.292 20.791-32.161 39.308-52.628 54.253z\"><\/path><\/svg>\t\t\t\t\t\t\t<\/span>\n\t\t\t\t\t\t\t\t\t\t\t\t\t\t\t\t\t\t\t\t<\/div>\n\t\t\t\t\t<\/div>\n\t\t\t\t\t\t\t\t\t<div class=\"elementor-grid-item\">\n\t\t\t\t\t\t<div\n\t\t\t\t\t\t\tclass=\"elementor-share-btn elementor-share-btn_linkedin\"\n\t\t\t\t\t\t\trole=\"button\"\n\t\t\t\t\t\t\ttabindex=\"0\"\n\t\t\t\t\t\t\taria-label=\"Share on linkedin\" data-no-translation-aria-label=\"\"\n\t\t\t\t\t\t>\n\t\t\t\t\t\t\t\t\t\t\t\t\t\t\t<span class=\"elementor-share-btn__icon\">\n\t\t\t\t\t\t\t\t<svg class=\"e-font-icon-svg e-fab-linkedin\" viewbox=\"0 0 448 512\" xmlns=\"http:\/\/www.w3.org\/2000\/svg\"><path d=\"M416 32H31.9C14.3 32 0 46.5 0 64.3v383.4C0 465.5 14.3 480 31.9 480H416c17.6 0 32-14.5 32-32.3V64.3c0-17.8-14.4-32.3-32-32.3zM135.4 416H69V202.2h66.5V416zm-33.2-243c-21.3 0-38.5-17.3-38.5-38.5S80.9 96 102.2 96c21.2 0 38.5 17.3 38.5 38.5 0 21.3-17.2 38.5-38.5 38.5zm282.1 243h-66.4V312c0-24.8-.5-56.7-34.5-56.7-34.6 0-39.9 27-39.9 54.9V416h-66.4V202.2h63.7v29.2h.9c8.9-16.8 30.6-34.5 62.9-34.5 67.2 0 79.7 44.3 79.7 101.9V416z\"><\/path><\/svg>\t\t\t\t\t\t\t<\/span>\n\t\t\t\t\t\t\t\t\t\t\t\t\t\t\t\t\t\t\t\t<\/div>\n\t\t\t\t\t<\/div>\n\t\t\t\t\t\t\t\t\t<div class=\"elementor-grid-item\">\n\t\t\t\t\t\t<div\n\t\t\t\t\t\t\tclass=\"elementor-share-btn elementor-share-btn_whatsapp\"\n\t\t\t\t\t\t\trole=\"button\"\n\t\t\t\t\t\t\ttabindex=\"0\"\n\t\t\t\t\t\t\taria-label=\"Share on whatsapp\" data-no-translation-aria-label=\"\"\n\t\t\t\t\t\t>\n\t\t\t\t\t\t\t\t\t\t\t\t\t\t\t<span class=\"elementor-share-btn__icon\">\n\t\t\t\t\t\t\t\t<svg class=\"e-font-icon-svg e-fab-whatsapp\" viewbox=\"0 0 448 512\" xmlns=\"http:\/\/www.w3.org\/2000\/svg\"><path d=\"M380.9 97.1C339 55.1 283.2 32 223.9 32c-122.4 0-222 99.6-222 222 0 39.1 10.2 77.3 29.6 111L0 480l117.7-30.9c32.4 17.7 68.9 27 106.1 27h.1c122.3 0 224.1-99.6 224.1-222 0-59.3-25.2-115-67.1-157zm-157 341.6c-33.2 0-65.7-8.9-94-25.7l-6.7-4-69.8 18.3L72 359.2l-4.4-7c-18.5-29.4-28.2-63.3-28.2-98.2 0-101.7 82.8-184.5 184.6-184.5 49.3 0 95.6 19.2 130.4 54.1 34.8 34.9 56.2 81.2 56.1 130.5 0 101.8-84.9 184.6-186.6 184.6zm101.2-138.2c-5.5-2.8-32.8-16.2-37.9-18-5.1-1.9-8.8-2.8-12.5 2.8-3.7 5.6-14.3 18-17.6 21.8-3.2 3.7-6.5 4.2-12 1.4-32.6-16.3-54-29.1-75.5-66-5.7-9.8 5.7-9.1 16.3-30.3 1.8-3.7.9-6.9-.5-9.7-1.4-2.8-12.5-30.1-17.1-41.2-4.5-10.8-9.1-9.3-12.5-9.5-3.2-.2-6.9-.2-10.6-.2-3.7 0-9.7 1.4-14.8 6.9-5.1 5.6-19.4 19-19.4 46.3 0 27.3 19.9 53.7 22.6 57.4 2.8 3.7 39.1 59.7 94.8 83.8 35.2 15.2 49 16.5 66.6 13.9 10.7-1.6 32.8-13.4 37.4-26.4 4.6-13 4.6-24.1 3.2-26.4-1.3-2.5-5-3.9-10.5-6.6z\"><\/path><\/svg>\t\t\t\t\t\t\t<\/span>\n\t\t\t\t\t\t\t\t\t\t\t\t\t\t\t\t\t\t\t\t<\/div>\n\t\t\t\t\t<\/div>\n\t\t\t\t\t\t<\/div>\n\t\t\t\t<\/div>\n\t\t\t\t<\/div>\n\t\t\t\t\t<\/div>\n\t\t\t\t<\/div>\n\t\t\t\t<\/div>\n\t\t\t\t\t<\/div>\n\t\t\t\t<\/div>\n\t\t\t\t<\/div>","protected":false},"excerpt":{"rendered":"<p>Frozen Chicken Leg Quarter We are a leading supplier and exporter of Grade A Frozen Chicken Leg Quarters. Our comprehensive quality system ensures that our products meet the strict food safety requirements of Brazil, the USA, China, and Europe, along with various third-party certifications. We prioritize Good Production Practice, Food Safety, and Product Quality in [&hellip;]<\/p>","protected":false},"author":1,"featured_media":0,"parent":0,"menu_order":0,"comment_status":"closed","ping_status":"closed","template":"elementor_header_footer","meta":{"_joinchat":[],"footnotes":""},"class_list":["post-279","page","type-page","status-publish","hentry"],"yoast_head":"<!-- This site is optimized with the Yoast SEO plugin v25.6 - https:\/\/yoast.com\/wordpress\/plugins\/seo\/ -->\n<title>Suppliers &amp; Manufactures Chicken Leg Quarter<\/title>\n<meta name=\"description\" content=\"Frozen Chicken Leg Quarters Exporters: Halal, Grade A, Brazil Origin, Global Shipping. Request a quote today.\" \/>\n<meta name=\"robots\" content=\"index, follow, max-snippet:-1, max-image-preview:large, max-video-preview:-1\" \/>\n<link rel=\"canonical\" href=\"https:\/\/chickensmarket.com\/tr\/frozen-chicken-leg-quarter\/\" \/>\n<meta property=\"og:locale\" content=\"tr_TR\" \/>\n<meta property=\"og:type\" content=\"article\" \/>\n<meta property=\"og:title\" content=\"Suppliers &amp; Manufactures Chicken Leg Quarter\" \/>\n<meta property=\"og:description\" content=\"Frozen Chicken Leg Quarters Exporters: Halal, Grade A, Brazil Origin, Global Shipping. Request a quote today.\" \/>\n<meta property=\"og:url\" content=\"https:\/\/chickensmarket.com\/tr\/frozen-chicken-leg-quarter\/\" \/>\n<meta property=\"og:site_name\" content=\"Chickens Market\" \/>\n<meta property=\"article:modified_time\" content=\"2024-09-03T06:27:42+00:00\" \/>\n<meta property=\"og:image\" content=\"https:\/\/client.polando8.com\/wp-content\/uploads\/2024\/09\/1.png\" \/>\n<meta name=\"twitter:card\" content=\"summary_large_image\" \/>\n<meta name=\"twitter:label1\" content=\"Tahmini okuma s\u00fcresi\" \/>\n\t<meta name=\"twitter:data1\" content=\"2 dakika\" \/>\n<script type=\"application\/ld+json\" class=\"yoast-schema-graph\">{\"@context\":\"https:\/\/schema.org\",\"@graph\":[{\"@type\":\"WebPage\",\"@id\":\"https:\/\/chickensmarket.com\/frozen-chicken-leg-quarter\/\",\"url\":\"https:\/\/chickensmarket.com\/frozen-chicken-leg-quarter\/\",\"name\":\"Suppliers & Manufactures Chicken Leg Quarter\",\"isPartOf\":{\"@id\":\"https:\/\/chickensmarket.com\/#website\"},\"primaryImageOfPage\":{\"@id\":\"https:\/\/chickensmarket.com\/frozen-chicken-leg-quarter\/#primaryimage\"},\"image\":{\"@id\":\"https:\/\/chickensmarket.com\/frozen-chicken-leg-quarter\/#primaryimage\"},\"thumbnailUrl\":\"https:\/\/client.polando8.com\/wp-content\/uploads\/2024\/09\/1.png\",\"datePublished\":\"2024-09-03T05:45:52+00:00\",\"dateModified\":\"2024-09-03T06:27:42+00:00\",\"description\":\"Frozen Chicken Leg Quarters Exporters: Halal, Grade A, Brazil Origin, Global Shipping. Request a quote today.\",\"breadcrumb\":{\"@id\":\"https:\/\/chickensmarket.com\/frozen-chicken-leg-quarter\/#breadcrumb\"},\"inLanguage\":\"tr\",\"potentialAction\":[{\"@type\":\"ReadAction\",\"target\":[\"https:\/\/chickensmarket.com\/frozen-chicken-leg-quarter\/\"]}]},{\"@type\":\"ImageObject\",\"inLanguage\":\"tr\",\"@id\":\"https:\/\/chickensmarket.com\/frozen-chicken-leg-quarter\/#primaryimage\",\"url\":\"https:\/\/client.polando8.com\/wp-content\/uploads\/2024\/09\/1.png\",\"contentUrl\":\"https:\/\/client.polando8.com\/wp-content\/uploads\/2024\/09\/1.png\"},{\"@type\":\"BreadcrumbList\",\"@id\":\"https:\/\/chickensmarket.com\/frozen-chicken-leg-quarter\/#breadcrumb\",\"itemListElement\":[{\"@type\":\"ListItem\",\"position\":1,\"name\":\"Home\",\"item\":\"https:\/\/chickensmarket.com\/\"},{\"@type\":\"ListItem\",\"position\":2,\"name\":\"Frozen Chicken Leg Quarter\"}]},{\"@type\":\"WebSite\",\"@id\":\"https:\/\/chickensmarket.com\/#website\",\"url\":\"https:\/\/chickensmarket.com\/\",\"name\":\"Chickens Market\",\"description\":\"Premium Frozen Chicken &amp; Eggs\",\"publisher\":{\"@id\":\"https:\/\/chickensmarket.com\/#organization\"},\"potentialAction\":[{\"@type\":\"SearchAction\",\"target\":{\"@type\":\"EntryPoint\",\"urlTemplate\":\"https:\/\/chickensmarket.com\/?s={search_term_string}\"},\"query-input\":{\"@type\":\"PropertyValueSpecification\",\"valueRequired\":true,\"valueName\":\"search_term_string\"}}],\"inLanguage\":\"tr\"},{\"@type\":\"Organization\",\"@id\":\"https:\/\/chickensmarket.com\/#organization\",\"name\":\"Chickens Market\",\"url\":\"https:\/\/chickensmarket.com\/\",\"logo\":{\"@type\":\"ImageObject\",\"inLanguage\":\"tr\",\"@id\":\"https:\/\/chickensmarket.com\/#\/schema\/logo\/image\/\",\"url\":\"https:\/\/chickensmarket.com\/wp-content\/uploads\/2024\/08\/chickens-market-2.png\",\"contentUrl\":\"https:\/\/chickensmarket.com\/wp-content\/uploads\/2024\/08\/chickens-market-2.png\",\"width\":508,\"height\":352,\"caption\":\"Chickens Market\"},\"image\":{\"@id\":\"https:\/\/chickensmarket.com\/#\/schema\/logo\/image\/\"}}]}<\/script>\n<!-- \/ Yoast SEO plugin. -->","yoast_head_json":{"title":"Tedarik\u00e7iler ve \u00dcreticiler Tavuk Budu \u00c7eyrek","description":"Dondurulmu\u015f Tavuk Bacak \u00c7eyrek \u0130hracat\u00e7\u0131lar\u0131: Helal, A S\u0131n\u0131f\u0131, Brezilya Men\u015fei, Global Nakliye. Bug\u00fcn bir teklif isteyin.","robots":{"index":"index","follow":"follow","max-snippet":"max-snippet:-1","max-image-preview":"max-image-preview:large","max-video-preview":"max-video-preview:-1"},"canonical":"https:\/\/chickensmarket.com\/tr\/frozen-chicken-leg-quarter\/","og_locale":"tr_TR","og_type":"article","og_title":"Suppliers & Manufactures Chicken Leg Quarter","og_description":"Frozen Chicken Leg Quarters Exporters: Halal, Grade A, Brazil Origin, Global Shipping. Request a quote today.","og_url":"https:\/\/chickensmarket.com\/tr\/frozen-chicken-leg-quarter\/","og_site_name":"Chickens Market","article_modified_time":"2024-09-03T06:27:42+00:00","og_image":[{"url":"https:\/\/client.polando8.com\/wp-content\/uploads\/2024\/09\/1.png","type":"","width":"","height":""}],"twitter_card":"summary_large_image","twitter_misc":{"Tahmini okuma s\u00fcresi":"2 dakika"},"schema":{"@context":"https:\/\/schema.org","@graph":[{"@type":"WebPage","@id":"https:\/\/chickensmarket.com\/frozen-chicken-leg-quarter\/","url":"https:\/\/chickensmarket.com\/frozen-chicken-leg-quarter\/","name":"Tedarik\u00e7iler ve \u00dcreticiler Tavuk Budu \u00c7eyrek","isPartOf":{"@id":"https:\/\/chickensmarket.com\/#website"},"primaryImageOfPage":{"@id":"https:\/\/chickensmarket.com\/frozen-chicken-leg-quarter\/#primaryimage"},"image":{"@id":"https:\/\/chickensmarket.com\/frozen-chicken-leg-quarter\/#primaryimage"},"thumbnailUrl":"https:\/\/client.polando8.com\/wp-content\/uploads\/2024\/09\/1.png","datePublished":"2024-09-03T05:45:52+00:00","dateModified":"2024-09-03T06:27:42+00:00","description":"Dondurulmu\u015f Tavuk Bacak \u00c7eyrek \u0130hracat\u00e7\u0131lar\u0131: Helal, A S\u0131n\u0131f\u0131, Brezilya Men\u015fei, Global Nakliye. Bug\u00fcn bir teklif isteyin.","breadcrumb":{"@id":"https:\/\/chickensmarket.com\/frozen-chicken-leg-quarter\/#breadcrumb"},"inLanguage":"tr","potentialAction":[{"@type":"ReadAction","target":["https:\/\/chickensmarket.com\/frozen-chicken-leg-quarter\/"]}]},{"@type":"ImageObject","inLanguage":"tr","@id":"https:\/\/chickensmarket.com\/frozen-chicken-leg-quarter\/#primaryimage","url":"https:\/\/client.polando8.com\/wp-content\/uploads\/2024\/09\/1.png","contentUrl":"https:\/\/client.polando8.com\/wp-content\/uploads\/2024\/09\/1.png"},{"@type":"BreadcrumbList","@id":"https:\/\/chickensmarket.com\/frozen-chicken-leg-quarter\/#breadcrumb","itemListElement":[{"@type":"ListItem","position":1,"name":"Home","item":"https:\/\/chickensmarket.com\/"},{"@type":"ListItem","position":2,"name":"Frozen Chicken Leg Quarter"}]},{"@type":"WebSite","@id":"https:\/\/chickensmarket.com\/#website","url":"https:\/\/chickensmarket.com\/","name":"Tavuk Pazar\u0131","description":"Premium Dondurulmu\u015f Tavuk ve Yumurta","publisher":{"@id":"https:\/\/chickensmarket.com\/#organization"},"potentialAction":[{"@type":"SearchAction","target":{"@type":"EntryPoint","urlTemplate":"https:\/\/chickensmarket.com\/?s={search_term_string}"},"query-input":{"@type":"PropertyValueSpecification","valueRequired":true,"valueName":"search_term_string"}}],"inLanguage":"tr"},{"@type":"Organization","@id":"https:\/\/chickensmarket.com\/#organization","name":"Tavuk Pazar\u0131","url":"https:\/\/chickensmarket.com\/","logo":{"@type":"ImageObject","inLanguage":"tr","@id":"https:\/\/chickensmarket.com\/#\/schema\/logo\/image\/","url":"https:\/\/chickensmarket.com\/wp-content\/uploads\/2024\/08\/chickens-market-2.png","contentUrl":"https:\/\/chickensmarket.com\/wp-content\/uploads\/2024\/08\/chickens-market-2.png","width":508,"height":352,"caption":"Chickens Market"},"image":{"@id":"https:\/\/chickensmarket.com\/#\/schema\/logo\/image\/"}}]}},"_links":{"self":[{"href":"https:\/\/chickensmarket.com\/tr\/wp-json\/wp\/v2\/pages\/279","targetHints":{"allow":["GET"]}}],"collection":[{"href":"https:\/\/chickensmarket.com\/tr\/wp-json\/wp\/v2\/pages"}],"about":[{"href":"https:\/\/chickensmarket.com\/tr\/wp-json\/wp\/v2\/types\/page"}],"author":[{"embeddable":true,"href":"https:\/\/chickensmarket.com\/tr\/wp-json\/wp\/v2\/users\/1"}],"replies":[{"embeddable":true,"href":"https:\/\/chickensmarket.com\/tr\/wp-json\/wp\/v2\/comments?post=279"}],"version-history":[{"count":0,"href":"https:\/\/chickensmarket.com\/tr\/wp-json\/wp\/v2\/pages\/279\/revisions"}],"wp:attachment":[{"href":"https:\/\/chickensmarket.com\/tr\/wp-json\/wp\/v2\/media?parent=279"}],"curies":[{"name":"wp","href":"https:\/\/api.w.org\/{rel}","templated":true}]}}