{"id":145,"date":"2024-08-30T02:22:42","date_gmt":"2024-08-30T02:22:42","guid":{"rendered":"https:\/\/client.polando8.com\/?post_type=product&#038;p=145"},"modified":"2025-08-08T08:02:52","modified_gmt":"2025-08-08T08:02:52","slug":"whole-chicken-sadia-seara-brands","status":"publish","type":"product","link":"https:\/\/chickensmarket.com\/pt\/product\/whole-chicken-sadia-seara-brands\/","title":{"rendered":"Frango inteiro - Marcas Sadia e Seara"},"content":{"rendered":"<h3><strong>Melhores exportadores de frango congelado halal do Brasil<\/strong><\/h3>\n<p><strong>Inspe\u00e7\u00e3o da qualidade:<\/strong><\/p>\n<ul>\n<li>Aprovado pela Halal<\/li>\n<li>Inspe\u00e7\u00e3o SGS antes do envio<\/li>\n<li>Aprovado pelo SIF<\/li>\n<li>Brasil Inspe\u00e7\u00e3o Alimentar<\/li>\n<\/ul>\n<p><strong>Informa\u00e7\u00f5es sobre a embalagem:<\/strong><\/p>\n<ul>\n<li><strong>Contentor frigor\u00edfico de 20 p\u00e9s:<\/strong>\n<ul>\n<li>Capacidade para cerca de 20.000 kg ou 20 toneladas m\u00e9tricas<\/li>\n<li>Cerca de 13 333 frangos (1,5 kg cada)<\/li>\n<\/ul>\n<\/li>\n<li><strong>Contentor frigor\u00edfico de 40 p\u00e9s:<\/strong>\n<ul>\n<li>Suporta aproximadamente 28.000 kg ou 28 toneladas m\u00e9tricas<\/li>\n<li>Cerca de 18 667 frangos (1,5 kg cada)<\/li>\n<\/ul>\n<\/li>\n<\/ul>\n<p><strong>Varia\u00e7\u00f5es de quantidade:<\/strong><\/p>\n<ul>\n<li>Tamanho das galinhas<\/li>\n<li>M\u00e9todo de embalagem (sacos vs. caixas)<\/li>\n<li>Configura\u00e7\u00e3o de empilhamento<\/li>\n<\/ul>\n<p>Em m\u00e9dia, espera-se 13.000-14.000 frangos num contentor de 20 p\u00e9s e 18.000-19.000 num contentor de 40 p\u00e9s.<\/p>\n<h3><\/h3>","protected":false},"excerpt":{"rendered":"<div class=\"flex max-w-full flex-col flex-grow\">\n<div class=\"min-h-[20px] text-message flex w-full flex-col items-end gap-2 break-words [.text-message+&amp;]:mt-5 overflow-x-auto whitespace-normal\" dir=\"auto\" data-message-author-role=\"assistant\" data-message-id=\"c76b96ca-a391-4e7b-8a05-5fa1121438ee\">\n<div class=\"flex w-full flex-col gap-1 empty:hidden first:pt-[3px]\">\n<div class=\"markdown prose w-full break-words dark:prose-invert light\">\n<p>Halal de alta qualidade<a href=\"https:\/\/client.polando8.com\/product\/whole-frozen-chicken-griller-for-sale\/\"> frangos inteiros congelados<\/a> da Sadia &amp; Seara, inspeccionadas e limpas. Dispon\u00edvel em v\u00e1rios tamanhos de contentores para exporta\u00e7\u00e3o.<\/p>\n<\/div>\n<\/div>\n<\/div>\n<\/div>\n<ul>\n<li>Halal abatido \u00e0 m\u00e3o de acordo com a tradi\u00e7\u00e3o isl\u00e2mica<\/li>\n<li>Teor de humidade: &lt;3%<\/li>\n<li>Limpo, fresco, sem n\u00f3doas negras ou defeitos negros<\/li>\n<li>Sem ossos partidos, pele branca e sem queimaduras de amon\u00edaco<\/li>\n<li>Adequado para consumo mu\u00e7ulmano<\/li>\n<\/ul>","protected":false},"featured_media":146,"comment_status":"open","ping_status":"closed","template":"","meta":{"_joinchat":[]},"product_brand":[],"product_cat":[18],"product_tag":[],"class_list":{"0":"post-145","1":"product","2":"type-product","3":"status-publish","4":"has-post-thumbnail","6":"product_cat-frozen-chicken","8":"first","9":"instock","10":"shipping-taxable","11":"purchasable","12":"product-type-variable","13":"has-default-attributes"},"yoast_head":"<!-- This site is optimized with the Yoast SEO plugin v25.6 - https:\/\/yoast.com\/wordpress\/plugins\/seo\/ -->\n<title>Whole Chicken \u2013 Sadia &amp; Seara Brands - Best Chicken Supplier<\/title>\n<meta name=\"description\" content=\"You can buy premium and fresh and frozen whole chicken - sadia &amp; seara brands, inspected and suitable for export. Order Today!\" \/>\n<meta name=\"robots\" content=\"index, follow, max-snippet:-1, max-image-preview:large, max-video-preview:-1\" \/>\n<link rel=\"canonical\" href=\"https:\/\/chickensmarket.com\/pt\/product\/whole-chicken-sadia-seara-brands\/\" \/>\n<meta property=\"og:locale\" content=\"pt_PT\" \/>\n<meta property=\"og:type\" content=\"article\" \/>\n<meta property=\"og:title\" content=\"Whole Chicken \u2013 Sadia &amp; Seara Brands - Best Chicken Supplier\" \/>\n<meta property=\"og:description\" content=\"You can buy premium and fresh and frozen whole chicken - sadia &amp; seara brands, inspected and suitable for export. Order Today!\" \/>\n<meta property=\"og:url\" content=\"https:\/\/chickensmarket.com\/pt\/product\/whole-chicken-sadia-seara-brands\/\" \/>\n<meta property=\"og:site_name\" content=\"Chickens Market\" \/>\n<meta property=\"article:modified_time\" content=\"2025-08-08T08:02:52+00:00\" \/>\n<meta property=\"og:image\" content=\"https:\/\/chickensmarket.com\/wp-content\/uploads\/2024\/08\/Whole-Chicken-Sadia-Seara-Brands-1.png\" \/>\n\t<meta property=\"og:image:width\" content=\"500\" \/>\n\t<meta property=\"og:image:height\" content=\"500\" \/>\n\t<meta property=\"og:image:type\" content=\"image\/png\" \/>\n<meta name=\"twitter:card\" content=\"summary_large_image\" \/>\n<meta name=\"twitter:label1\" content=\"Est. reading time\" \/>\n\t<meta name=\"twitter:data1\" content=\"1 minute\" \/>\n<script type=\"application\/ld+json\" class=\"yoast-schema-graph\">{\"@context\":\"https:\/\/schema.org\",\"@graph\":[{\"@type\":\"WebPage\",\"@id\":\"https:\/\/chickensmarket.com\/product\/whole-chicken-sadia-seara-brands\/\",\"url\":\"https:\/\/chickensmarket.com\/product\/whole-chicken-sadia-seara-brands\/\",\"name\":\"Whole Chicken \u2013 Sadia & Seara Brands - Best Chicken Supplier\",\"isPartOf\":{\"@id\":\"https:\/\/chickensmarket.com\/#website\"},\"primaryImageOfPage\":{\"@id\":\"https:\/\/chickensmarket.com\/product\/whole-chicken-sadia-seara-brands\/#primaryimage\"},\"image\":{\"@id\":\"https:\/\/chickensmarket.com\/product\/whole-chicken-sadia-seara-brands\/#primaryimage\"},\"thumbnailUrl\":\"https:\/\/chickensmarket.com\/wp-content\/uploads\/2024\/08\/Whole-Chicken-Sadia-Seara-Brands-1.png\",\"datePublished\":\"2024-08-30T02:22:42+00:00\",\"dateModified\":\"2025-08-08T08:02:52+00:00\",\"description\":\"You can buy premium and fresh and frozen whole chicken - sadia & seara brands, inspected and suitable for export. Order Today!\",\"breadcrumb\":{\"@id\":\"https:\/\/chickensmarket.com\/product\/whole-chicken-sadia-seara-brands\/#breadcrumb\"},\"inLanguage\":\"pt-PT\",\"potentialAction\":[{\"@type\":\"ReadAction\",\"target\":[\"https:\/\/chickensmarket.com\/product\/whole-chicken-sadia-seara-brands\/\"]}]},{\"@type\":\"ImageObject\",\"inLanguage\":\"pt-PT\",\"@id\":\"https:\/\/chickensmarket.com\/product\/whole-chicken-sadia-seara-brands\/#primaryimage\",\"url\":\"https:\/\/chickensmarket.com\/wp-content\/uploads\/2024\/08\/Whole-Chicken-Sadia-Seara-Brands-1.png\",\"contentUrl\":\"https:\/\/chickensmarket.com\/wp-content\/uploads\/2024\/08\/Whole-Chicken-Sadia-Seara-Brands-1.png\",\"width\":500,\"height\":500,\"caption\":\"Whole Chicken Sadia & Seara Brands\"},{\"@type\":\"BreadcrumbList\",\"@id\":\"https:\/\/chickensmarket.com\/product\/whole-chicken-sadia-seara-brands\/#breadcrumb\",\"itemListElement\":[{\"@type\":\"ListItem\",\"position\":1,\"name\":\"Home\",\"item\":\"https:\/\/chickensmarket.com\/\"},{\"@type\":\"ListItem\",\"position\":2,\"name\":\"Shop\",\"item\":\"https:\/\/chickensmarket.com\/shop\/\"},{\"@type\":\"ListItem\",\"position\":3,\"name\":\"Whole Chicken \u2013 Sadia &#038; Seara Brands\"}]},{\"@type\":\"WebSite\",\"@id\":\"https:\/\/chickensmarket.com\/#website\",\"url\":\"https:\/\/chickensmarket.com\/\",\"name\":\"Chickens Market\",\"description\":\"Premium Frozen Chicken &amp; Eggs\",\"publisher\":{\"@id\":\"https:\/\/chickensmarket.com\/#organization\"},\"potentialAction\":[{\"@type\":\"SearchAction\",\"target\":{\"@type\":\"EntryPoint\",\"urlTemplate\":\"https:\/\/chickensmarket.com\/?s={search_term_string}\"},\"query-input\":{\"@type\":\"PropertyValueSpecification\",\"valueRequired\":true,\"valueName\":\"search_term_string\"}}],\"inLanguage\":\"pt-PT\"},{\"@type\":\"Organization\",\"@id\":\"https:\/\/chickensmarket.com\/#organization\",\"name\":\"Chickens Market\",\"url\":\"https:\/\/chickensmarket.com\/\",\"logo\":{\"@type\":\"ImageObject\",\"inLanguage\":\"pt-PT\",\"@id\":\"https:\/\/chickensmarket.com\/#\/schema\/logo\/image\/\",\"url\":\"https:\/\/chickensmarket.com\/wp-content\/uploads\/2024\/08\/chickens-market-2.png\",\"contentUrl\":\"https:\/\/chickensmarket.com\/wp-content\/uploads\/2024\/08\/chickens-market-2.png\",\"width\":508,\"height\":352,\"caption\":\"Chickens Market\"},\"image\":{\"@id\":\"https:\/\/chickensmarket.com\/#\/schema\/logo\/image\/\"}}]}<\/script>\n<!-- \/ Yoast SEO plugin. -->","yoast_head_json":{"title":"Frango inteiro - Marcas Sadia e Seara - Melhor fornecedor de frango","description":"Pode comprar frango inteiro de qualidade superior, fresco e congelado - marcas sadia &amp; seara, inspeccionado e adequado para exporta\u00e7\u00e3o. Encomende hoje!","robots":{"index":"index","follow":"follow","max-snippet":"max-snippet:-1","max-image-preview":"max-image-preview:large","max-video-preview":"max-video-preview:-1"},"canonical":"https:\/\/chickensmarket.com\/pt\/product\/whole-chicken-sadia-seara-brands\/","og_locale":"pt_PT","og_type":"article","og_title":"Whole Chicken \u2013 Sadia & Seara Brands - Best Chicken Supplier","og_description":"You can buy premium and fresh and frozen whole chicken - sadia & seara brands, inspected and suitable for export. Order Today!","og_url":"https:\/\/chickensmarket.com\/pt\/product\/whole-chicken-sadia-seara-brands\/","og_site_name":"Chickens Market","article_modified_time":"2025-08-08T08:02:52+00:00","og_image":[{"width":500,"height":500,"url":"https:\/\/chickensmarket.com\/wp-content\/uploads\/2024\/08\/Whole-Chicken-Sadia-Seara-Brands-1.png","type":"image\/png"}],"twitter_card":"summary_large_image","twitter_misc":{"Est. reading time":"1 minute"},"schema":{"@context":"https:\/\/schema.org","@graph":[{"@type":"WebPage","@id":"https:\/\/chickensmarket.com\/product\/whole-chicken-sadia-seara-brands\/","url":"https:\/\/chickensmarket.com\/product\/whole-chicken-sadia-seara-brands\/","name":"Frango inteiro - Marcas Sadia e Seara - Melhor fornecedor de frango","isPartOf":{"@id":"https:\/\/chickensmarket.com\/#website"},"primaryImageOfPage":{"@id":"https:\/\/chickensmarket.com\/product\/whole-chicken-sadia-seara-brands\/#primaryimage"},"image":{"@id":"https:\/\/chickensmarket.com\/product\/whole-chicken-sadia-seara-brands\/#primaryimage"},"thumbnailUrl":"https:\/\/chickensmarket.com\/wp-content\/uploads\/2024\/08\/Whole-Chicken-Sadia-Seara-Brands-1.png","datePublished":"2024-08-30T02:22:42+00:00","dateModified":"2025-08-08T08:02:52+00:00","description":"Pode comprar frango inteiro de qualidade superior, fresco e congelado - marcas sadia &amp; seara, inspeccionado e adequado para exporta\u00e7\u00e3o. Encomende hoje!","breadcrumb":{"@id":"https:\/\/chickensmarket.com\/product\/whole-chicken-sadia-seara-brands\/#breadcrumb"},"inLanguage":"pt-PT","potentialAction":[{"@type":"ReadAction","target":["https:\/\/chickensmarket.com\/product\/whole-chicken-sadia-seara-brands\/"]}]},{"@type":"ImageObject","inLanguage":"pt-PT","@id":"https:\/\/chickensmarket.com\/product\/whole-chicken-sadia-seara-brands\/#primaryimage","url":"https:\/\/chickensmarket.com\/wp-content\/uploads\/2024\/08\/Whole-Chicken-Sadia-Seara-Brands-1.png","contentUrl":"https:\/\/chickensmarket.com\/wp-content\/uploads\/2024\/08\/Whole-Chicken-Sadia-Seara-Brands-1.png","width":500,"height":500,"caption":"Whole Chicken Sadia & Seara Brands"},{"@type":"BreadcrumbList","@id":"https:\/\/chickensmarket.com\/product\/whole-chicken-sadia-seara-brands\/#breadcrumb","itemListElement":[{"@type":"ListItem","position":1,"name":"Home","item":"https:\/\/chickensmarket.com\/"},{"@type":"ListItem","position":2,"name":"Shop","item":"https:\/\/chickensmarket.com\/shop\/"},{"@type":"ListItem","position":3,"name":"Whole Chicken \u2013 Sadia &#038; Seara Brands"}]},{"@type":"WebSite","@id":"https:\/\/chickensmarket.com\/#website","url":"https:\/\/chickensmarket.com\/","name":"Mercado das galinhas","description":"Frango e ovos congelados Premium","publisher":{"@id":"https:\/\/chickensmarket.com\/#organization"},"potentialAction":[{"@type":"SearchAction","target":{"@type":"EntryPoint","urlTemplate":"https:\/\/chickensmarket.com\/?s={search_term_string}"},"query-input":{"@type":"PropertyValueSpecification","valueRequired":true,"valueName":"search_term_string"}}],"inLanguage":"pt-PT"},{"@type":"Organization","@id":"https:\/\/chickensmarket.com\/#organization","name":"Mercado das galinhas","url":"https:\/\/chickensmarket.com\/","logo":{"@type":"ImageObject","inLanguage":"pt-PT","@id":"https:\/\/chickensmarket.com\/#\/schema\/logo\/image\/","url":"https:\/\/chickensmarket.com\/wp-content\/uploads\/2024\/08\/chickens-market-2.png","contentUrl":"https:\/\/chickensmarket.com\/wp-content\/uploads\/2024\/08\/chickens-market-2.png","width":508,"height":352,"caption":"Chickens Market"},"image":{"@id":"https:\/\/chickensmarket.com\/#\/schema\/logo\/image\/"}}]}},"_links":{"self":[{"href":"https:\/\/chickensmarket.com\/pt\/wp-json\/wp\/v2\/product\/145","targetHints":{"allow":["GET"]}}],"collection":[{"href":"https:\/\/chickensmarket.com\/pt\/wp-json\/wp\/v2\/product"}],"about":[{"href":"https:\/\/chickensmarket.com\/pt\/wp-json\/wp\/v2\/types\/product"}],"replies":[{"embeddable":true,"href":"https:\/\/chickensmarket.com\/pt\/wp-json\/wp\/v2\/comments?post=145"}],"wp:featuredmedia":[{"embeddable":true,"href":"https:\/\/chickensmarket.com\/pt\/wp-json\/wp\/v2\/media\/146"}],"wp:attachment":[{"href":"https:\/\/chickensmarket.com\/pt\/wp-json\/wp\/v2\/media?parent=145"}],"wp:term":[{"taxonomy":"product_brand","embeddable":true,"href":"https:\/\/chickensmarket.com\/pt\/wp-json\/wp\/v2\/product_brand?post=145"},{"taxonomy":"product_cat","embeddable":true,"href":"https:\/\/chickensmarket.com\/pt\/wp-json\/wp\/v2\/product_cat?post=145"},{"taxonomy":"product_tag","embeddable":true,"href":"https:\/\/chickensmarket.com\/pt\/wp-json\/wp\/v2\/product_tag?post=145"}],"curies":[{"name":"wp","href":"https:\/\/api.w.org\/{rel}","templated":true}]}}