{"id":2835,"date":"2026-04-21T11:29:48","date_gmt":"2026-04-21T11:29:48","guid":{"rendered":"https:\/\/chickensmarket.com\/?post_type=product&#038;p=2835"},"modified":"2026-04-21T11:31:06","modified_gmt":"2026-04-21T11:31:06","slug":"buy-frozen-chicken-3-wings-online","status":"publish","type":"product","link":"https:\/\/chickensmarket.com\/fr\/product\/buy-frozen-chicken-3-wings-online\/","title":{"rendered":"Acheter des ailes de poulet surgel\u00e9es en ligne"},"content":{"rendered":"<h3><strong>Poulet surgel\u00e9 3 ailes<\/strong><\/h3>\n<p>Nous sommes fournisseurs et exportateurs en gros de <a href=\"https:\/\/govisaraphotography.com\/product\/frozen-chicken-3-wings\/\">Poulet surgel\u00e9 3 ailes<\/a>Nos ailes de qualit\u00e9 A sont certifi\u00e9es HALAL et r\u00e9pondent aux normes ISO 9001, 2008 et FSSC 22000, 2010. Nos ailes de cat\u00e9gorie A sont certifi\u00e9es HALAL et r\u00e9pondent aux normes ISO 9001:2008 et FSSC 22000:2010. D'une dur\u00e9e de conservation de 12 mois, elles sont emball\u00e9es dans des cartons de 10 \u00e0 20 kg. La quantit\u00e9 minimale de commande est de 27MT (un conteneur de 40\u2032). L'\u00e9tiquetage personnalis\u00e9 OEM et les options d'emballage pr\u00e9f\u00e9r\u00e9es des clients sont d\u00e9sormais disponibles.<\/p>\n<p><strong>Poids\/taille :<\/strong><\/p>\n<ul>\n<li>35 grammes - 55 grammes<\/li>\n<\/ul>\n<p><strong>Emballage :<\/strong><\/p>\n<ul>\n<li>Scell\u00e9s sous vide dans des sachets transparents avec \u00e9tiquettes autocollantes ou dans des sachets color\u00e9s avec marquage personnalis\u00e9.<\/li>\n<\/ul>\n<p><strong>Sp\u00e9cifications de l'emballage :<\/strong><\/p>\n<ul>\n<li>7 \u00e0 10 sacs en poly\u00e9thyl\u00e8ne par carton (10 kg par carton)<\/li>\n<li>1 FCL : 2000 cartons (20 tonnes m\u00e9triques par conteneur HR de 40 pieds)<\/li>\n<\/ul>","protected":false},"excerpt":{"rendered":"<div class=\"flex max-w-full flex-col flex-grow\">\n<div class=\"min-h-[20px] text-message flex w-full flex-col items-end gap-2 break-words [.text-message+&amp;]:mt-5 overflow-x-auto whitespace-normal\" dir=\"auto\" data-message-author-role=\"assistant\" data-message-id=\"83797e33-bdf5-4d20-bb77-8ae28ff2e1a4\">\n<div class=\"flex w-full flex-col gap-1 empty:hidden first:pt-[3px]\">\n<div class=\"markdown prose w-full break-words dark:prose-invert light\">\n<p>Fournisseur en gros de 3 ailes de poulet surgel\u00e9es, certifi\u00e9es HALAL, qualit\u00e9 A, avec possibilit\u00e9 d'\u00e9tiquetage et d'emballage sur mesure. Origine : Br\u00e9sil : Br\u00e9sil.<\/p>\n<\/div>\n<\/div>\n<\/div>\n<\/div>\n<div class=\"mt-1 flex gap-3 empty:hidden -ml-2\">\n<div class=\"items-center justify-start rounded-xl p-1 flex\">\n<div class=\"flex items-center\">\n<div class=\"flex items-center pb-0\">\n<div class=\"[&amp;_svg]:h-full [&amp;_svg]:w-full icon-md h-4 w-4\"><\/div>\n<\/div>\n<\/div>\n<\/div>\n<\/div>","protected":false},"featured_media":2883,"comment_status":"open","ping_status":"closed","template":"","meta":{"_joinchat":[]},"product_brand":[],"product_cat":[18],"product_tag":[],"class_list":{"0":"post-2835","1":"product","2":"type-product","3":"status-publish","4":"has-post-thumbnail","6":"product_cat-frozen-chicken","8":"first","9":"instock","10":"shipping-taxable","11":"purchasable","12":"product-type-variable","13":"has-default-attributes"},"yoast_head":"<!-- This site is optimized with the Yoast SEO plugin v27.4 - https:\/\/yoast.com\/product\/yoast-seo-wordpress\/ -->\n<title>Buy Frozen Chicken 3 Wings Online - Chicken 3 Wings for Sale<\/title>\n<meta name=\"description\" content=\"Buy frozen chicken 3 wings online at wholesale price. Perfect for your meals, our high-quality chicken wings are available for sale, ensuring freshness and flavor in every bite.\" \/>\n<meta name=\"robots\" content=\"index, follow, max-snippet:-1, max-image-preview:large, max-video-preview:-1\" \/>\n<link rel=\"canonical\" href=\"https:\/\/chickensmarket.com\/fr\/product\/buy-frozen-chicken-3-wings-online\/\" \/>\n<meta property=\"og:locale\" content=\"fr_CA\" \/>\n<meta property=\"og:type\" content=\"article\" \/>\n<meta property=\"og:title\" content=\"Buy Frozen Chicken 3 Wings Online - Chicken 3 Wings for Sale\" \/>\n<meta property=\"og:description\" content=\"Buy frozen chicken 3 wings online at wholesale price. Perfect for your meals, our high-quality chicken wings are available for sale, ensuring freshness and flavor in every bite.\" \/>\n<meta property=\"og:url\" content=\"https:\/\/chickensmarket.com\/fr\/product\/buy-frozen-chicken-3-wings-online\/\" \/>\n<meta property=\"og:site_name\" content=\"Chickens Market\" \/>\n<meta property=\"article:modified_time\" content=\"2026-04-21T11:31:06+00:00\" \/>\n<meta property=\"og:image\" content=\"https:\/\/chickensmarket.com\/wp-content\/uploads\/2026\/04\/Frozen-Chicken-3-Wings.png\" \/>\n\t<meta property=\"og:image:width\" content=\"500\" \/>\n\t<meta property=\"og:image:height\" content=\"500\" \/>\n\t<meta property=\"og:image:type\" content=\"image\/png\" \/>\n<meta name=\"twitter:card\" content=\"summary_large_image\" \/>\n<meta name=\"twitter:label1\" content=\"Est. reading time\" \/>\n\t<meta name=\"twitter:data1\" content=\"1 minute\" \/>\n<script type=\"application\/ld+json\" class=\"yoast-schema-graph\">{\"@context\":\"https:\\\/\\\/schema.org\",\"@graph\":[{\"@type\":\"WebPage\",\"@id\":\"https:\\\/\\\/chickensmarket.com\\\/product\\\/buy-frozen-chicken-3-wings-online\\\/\",\"url\":\"https:\\\/\\\/chickensmarket.com\\\/product\\\/buy-frozen-chicken-3-wings-online\\\/\",\"name\":\"Buy Frozen Chicken 3 Wings Online - Chicken 3 Wings for Sale\",\"isPartOf\":{\"@id\":\"https:\\\/\\\/chickensmarket.com\\\/#website\"},\"primaryImageOfPage\":{\"@id\":\"https:\\\/\\\/chickensmarket.com\\\/product\\\/buy-frozen-chicken-3-wings-online\\\/#primaryimage\"},\"image\":{\"@id\":\"https:\\\/\\\/chickensmarket.com\\\/product\\\/buy-frozen-chicken-3-wings-online\\\/#primaryimage\"},\"thumbnailUrl\":\"https:\\\/\\\/chickensmarket.com\\\/wp-content\\\/uploads\\\/2026\\\/04\\\/Frozen-Chicken-3-Wings.png\",\"datePublished\":\"2026-04-21T11:29:48+00:00\",\"dateModified\":\"2026-04-21T11:31:06+00:00\",\"description\":\"Buy frozen chicken 3 wings online at wholesale price. Perfect for your meals, our high-quality chicken wings are available for sale, ensuring freshness and flavor in every bite.\",\"breadcrumb\":{\"@id\":\"https:\\\/\\\/chickensmarket.com\\\/product\\\/buy-frozen-chicken-3-wings-online\\\/#breadcrumb\"},\"inLanguage\":\"fr-CA\",\"potentialAction\":[{\"@type\":\"ReadAction\",\"target\":[\"https:\\\/\\\/chickensmarket.com\\\/product\\\/buy-frozen-chicken-3-wings-online\\\/\"]}]},{\"@type\":\"ImageObject\",\"inLanguage\":\"fr-CA\",\"@id\":\"https:\\\/\\\/chickensmarket.com\\\/product\\\/buy-frozen-chicken-3-wings-online\\\/#primaryimage\",\"url\":\"https:\\\/\\\/chickensmarket.com\\\/wp-content\\\/uploads\\\/2026\\\/04\\\/Frozen-Chicken-3-Wings.png\",\"contentUrl\":\"https:\\\/\\\/chickensmarket.com\\\/wp-content\\\/uploads\\\/2026\\\/04\\\/Frozen-Chicken-3-Wings.png\",\"width\":500,\"height\":500},{\"@type\":\"BreadcrumbList\",\"@id\":\"https:\\\/\\\/chickensmarket.com\\\/product\\\/buy-frozen-chicken-3-wings-online\\\/#breadcrumb\",\"itemListElement\":[{\"@type\":\"ListItem\",\"position\":1,\"name\":\"Home\",\"item\":\"https:\\\/\\\/chickensmarket.com\\\/\"},{\"@type\":\"ListItem\",\"position\":2,\"name\":\"Shop\",\"item\":\"https:\\\/\\\/chickensmarket.com\\\/shop\\\/\"},{\"@type\":\"ListItem\",\"position\":3,\"name\":\"Buy Frozen Chicken 3 Wings Online\"}]},{\"@type\":\"WebSite\",\"@id\":\"https:\\\/\\\/chickensmarket.com\\\/#website\",\"url\":\"https:\\\/\\\/chickensmarket.com\\\/\",\"name\":\"Chickens Market\",\"description\":\"Premium Frozen Chicken &amp; Eggs\",\"publisher\":{\"@id\":\"https:\\\/\\\/chickensmarket.com\\\/#organization\"},\"potentialAction\":[{\"@type\":\"SearchAction\",\"target\":{\"@type\":\"EntryPoint\",\"urlTemplate\":\"https:\\\/\\\/chickensmarket.com\\\/?s={search_term_string}\"},\"query-input\":{\"@type\":\"PropertyValueSpecification\",\"valueRequired\":true,\"valueName\":\"search_term_string\"}}],\"inLanguage\":\"fr-CA\"},{\"@type\":\"Organization\",\"@id\":\"https:\\\/\\\/chickensmarket.com\\\/#organization\",\"name\":\"Chickens Market\",\"url\":\"https:\\\/\\\/chickensmarket.com\\\/\",\"logo\":{\"@type\":\"ImageObject\",\"inLanguage\":\"fr-CA\",\"@id\":\"https:\\\/\\\/chickensmarket.com\\\/#\\\/schema\\\/logo\\\/image\\\/\",\"url\":\"https:\\\/\\\/chickensmarket.com\\\/wp-content\\\/uploads\\\/2024\\\/08\\\/chickens-market-2.png\",\"contentUrl\":\"https:\\\/\\\/chickensmarket.com\\\/wp-content\\\/uploads\\\/2024\\\/08\\\/chickens-market-2.png\",\"width\":508,\"height\":352,\"caption\":\"Chickens Market\"},\"image\":{\"@id\":\"https:\\\/\\\/chickensmarket.com\\\/#\\\/schema\\\/logo\\\/image\\\/\"}}]}<\/script>\n<!-- \/ Yoast SEO plugin. -->","yoast_head_json":{"title":"Acheter des ailes de poulet surgel\u00e9es en ligne - Ailes de poulet \u00e0 vendre","description":"Achetez des ailes de poulet congel\u00e9es en ligne au prix de gros. Parfaites pour vos repas, nos ailes de poulet de haute qualit\u00e9 sont disponibles \u00e0 la vente, garantissant fra\u00eecheur et saveur \u00e0 chaque bouch\u00e9e.","robots":{"index":"index","follow":"follow","max-snippet":"max-snippet:-1","max-image-preview":"max-image-preview:large","max-video-preview":"max-video-preview:-1"},"canonical":"https:\/\/chickensmarket.com\/fr\/product\/buy-frozen-chicken-3-wings-online\/","og_locale":"fr_CA","og_type":"article","og_title":"Buy Frozen Chicken 3 Wings Online - Chicken 3 Wings for Sale","og_description":"Buy frozen chicken 3 wings online at wholesale price. Perfect for your meals, our high-quality chicken wings are available for sale, ensuring freshness and flavor in every bite.","og_url":"https:\/\/chickensmarket.com\/fr\/product\/buy-frozen-chicken-3-wings-online\/","og_site_name":"Chickens Market","article_modified_time":"2026-04-21T11:31:06+00:00","og_image":[{"width":500,"height":500,"url":"https:\/\/chickensmarket.com\/wp-content\/uploads\/2026\/04\/Frozen-Chicken-3-Wings.png","type":"image\/png"}],"twitter_card":"summary_large_image","twitter_misc":{"Est. reading time":"1 minute"},"schema":{"@context":"https:\/\/schema.org","@graph":[{"@type":"WebPage","@id":"https:\/\/chickensmarket.com\/product\/buy-frozen-chicken-3-wings-online\/","url":"https:\/\/chickensmarket.com\/product\/buy-frozen-chicken-3-wings-online\/","name":"Acheter des ailes de poulet surgel\u00e9es en ligne - Ailes de poulet \u00e0 vendre","isPartOf":{"@id":"https:\/\/chickensmarket.com\/#website"},"primaryImageOfPage":{"@id":"https:\/\/chickensmarket.com\/product\/buy-frozen-chicken-3-wings-online\/#primaryimage"},"image":{"@id":"https:\/\/chickensmarket.com\/product\/buy-frozen-chicken-3-wings-online\/#primaryimage"},"thumbnailUrl":"https:\/\/chickensmarket.com\/wp-content\/uploads\/2026\/04\/Frozen-Chicken-3-Wings.png","datePublished":"2026-04-21T11:29:48+00:00","dateModified":"2026-04-21T11:31:06+00:00","description":"Achetez des ailes de poulet congel\u00e9es en ligne au prix de gros. Parfaites pour vos repas, nos ailes de poulet de haute qualit\u00e9 sont disponibles \u00e0 la vente, garantissant fra\u00eecheur et saveur \u00e0 chaque bouch\u00e9e.","breadcrumb":{"@id":"https:\/\/chickensmarket.com\/product\/buy-frozen-chicken-3-wings-online\/#breadcrumb"},"inLanguage":"fr-CA","potentialAction":[{"@type":"ReadAction","target":["https:\/\/chickensmarket.com\/product\/buy-frozen-chicken-3-wings-online\/"]}]},{"@type":"ImageObject","inLanguage":"fr-CA","@id":"https:\/\/chickensmarket.com\/product\/buy-frozen-chicken-3-wings-online\/#primaryimage","url":"https:\/\/chickensmarket.com\/wp-content\/uploads\/2026\/04\/Frozen-Chicken-3-Wings.png","contentUrl":"https:\/\/chickensmarket.com\/wp-content\/uploads\/2026\/04\/Frozen-Chicken-3-Wings.png","width":500,"height":500},{"@type":"BreadcrumbList","@id":"https:\/\/chickensmarket.com\/product\/buy-frozen-chicken-3-wings-online\/#breadcrumb","itemListElement":[{"@type":"ListItem","position":1,"name":"Home","item":"https:\/\/chickensmarket.com\/"},{"@type":"ListItem","position":2,"name":"Shop","item":"https:\/\/chickensmarket.com\/shop\/"},{"@type":"ListItem","position":3,"name":"Buy Frozen Chicken 3 Wings Online"}]},{"@type":"WebSite","@id":"https:\/\/chickensmarket.com\/#website","url":"https:\/\/chickensmarket.com\/","name":"March\u00e9 des poulets","description":"Poulet et \u0153ufs surgel\u00e9s de premi\u00e8re qualit\u00e9","publisher":{"@id":"https:\/\/chickensmarket.com\/#organization"},"potentialAction":[{"@type":"SearchAction","target":{"@type":"EntryPoint","urlTemplate":"https:\/\/chickensmarket.com\/?s={search_term_string}"},"query-input":{"@type":"PropertyValueSpecification","valueRequired":true,"valueName":"search_term_string"}}],"inLanguage":"fr-CA"},{"@type":"Organization","@id":"https:\/\/chickensmarket.com\/#organization","name":"March\u00e9 des poulets","url":"https:\/\/chickensmarket.com\/","logo":{"@type":"ImageObject","inLanguage":"fr-CA","@id":"https:\/\/chickensmarket.com\/#\/schema\/logo\/image\/","url":"https:\/\/chickensmarket.com\/wp-content\/uploads\/2024\/08\/chickens-market-2.png","contentUrl":"https:\/\/chickensmarket.com\/wp-content\/uploads\/2024\/08\/chickens-market-2.png","width":508,"height":352,"caption":"Chickens Market"},"image":{"@id":"https:\/\/chickensmarket.com\/#\/schema\/logo\/image\/"}}]}},"_links":{"self":[{"href":"https:\/\/chickensmarket.com\/fr\/wp-json\/wp\/v2\/product\/2835","targetHints":{"allow":["GET"]}}],"collection":[{"href":"https:\/\/chickensmarket.com\/fr\/wp-json\/wp\/v2\/product"}],"about":[{"href":"https:\/\/chickensmarket.com\/fr\/wp-json\/wp\/v2\/types\/product"}],"replies":[{"embeddable":true,"href":"https:\/\/chickensmarket.com\/fr\/wp-json\/wp\/v2\/comments?post=2835"}],"wp:featuredmedia":[{"embeddable":true,"href":"https:\/\/chickensmarket.com\/fr\/wp-json\/wp\/v2\/media\/2883"}],"wp:attachment":[{"href":"https:\/\/chickensmarket.com\/fr\/wp-json\/wp\/v2\/media?parent=2835"}],"wp:term":[{"taxonomy":"product_brand","embeddable":true,"href":"https:\/\/chickensmarket.com\/fr\/wp-json\/wp\/v2\/product_brand?post=2835"},{"taxonomy":"product_cat","embeddable":true,"href":"https:\/\/chickensmarket.com\/fr\/wp-json\/wp\/v2\/product_cat?post=2835"},{"taxonomy":"product_tag","embeddable":true,"href":"https:\/\/chickensmarket.com\/fr\/wp-json\/wp\/v2\/product_tag?post=2835"}],"curies":[{"name":"wp","href":"https:\/\/api.w.org\/{rel}","templated":true}]}}