{"id":2834,"date":"2026-04-21T11:29:47","date_gmt":"2026-04-21T11:29:47","guid":{"rendered":"https:\/\/chickensmarket.com\/?post_type=product&#038;p=2834"},"modified":"2026-04-21T11:31:05","modified_gmt":"2026-04-21T11:31:05","slug":"poitrines-de-poulet-sadia-avec-os-et-peau","status":"publish","type":"product","link":"https:\/\/chickensmarket.com\/fr\/product\/poitrines-de-poulet-sadia-avec-os-et-peau\/","title":{"rendered":"Sadia Poitrines de poulet non d\u00e9soss\u00e9es avec peau"},"content":{"rendered":"<h3><strong>Sadia Poitrines de poulet non d\u00e9soss\u00e9es avec peau<\/strong><\/h3>\n<p>Nous sommes fournisseurs et exportateurs en gros de <a href=\"https:\/\/govisaraphotography.com\/product\/sadia-chicken-breasts-bone-in-skin-on\/\">Sadia Poitrines de poulet non d\u00e9soss\u00e9es avec peau<\/a>. Originaire du Br\u00e9sil, notre poulet de cat\u00e9gorie A est certifi\u00e9 HALAL et r\u00e9pond aux normes ISO 9001:2008 et FSSC 22000:2010. Avec une dur\u00e9e de conservation de 12 mois, nos produits sont emball\u00e9s dans des cartons de 10 \u00e0 20 kg. La quantit\u00e9 minimale de commande est de 27MT (un conteneur de 40\u2032). Nous proposons d\u00e9sormais un \u00e9tiquetage personnalis\u00e9 OEM et des options d'emballage pr\u00e9f\u00e9r\u00e9es par le client.<\/p>\n<p><strong>Poids\/taille :<\/strong><\/p>\n<ul>\n<li>200 grammes - 900 grammes<\/li>\n<\/ul>\n<p><strong>Emballage :<\/strong><\/p>\n<ul>\n<li>Scell\u00e9s sous vide dans des sachets transparents avec \u00e9tiquettes autocollantes ou dans des sachets color\u00e9s avec marquage personnalis\u00e9.<\/li>\n<\/ul>\n<p><strong>Sp\u00e9cifications de l'emballage :<\/strong><\/p>\n<ul>\n<li>7 \u00e0 10 sacs en poly\u00e9thyl\u00e8ne par carton (10 kg par carton)<\/li>\n<li>1 FCL : 2000 cartons (20 tonnes m\u00e9triques par conteneur HR de 40 pieds)<\/li>\n<\/ul>","protected":false},"excerpt":{"rendered":"<div class=\"flex max-w-full flex-col flex-grow\">\n<div class=\"min-h-[20px] text-message flex w-full flex-col items-end gap-2 break-words [.text-message+&amp;]:mt-5 overflow-x-auto whitespace-normal\" dir=\"auto\" data-message-author-role=\"assistant\" data-message-id=\"52150b6d-f773-455a-b7b8-ce3b7d1c8850\">\n<div class=\"flex w-full flex-col gap-1 empty:hidden first:pt-[3px]\">\n<div class=\"markdown prose w-full break-words dark:prose-invert light\">\n<p>Fournisseurs en gros de Sadia Chicken Breasts Bone In Skin On, Grade A, HALAL certified, avec possibilit\u00e9 d'\u00e9tiquetage et d'emballage sur mesure.<\/p>\n<\/div>\n<\/div>\n<\/div>\n<\/div>","protected":false},"featured_media":2882,"comment_status":"open","ping_status":"closed","template":"","meta":{"_joinchat":[]},"product_brand":[],"product_cat":[18],"product_tag":[],"class_list":{"0":"post-2834","1":"product","2":"type-product","3":"status-publish","4":"has-post-thumbnail","6":"product_cat-frozen-chicken","8":"first","9":"instock","10":"shipping-taxable","11":"purchasable","12":"product-type-variable","13":"has-default-attributes"},"yoast_head":"<!-- This site is optimized with the Yoast SEO plugin v27.4 - https:\/\/yoast.com\/product\/yoast-seo-wordpress\/ -->\n<title>Sadia Chicken Breasts Bone In Skin On for Sale - Best Supplier 2024<\/title>\n<meta name=\"description\" content=\"Order sadia chicken breasts bone-in skin-on for sale from the best supplier of 2024. Enjoy delicious, high-quality chicken perfect for roasting and grilling.\" \/>\n<meta name=\"robots\" content=\"index, follow, max-snippet:-1, max-image-preview:large, max-video-preview:-1\" \/>\n<link rel=\"canonical\" href=\"https:\/\/chickensmarket.com\/fr\/product\/poitrines-de-poulet-sadia-avec-os-et-peau\/\" \/>\n<meta property=\"og:locale\" content=\"fr_CA\" \/>\n<meta property=\"og:type\" content=\"article\" \/>\n<meta property=\"og:title\" content=\"Sadia Chicken Breasts Bone In Skin On for Sale - Best Supplier 2024\" \/>\n<meta property=\"og:description\" content=\"Order sadia chicken breasts bone-in skin-on for sale from the best supplier of 2024. Enjoy delicious, high-quality chicken perfect for roasting and grilling.\" \/>\n<meta property=\"og:url\" content=\"https:\/\/chickensmarket.com\/fr\/product\/poitrines-de-poulet-sadia-avec-os-et-peau\/\" \/>\n<meta property=\"og:site_name\" content=\"Chickens Market\" \/>\n<meta property=\"article:modified_time\" content=\"2026-04-21T11:31:05+00:00\" \/>\n<meta property=\"og:image\" content=\"https:\/\/chickensmarket.com\/wp-content\/uploads\/2026\/04\/Sadia-Chicken-Breasts-Bone-In-Skin-On.png\" \/>\n\t<meta property=\"og:image:width\" content=\"500\" \/>\n\t<meta property=\"og:image:height\" content=\"500\" \/>\n\t<meta property=\"og:image:type\" content=\"image\/png\" \/>\n<meta name=\"twitter:card\" content=\"summary_large_image\" \/>\n<meta name=\"twitter:label1\" content=\"Est. reading time\" \/>\n\t<meta name=\"twitter:data1\" content=\"1 minute\" \/>\n<script type=\"application\/ld+json\" class=\"yoast-schema-graph\">{\"@context\":\"https:\\\/\\\/schema.org\",\"@graph\":[{\"@type\":\"WebPage\",\"@id\":\"https:\\\/\\\/chickensmarket.com\\\/product\\\/sadia-chicken-breasts-bone-in-skin-on\\\/\",\"url\":\"https:\\\/\\\/chickensmarket.com\\\/product\\\/sadia-chicken-breasts-bone-in-skin-on\\\/\",\"name\":\"Sadia Chicken Breasts Bone In Skin On for Sale - Best Supplier 2024\",\"isPartOf\":{\"@id\":\"https:\\\/\\\/chickensmarket.com\\\/#website\"},\"primaryImageOfPage\":{\"@id\":\"https:\\\/\\\/chickensmarket.com\\\/product\\\/sadia-chicken-breasts-bone-in-skin-on\\\/#primaryimage\"},\"image\":{\"@id\":\"https:\\\/\\\/chickensmarket.com\\\/product\\\/sadia-chicken-breasts-bone-in-skin-on\\\/#primaryimage\"},\"thumbnailUrl\":\"https:\\\/\\\/chickensmarket.com\\\/wp-content\\\/uploads\\\/2026\\\/04\\\/Sadia-Chicken-Breasts-Bone-In-Skin-On.png\",\"datePublished\":\"2026-04-21T11:29:47+00:00\",\"dateModified\":\"2026-04-21T11:31:05+00:00\",\"description\":\"Order sadia chicken breasts bone-in skin-on for sale from the best supplier of 2024. Enjoy delicious, high-quality chicken perfect for roasting and grilling.\",\"breadcrumb\":{\"@id\":\"https:\\\/\\\/chickensmarket.com\\\/product\\\/sadia-chicken-breasts-bone-in-skin-on\\\/#breadcrumb\"},\"inLanguage\":\"fr-CA\",\"potentialAction\":[{\"@type\":\"ReadAction\",\"target\":[\"https:\\\/\\\/chickensmarket.com\\\/product\\\/sadia-chicken-breasts-bone-in-skin-on\\\/\"]}]},{\"@type\":\"ImageObject\",\"inLanguage\":\"fr-CA\",\"@id\":\"https:\\\/\\\/chickensmarket.com\\\/product\\\/sadia-chicken-breasts-bone-in-skin-on\\\/#primaryimage\",\"url\":\"https:\\\/\\\/chickensmarket.com\\\/wp-content\\\/uploads\\\/2026\\\/04\\\/Sadia-Chicken-Breasts-Bone-In-Skin-On.png\",\"contentUrl\":\"https:\\\/\\\/chickensmarket.com\\\/wp-content\\\/uploads\\\/2026\\\/04\\\/Sadia-Chicken-Breasts-Bone-In-Skin-On.png\",\"width\":500,\"height\":500},{\"@type\":\"BreadcrumbList\",\"@id\":\"https:\\\/\\\/chickensmarket.com\\\/product\\\/sadia-chicken-breasts-bone-in-skin-on\\\/#breadcrumb\",\"itemListElement\":[{\"@type\":\"ListItem\",\"position\":1,\"name\":\"Home\",\"item\":\"https:\\\/\\\/chickensmarket.com\\\/\"},{\"@type\":\"ListItem\",\"position\":2,\"name\":\"Shop\",\"item\":\"https:\\\/\\\/chickensmarket.com\\\/shop\\\/\"},{\"@type\":\"ListItem\",\"position\":3,\"name\":\"Sadia Chicken Breasts Bone In Skin On\"}]},{\"@type\":\"WebSite\",\"@id\":\"https:\\\/\\\/chickensmarket.com\\\/#website\",\"url\":\"https:\\\/\\\/chickensmarket.com\\\/\",\"name\":\"Chickens Market\",\"description\":\"Premium Frozen Chicken &amp; Eggs\",\"publisher\":{\"@id\":\"https:\\\/\\\/chickensmarket.com\\\/#organization\"},\"potentialAction\":[{\"@type\":\"SearchAction\",\"target\":{\"@type\":\"EntryPoint\",\"urlTemplate\":\"https:\\\/\\\/chickensmarket.com\\\/?s={search_term_string}\"},\"query-input\":{\"@type\":\"PropertyValueSpecification\",\"valueRequired\":true,\"valueName\":\"search_term_string\"}}],\"inLanguage\":\"fr-CA\"},{\"@type\":\"Organization\",\"@id\":\"https:\\\/\\\/chickensmarket.com\\\/#organization\",\"name\":\"Chickens Market\",\"url\":\"https:\\\/\\\/chickensmarket.com\\\/\",\"logo\":{\"@type\":\"ImageObject\",\"inLanguage\":\"fr-CA\",\"@id\":\"https:\\\/\\\/chickensmarket.com\\\/#\\\/schema\\\/logo\\\/image\\\/\",\"url\":\"https:\\\/\\\/chickensmarket.com\\\/wp-content\\\/uploads\\\/2024\\\/08\\\/chickens-market-2.png\",\"contentUrl\":\"https:\\\/\\\/chickensmarket.com\\\/wp-content\\\/uploads\\\/2024\\\/08\\\/chickens-market-2.png\",\"width\":508,\"height\":352,\"caption\":\"Chickens Market\"},\"image\":{\"@id\":\"https:\\\/\\\/chickensmarket.com\\\/#\\\/schema\\\/logo\\\/image\\\/\"}}]}<\/script>\n<!-- \/ Yoast SEO plugin. -->","yoast_head_json":{"title":"Sadia Chicken Breasts Bone In Skin On for Sale - Best Supplier 2024","description":"Commandez des poitrines de poulet sadia avec os et peau en vente aupr\u00e8s du meilleur fournisseur de 2024. Savourez un poulet d\u00e9licieux et de grande qualit\u00e9, parfait pour les r\u00f4tis et les grillades.","robots":{"index":"index","follow":"follow","max-snippet":"max-snippet:-1","max-image-preview":"max-image-preview:large","max-video-preview":"max-video-preview:-1"},"canonical":"https:\/\/chickensmarket.com\/fr\/product\/poitrines-de-poulet-sadia-avec-os-et-peau\/","og_locale":"fr_CA","og_type":"article","og_title":"Sadia Chicken Breasts Bone In Skin On for Sale - Best Supplier 2024","og_description":"Order sadia chicken breasts bone-in skin-on for sale from the best supplier of 2024. Enjoy delicious, high-quality chicken perfect for roasting and grilling.","og_url":"https:\/\/chickensmarket.com\/fr\/product\/poitrines-de-poulet-sadia-avec-os-et-peau\/","og_site_name":"Chickens Market","article_modified_time":"2026-04-21T11:31:05+00:00","og_image":[{"width":500,"height":500,"url":"https:\/\/chickensmarket.com\/wp-content\/uploads\/2026\/04\/Sadia-Chicken-Breasts-Bone-In-Skin-On.png","type":"image\/png"}],"twitter_card":"summary_large_image","twitter_misc":{"Est. reading time":"1 minute"},"schema":{"@context":"https:\/\/schema.org","@graph":[{"@type":"WebPage","@id":"https:\/\/chickensmarket.com\/product\/sadia-chicken-breasts-bone-in-skin-on\/","url":"https:\/\/chickensmarket.com\/product\/sadia-chicken-breasts-bone-in-skin-on\/","name":"Sadia Chicken Breasts Bone In Skin On for Sale - Best Supplier 2024","isPartOf":{"@id":"https:\/\/chickensmarket.com\/#website"},"primaryImageOfPage":{"@id":"https:\/\/chickensmarket.com\/product\/sadia-chicken-breasts-bone-in-skin-on\/#primaryimage"},"image":{"@id":"https:\/\/chickensmarket.com\/product\/sadia-chicken-breasts-bone-in-skin-on\/#primaryimage"},"thumbnailUrl":"https:\/\/chickensmarket.com\/wp-content\/uploads\/2026\/04\/Sadia-Chicken-Breasts-Bone-In-Skin-On.png","datePublished":"2026-04-21T11:29:47+00:00","dateModified":"2026-04-21T11:31:05+00:00","description":"Commandez des poitrines de poulet sadia avec os et peau en vente aupr\u00e8s du meilleur fournisseur de 2024. Savourez un poulet d\u00e9licieux et de grande qualit\u00e9, parfait pour les r\u00f4tis et les grillades.","breadcrumb":{"@id":"https:\/\/chickensmarket.com\/product\/sadia-chicken-breasts-bone-in-skin-on\/#breadcrumb"},"inLanguage":"fr-CA","potentialAction":[{"@type":"ReadAction","target":["https:\/\/chickensmarket.com\/product\/sadia-chicken-breasts-bone-in-skin-on\/"]}]},{"@type":"ImageObject","inLanguage":"fr-CA","@id":"https:\/\/chickensmarket.com\/product\/sadia-chicken-breasts-bone-in-skin-on\/#primaryimage","url":"https:\/\/chickensmarket.com\/wp-content\/uploads\/2026\/04\/Sadia-Chicken-Breasts-Bone-In-Skin-On.png","contentUrl":"https:\/\/chickensmarket.com\/wp-content\/uploads\/2026\/04\/Sadia-Chicken-Breasts-Bone-In-Skin-On.png","width":500,"height":500},{"@type":"BreadcrumbList","@id":"https:\/\/chickensmarket.com\/product\/sadia-chicken-breasts-bone-in-skin-on\/#breadcrumb","itemListElement":[{"@type":"ListItem","position":1,"name":"Home","item":"https:\/\/chickensmarket.com\/"},{"@type":"ListItem","position":2,"name":"Shop","item":"https:\/\/chickensmarket.com\/shop\/"},{"@type":"ListItem","position":3,"name":"Sadia Chicken Breasts Bone In Skin On"}]},{"@type":"WebSite","@id":"https:\/\/chickensmarket.com\/#website","url":"https:\/\/chickensmarket.com\/","name":"March\u00e9 des poulets","description":"Poulet et \u0153ufs surgel\u00e9s de premi\u00e8re qualit\u00e9","publisher":{"@id":"https:\/\/chickensmarket.com\/#organization"},"potentialAction":[{"@type":"SearchAction","target":{"@type":"EntryPoint","urlTemplate":"https:\/\/chickensmarket.com\/?s={search_term_string}"},"query-input":{"@type":"PropertyValueSpecification","valueRequired":true,"valueName":"search_term_string"}}],"inLanguage":"fr-CA"},{"@type":"Organization","@id":"https:\/\/chickensmarket.com\/#organization","name":"March\u00e9 des poulets","url":"https:\/\/chickensmarket.com\/","logo":{"@type":"ImageObject","inLanguage":"fr-CA","@id":"https:\/\/chickensmarket.com\/#\/schema\/logo\/image\/","url":"https:\/\/chickensmarket.com\/wp-content\/uploads\/2024\/08\/chickens-market-2.png","contentUrl":"https:\/\/chickensmarket.com\/wp-content\/uploads\/2024\/08\/chickens-market-2.png","width":508,"height":352,"caption":"Chickens Market"},"image":{"@id":"https:\/\/chickensmarket.com\/#\/schema\/logo\/image\/"}}]}},"_links":{"self":[{"href":"https:\/\/chickensmarket.com\/fr\/wp-json\/wp\/v2\/product\/2834","targetHints":{"allow":["GET"]}}],"collection":[{"href":"https:\/\/chickensmarket.com\/fr\/wp-json\/wp\/v2\/product"}],"about":[{"href":"https:\/\/chickensmarket.com\/fr\/wp-json\/wp\/v2\/types\/product"}],"replies":[{"embeddable":true,"href":"https:\/\/chickensmarket.com\/fr\/wp-json\/wp\/v2\/comments?post=2834"}],"wp:featuredmedia":[{"embeddable":true,"href":"https:\/\/chickensmarket.com\/fr\/wp-json\/wp\/v2\/media\/2882"}],"wp:attachment":[{"href":"https:\/\/chickensmarket.com\/fr\/wp-json\/wp\/v2\/media?parent=2834"}],"wp:term":[{"taxonomy":"product_brand","embeddable":true,"href":"https:\/\/chickensmarket.com\/fr\/wp-json\/wp\/v2\/product_brand?post=2834"},{"taxonomy":"product_cat","embeddable":true,"href":"https:\/\/chickensmarket.com\/fr\/wp-json\/wp\/v2\/product_cat?post=2834"},{"taxonomy":"product_tag","embeddable":true,"href":"https:\/\/chickensmarket.com\/fr\/wp-json\/wp\/v2\/product_tag?post=2834"}],"curies":[{"name":"wp","href":"https:\/\/api.w.org\/{rel}","templated":true}]}}