{"id":2832,"date":"2026-04-21T11:29:47","date_gmt":"2026-04-21T11:29:47","guid":{"rendered":"https:\/\/chickensmarket.com\/?post_type=product&#038;p=2832"},"modified":"2026-04-21T11:30:47","modified_gmt":"2026-04-21T11:30:47","slug":"frozen-chicken-leg-quarter-for-sale","status":"publish","type":"product","link":"https:\/\/chickensmarket.com\/fr\/product\/frozen-chicken-leg-quarter-for-sale\/","title":{"rendered":"Quartier de poulet congel\u00e9 \u00e0 vendre"},"content":{"rendered":"<h2>Quartier de poulet congel\u00e9 \u00e0 vendre<\/h2>\n<p>Nous sommes fournisseurs et exportateurs en gros de <a href=\"https:\/\/govisaraphotography.com\/product\/chicken-leg-quarter-for-sale\/\">Quartier de poulet surgel\u00e9<\/a>. Nos quartiers de poulet certifi\u00e9s HALAL sont produits dans des installations certifi\u00e9es ISO et offrent les meilleurs prix du march\u00e9. Nous proposons d\u00e9sormais un \u00e9tiquetage personnalis\u00e9 OEM et des options d'emballage pr\u00e9f\u00e9r\u00e9es par le client.<\/p>\n<p><strong>Poids\/taille :<\/strong><\/p>\n<ul>\n<li>100 grammes - 900 grammes<\/li>\n<\/ul>\n<p><strong>Emballage :<\/strong><\/p>\n<ul>\n<li>Emballage sous vide<\/li>\n<\/ul>\n<p><strong>Sp\u00e9cifications de l'emballage :<\/strong><\/p>\n<ul>\n<li>5 x 2 kg par carton (10 kg)<\/li>\n<li>6 x 2 kg par carton (12 kg)<\/li>\n<li>12 x 1 kg par carton (12 kg)<\/li>\n<li>10 x 1 kg par carton (10 kg)<\/li>\n<\/ul>\n<p><strong>Exportateur :<\/strong> BRF SA Global, S\u00e3o Paulo<\/p>","protected":false},"excerpt":{"rendered":"<div class=\"flex max-w-full flex-col flex-grow\">\n<div class=\"min-h-[20px] text-message flex w-full flex-col items-end gap-2 break-words [.text-message+&amp;]:mt-5 overflow-x-auto whitespace-normal\" dir=\"auto\" data-message-author-role=\"assistant\" data-message-id=\"7e5ca51d-3a38-4b7b-ab1c-f2641eaa4e5f\">\n<div class=\"flex w-full flex-col gap-1 empty:hidden first:pt-[3px]\">\n<div class=\"markdown prose w-full break-words dark:prose-invert light\">\n<p>Fournisseurs en gros et exportateurs de quartiers de poulet HALAL, offrant des options d'\u00e9tiquetage personnalis\u00e9 et d'emballage sous vide \u00e0 des prix comp\u00e9titifs.<\/p>\n<\/div>\n<\/div>\n<\/div>\n<\/div>\n<div class=\"mt-1 flex gap-3 empty:hidden -ml-2\">\n<div class=\"items-center justify-start rounded-xl p-1 flex\">\n<div class=\"flex items-center\">\n<div class=\"flex items-center pb-0\">\n<div class=\"[&amp;_svg]:h-full [&amp;_svg]:w-full icon-md h-4 w-4\"><\/div>\n<\/div>\n<\/div>\n<\/div>\n<\/div>","protected":false},"featured_media":2878,"comment_status":"open","ping_status":"closed","template":"","meta":{"_joinchat":[]},"product_brand":[],"product_cat":[18],"product_tag":[],"class_list":{"0":"post-2832","1":"product","2":"type-product","3":"status-publish","4":"has-post-thumbnail","6":"product_cat-frozen-chicken","8":"first","9":"instock","10":"shipping-taxable","11":"purchasable","12":"product-type-variable","13":"has-default-attributes"},"yoast_head":"<!-- This site is optimized with the Yoast SEO plugin v27.4 - https:\/\/yoast.com\/product\/yoast-seo-wordpress\/ -->\n<title>Buy Frozen Chicken Leg Quarter for Sale Online at Best Supplier<\/title>\n<meta name=\"description\" content=\"Get frozen chicken leg quarter for sale from a leading supplier in 2024. Perfect for a variety of dishes, offering rich flavor and top-notch quality. Buy Now!\" \/>\n<meta name=\"robots\" content=\"index, follow, max-snippet:-1, max-image-preview:large, max-video-preview:-1\" \/>\n<link rel=\"canonical\" href=\"https:\/\/chickensmarket.com\/fr\/product\/frozen-chicken-leg-quarter-for-sale\/\" \/>\n<meta property=\"og:locale\" content=\"fr_CA\" \/>\n<meta property=\"og:type\" content=\"article\" \/>\n<meta property=\"og:title\" content=\"Buy Frozen Chicken Leg Quarter for Sale Online at Best Supplier\" \/>\n<meta property=\"og:description\" content=\"Get frozen chicken leg quarter for sale from a leading supplier in 2024. Perfect for a variety of dishes, offering rich flavor and top-notch quality. Buy Now!\" \/>\n<meta property=\"og:url\" content=\"https:\/\/chickensmarket.com\/fr\/product\/frozen-chicken-leg-quarter-for-sale\/\" \/>\n<meta property=\"og:site_name\" content=\"Chickens Market\" \/>\n<meta property=\"article:modified_time\" content=\"2026-04-21T11:30:47+00:00\" \/>\n<meta property=\"og:image\" content=\"https:\/\/chickensmarket.com\/wp-content\/uploads\/2026\/04\/Chicken-Leg-Quarter-For-Sale-1.png\" \/>\n\t<meta property=\"og:image:width\" content=\"512\" \/>\n\t<meta property=\"og:image:height\" content=\"512\" \/>\n\t<meta property=\"og:image:type\" content=\"image\/png\" \/>\n<meta name=\"twitter:card\" content=\"summary_large_image\" \/>\n<meta name=\"twitter:label1\" content=\"Est. reading time\" \/>\n\t<meta name=\"twitter:data1\" content=\"1 minute\" \/>\n<script type=\"application\/ld+json\" class=\"yoast-schema-graph\">{\"@context\":\"https:\\\/\\\/schema.org\",\"@graph\":[{\"@type\":\"WebPage\",\"@id\":\"https:\\\/\\\/chickensmarket.com\\\/product\\\/frozen-chicken-leg-quarter-for-sale\\\/\",\"url\":\"https:\\\/\\\/chickensmarket.com\\\/product\\\/frozen-chicken-leg-quarter-for-sale\\\/\",\"name\":\"Buy Frozen Chicken Leg Quarter for Sale Online at Best Supplier\",\"isPartOf\":{\"@id\":\"https:\\\/\\\/chickensmarket.com\\\/#website\"},\"primaryImageOfPage\":{\"@id\":\"https:\\\/\\\/chickensmarket.com\\\/product\\\/frozen-chicken-leg-quarter-for-sale\\\/#primaryimage\"},\"image\":{\"@id\":\"https:\\\/\\\/chickensmarket.com\\\/product\\\/frozen-chicken-leg-quarter-for-sale\\\/#primaryimage\"},\"thumbnailUrl\":\"https:\\\/\\\/chickensmarket.com\\\/wp-content\\\/uploads\\\/2026\\\/04\\\/Chicken-Leg-Quarter-For-Sale-1.png\",\"datePublished\":\"2026-04-21T11:29:47+00:00\",\"dateModified\":\"2026-04-21T11:30:47+00:00\",\"description\":\"Get frozen chicken leg quarter for sale from a leading supplier in 2024. Perfect for a variety of dishes, offering rich flavor and top-notch quality. Buy Now!\",\"breadcrumb\":{\"@id\":\"https:\\\/\\\/chickensmarket.com\\\/product\\\/frozen-chicken-leg-quarter-for-sale\\\/#breadcrumb\"},\"inLanguage\":\"fr-CA\",\"potentialAction\":[{\"@type\":\"ReadAction\",\"target\":[\"https:\\\/\\\/chickensmarket.com\\\/product\\\/frozen-chicken-leg-quarter-for-sale\\\/\"]}]},{\"@type\":\"ImageObject\",\"inLanguage\":\"fr-CA\",\"@id\":\"https:\\\/\\\/chickensmarket.com\\\/product\\\/frozen-chicken-leg-quarter-for-sale\\\/#primaryimage\",\"url\":\"https:\\\/\\\/chickensmarket.com\\\/wp-content\\\/uploads\\\/2026\\\/04\\\/Chicken-Leg-Quarter-For-Sale-1.png\",\"contentUrl\":\"https:\\\/\\\/chickensmarket.com\\\/wp-content\\\/uploads\\\/2026\\\/04\\\/Chicken-Leg-Quarter-For-Sale-1.png\",\"width\":512,\"height\":512},{\"@type\":\"BreadcrumbList\",\"@id\":\"https:\\\/\\\/chickensmarket.com\\\/product\\\/frozen-chicken-leg-quarter-for-sale\\\/#breadcrumb\",\"itemListElement\":[{\"@type\":\"ListItem\",\"position\":1,\"name\":\"Home\",\"item\":\"https:\\\/\\\/chickensmarket.com\\\/\"},{\"@type\":\"ListItem\",\"position\":2,\"name\":\"Shop\",\"item\":\"https:\\\/\\\/chickensmarket.com\\\/shop\\\/\"},{\"@type\":\"ListItem\",\"position\":3,\"name\":\"Frozen Chicken Leg Quarter for Sale\"}]},{\"@type\":\"WebSite\",\"@id\":\"https:\\\/\\\/chickensmarket.com\\\/#website\",\"url\":\"https:\\\/\\\/chickensmarket.com\\\/\",\"name\":\"Chickens Market\",\"description\":\"Premium Frozen Chicken &amp; Eggs\",\"publisher\":{\"@id\":\"https:\\\/\\\/chickensmarket.com\\\/#organization\"},\"potentialAction\":[{\"@type\":\"SearchAction\",\"target\":{\"@type\":\"EntryPoint\",\"urlTemplate\":\"https:\\\/\\\/chickensmarket.com\\\/?s={search_term_string}\"},\"query-input\":{\"@type\":\"PropertyValueSpecification\",\"valueRequired\":true,\"valueName\":\"search_term_string\"}}],\"inLanguage\":\"fr-CA\"},{\"@type\":\"Organization\",\"@id\":\"https:\\\/\\\/chickensmarket.com\\\/#organization\",\"name\":\"Chickens Market\",\"url\":\"https:\\\/\\\/chickensmarket.com\\\/\",\"logo\":{\"@type\":\"ImageObject\",\"inLanguage\":\"fr-CA\",\"@id\":\"https:\\\/\\\/chickensmarket.com\\\/#\\\/schema\\\/logo\\\/image\\\/\",\"url\":\"https:\\\/\\\/chickensmarket.com\\\/wp-content\\\/uploads\\\/2024\\\/08\\\/chickens-market-2.png\",\"contentUrl\":\"https:\\\/\\\/chickensmarket.com\\\/wp-content\\\/uploads\\\/2024\\\/08\\\/chickens-market-2.png\",\"width\":508,\"height\":352,\"caption\":\"Chickens Market\"},\"image\":{\"@id\":\"https:\\\/\\\/chickensmarket.com\\\/#\\\/schema\\\/logo\\\/image\\\/\"}}]}<\/script>\n<!-- \/ Yoast SEO plugin. -->","yoast_head_json":{"title":"Buy Frozen Chicken Leg Quarter for Sale Online at Best Supplier (Acheter des quartiers de poulet surgel\u00e9s pour la vente en ligne)","description":"Obtenez des quartiers de cuisse de poulet congel\u00e9s \u00e0 vendre aupr\u00e8s d'un fournisseur de premier plan en 2024. Parfait pour une vari\u00e9t\u00e9 de plats, il offre une saveur riche et une qualit\u00e9 de premier ordre. Achetez maintenant !","robots":{"index":"index","follow":"follow","max-snippet":"max-snippet:-1","max-image-preview":"max-image-preview:large","max-video-preview":"max-video-preview:-1"},"canonical":"https:\/\/chickensmarket.com\/fr\/product\/frozen-chicken-leg-quarter-for-sale\/","og_locale":"fr_CA","og_type":"article","og_title":"Buy Frozen Chicken Leg Quarter for Sale Online at Best Supplier","og_description":"Get frozen chicken leg quarter for sale from a leading supplier in 2024. Perfect for a variety of dishes, offering rich flavor and top-notch quality. Buy Now!","og_url":"https:\/\/chickensmarket.com\/fr\/product\/frozen-chicken-leg-quarter-for-sale\/","og_site_name":"Chickens Market","article_modified_time":"2026-04-21T11:30:47+00:00","og_image":[{"width":512,"height":512,"url":"https:\/\/chickensmarket.com\/wp-content\/uploads\/2026\/04\/Chicken-Leg-Quarter-For-Sale-1.png","type":"image\/png"}],"twitter_card":"summary_large_image","twitter_misc":{"Est. reading time":"1 minute"},"schema":{"@context":"https:\/\/schema.org","@graph":[{"@type":"WebPage","@id":"https:\/\/chickensmarket.com\/product\/frozen-chicken-leg-quarter-for-sale\/","url":"https:\/\/chickensmarket.com\/product\/frozen-chicken-leg-quarter-for-sale\/","name":"Buy Frozen Chicken Leg Quarter for Sale Online at Best Supplier (Acheter des quartiers de poulet surgel\u00e9s pour la vente en ligne)","isPartOf":{"@id":"https:\/\/chickensmarket.com\/#website"},"primaryImageOfPage":{"@id":"https:\/\/chickensmarket.com\/product\/frozen-chicken-leg-quarter-for-sale\/#primaryimage"},"image":{"@id":"https:\/\/chickensmarket.com\/product\/frozen-chicken-leg-quarter-for-sale\/#primaryimage"},"thumbnailUrl":"https:\/\/chickensmarket.com\/wp-content\/uploads\/2026\/04\/Chicken-Leg-Quarter-For-Sale-1.png","datePublished":"2026-04-21T11:29:47+00:00","dateModified":"2026-04-21T11:30:47+00:00","description":"Obtenez des quartiers de cuisse de poulet congel\u00e9s \u00e0 vendre aupr\u00e8s d'un fournisseur de premier plan en 2024. Parfait pour une vari\u00e9t\u00e9 de plats, il offre une saveur riche et une qualit\u00e9 de premier ordre. Achetez maintenant !","breadcrumb":{"@id":"https:\/\/chickensmarket.com\/product\/frozen-chicken-leg-quarter-for-sale\/#breadcrumb"},"inLanguage":"fr-CA","potentialAction":[{"@type":"ReadAction","target":["https:\/\/chickensmarket.com\/product\/frozen-chicken-leg-quarter-for-sale\/"]}]},{"@type":"ImageObject","inLanguage":"fr-CA","@id":"https:\/\/chickensmarket.com\/product\/frozen-chicken-leg-quarter-for-sale\/#primaryimage","url":"https:\/\/chickensmarket.com\/wp-content\/uploads\/2026\/04\/Chicken-Leg-Quarter-For-Sale-1.png","contentUrl":"https:\/\/chickensmarket.com\/wp-content\/uploads\/2026\/04\/Chicken-Leg-Quarter-For-Sale-1.png","width":512,"height":512},{"@type":"BreadcrumbList","@id":"https:\/\/chickensmarket.com\/product\/frozen-chicken-leg-quarter-for-sale\/#breadcrumb","itemListElement":[{"@type":"ListItem","position":1,"name":"Home","item":"https:\/\/chickensmarket.com\/"},{"@type":"ListItem","position":2,"name":"Shop","item":"https:\/\/chickensmarket.com\/shop\/"},{"@type":"ListItem","position":3,"name":"Frozen Chicken Leg Quarter for Sale"}]},{"@type":"WebSite","@id":"https:\/\/chickensmarket.com\/#website","url":"https:\/\/chickensmarket.com\/","name":"March\u00e9 des poulets","description":"Poulet et \u0153ufs surgel\u00e9s de premi\u00e8re qualit\u00e9","publisher":{"@id":"https:\/\/chickensmarket.com\/#organization"},"potentialAction":[{"@type":"SearchAction","target":{"@type":"EntryPoint","urlTemplate":"https:\/\/chickensmarket.com\/?s={search_term_string}"},"query-input":{"@type":"PropertyValueSpecification","valueRequired":true,"valueName":"search_term_string"}}],"inLanguage":"fr-CA"},{"@type":"Organization","@id":"https:\/\/chickensmarket.com\/#organization","name":"March\u00e9 des poulets","url":"https:\/\/chickensmarket.com\/","logo":{"@type":"ImageObject","inLanguage":"fr-CA","@id":"https:\/\/chickensmarket.com\/#\/schema\/logo\/image\/","url":"https:\/\/chickensmarket.com\/wp-content\/uploads\/2024\/08\/chickens-market-2.png","contentUrl":"https:\/\/chickensmarket.com\/wp-content\/uploads\/2024\/08\/chickens-market-2.png","width":508,"height":352,"caption":"Chickens Market"},"image":{"@id":"https:\/\/chickensmarket.com\/#\/schema\/logo\/image\/"}}]}},"_links":{"self":[{"href":"https:\/\/chickensmarket.com\/fr\/wp-json\/wp\/v2\/product\/2832","targetHints":{"allow":["GET"]}}],"collection":[{"href":"https:\/\/chickensmarket.com\/fr\/wp-json\/wp\/v2\/product"}],"about":[{"href":"https:\/\/chickensmarket.com\/fr\/wp-json\/wp\/v2\/types\/product"}],"replies":[{"embeddable":true,"href":"https:\/\/chickensmarket.com\/fr\/wp-json\/wp\/v2\/comments?post=2832"}],"wp:featuredmedia":[{"embeddable":true,"href":"https:\/\/chickensmarket.com\/fr\/wp-json\/wp\/v2\/media\/2878"}],"wp:attachment":[{"href":"https:\/\/chickensmarket.com\/fr\/wp-json\/wp\/v2\/media?parent=2832"}],"wp:term":[{"taxonomy":"product_brand","embeddable":true,"href":"https:\/\/chickensmarket.com\/fr\/wp-json\/wp\/v2\/product_brand?post=2832"},{"taxonomy":"product_cat","embeddable":true,"href":"https:\/\/chickensmarket.com\/fr\/wp-json\/wp\/v2\/product_cat?post=2832"},{"taxonomy":"product_tag","embeddable":true,"href":"https:\/\/chickensmarket.com\/fr\/wp-json\/wp\/v2\/product_tag?post=2832"}],"curies":[{"name":"wp","href":"https:\/\/api.w.org\/{rel}","templated":true}]}}