{"id":2827,"date":"2026-04-21T11:29:47","date_gmt":"2026-04-21T11:29:47","guid":{"rendered":"https:\/\/chickensmarket.com\/?post_type=product&#038;p=2827"},"modified":"2026-04-21T11:30:47","modified_gmt":"2026-04-21T11:30:47","slug":"poulet-mdm-a-vendre","status":"publish","type":"product","link":"https:\/\/chickensmarket.com\/fr\/product\/poulet-mdm-a-vendre\/","title":{"rendered":"Chicken MDM \u00e0 vendre"},"content":{"rendered":"<h3><strong>MDM de poulet halal de premi\u00e8re qualit\u00e9 disponible \u00e0 la vente<\/strong><\/h3>\n<p>Notre <a href=\"https:\/\/govisaraphotography.com\/product\/chicken-mdm-for-sale\/\">Poulet halal MDM<\/a> (Mechanically Deboned Meat) est fabriqu\u00e9 \u00e0 partir de volailles saines soigneusement abattues. Ce produit contient des os de poulet entiers qui sont hach\u00e9s m\u00e9caniquement pour produire de la viande rouge et fra\u00eeche. Le MDM contient 18% \u00b1 2% de graisse, 15% \u00b1 1% de prot\u00e9ines et 65% \u00b1 2% d'humidit\u00e9, avec une taille de particule ne d\u00e9passant pas 1mm et une teneur maximale en calcium de 2500ppm.<\/p>\n<ul>\n<li><strong>D\u00e9tails de l'emballage :<\/strong> Notre MDM de poulet halal est emball\u00e9 dans des sacs en poly\u00e9thyl\u00e8ne transparents avec des \u00e9tiquettes ou des sacs color\u00e9s portant la marque du client. Les sp\u00e9cifications d'emballage standard comprennent des blocs de 5 kg (2 par carton, pour un total de 10 kg) ou des emballages personnalis\u00e9s en fonction des besoins du client.<\/li>\n<li><strong>Certificats d'inspection :<\/strong> Nos produits sont certifi\u00e9s HALAL, HACCP, ISO, CIQ et UE.<\/li>\n<li><strong>Temp\u00e9rature de stockage :<\/strong> Le produit doit \u00eatre conserv\u00e9 \u00e0 une temp\u00e9rature de -18\u00b0C pour maintenir sa qualit\u00e9.<\/li>\n<li><strong>Capacit\u00e9 d'approvisionnement :<\/strong> Nous sommes en mesure de fournir chaque mois 1000 tonnes m\u00e9triques (conteneurs RH de 40 x 40') de MDM de poulet surgel\u00e9 halal.<\/li>\n<\/ul>","protected":false},"excerpt":{"rendered":"<div class=\"flex max-w-full flex-col flex-grow\">\n<div class=\"min-h-[20px] text-message flex w-full flex-col items-end gap-2 break-words [.text-message+&amp;]:mt-5 overflow-x-auto whitespace-normal\" dir=\"auto\" data-message-author-role=\"assistant\" data-message-id=\"de3f7e3c-30d4-4c3b-b9bf-3acabb0ff4ae\">\n<div class=\"flex w-full flex-col gap-1 empty:hidden first:pt-[3px]\">\n<div class=\"markdown prose w-full break-words dark:prose-invert light\">\n<div class=\"flex max-w-full flex-col flex-grow\">\n<div class=\"min-h-[20px] text-message flex w-full flex-col items-end gap-2 break-words [.text-message+&amp;]:mt-5 overflow-x-auto whitespace-normal\" dir=\"auto\" data-message-author-role=\"assistant\" data-message-id=\"46c007cc-7b50-4f08-a22e-3dae1a56073a\">\n<div class=\"flex w-full flex-col gap-1 empty:hidden first:pt-[3px]\">\n<div class=\"markdown prose w-full break-words dark:prose-invert light\">\n<p>Poulet frais Halal MDM, hach\u00e9 m\u00e9caniquement \u00e0 partir de poulets entiers, certifi\u00e9 et emball\u00e9 pour la qualit\u00e9. Id\u00e9al pour diverses utilisations culinaires.<\/p>\n<\/div>\n<\/div>\n<\/div>\n<\/div>\n<\/div>\n<\/div>\n<\/div>\n<\/div>","protected":false},"featured_media":2857,"comment_status":"open","ping_status":"closed","template":"","meta":{"_joinchat":[]},"product_brand":[],"product_cat":[18],"product_tag":[],"class_list":{"0":"post-2827","1":"product","2":"type-product","3":"status-publish","4":"has-post-thumbnail","6":"product_cat-frozen-chicken","8":"first","9":"instock","10":"shipping-taxable","11":"purchasable","12":"product-type-variable","13":"has-default-attributes"},"yoast_head":"<!-- This site is optimized with the Yoast SEO plugin v27.4 - https:\/\/yoast.com\/product\/yoast-seo-wordpress\/ -->\n<title>Buy High-Quality Halal Chicken MDM Online \u2013 Best Supplier 2024<\/title>\n<meta name=\"description\" content=\"Buy high-quality halal chicken MDM online from the top supplier of 2024. Perfect for various dishes, our premium minced chicken offers great taste and value.\" \/>\n<meta name=\"robots\" content=\"index, follow, max-snippet:-1, max-image-preview:large, max-video-preview:-1\" \/>\n<link rel=\"canonical\" href=\"https:\/\/chickensmarket.com\/fr\/product\/poulet-mdm-a-vendre\/\" \/>\n<meta property=\"og:locale\" content=\"fr_CA\" \/>\n<meta property=\"og:type\" content=\"article\" \/>\n<meta property=\"og:title\" content=\"Buy High-Quality Halal Chicken MDM Online \u2013 Best Supplier 2024\" \/>\n<meta property=\"og:description\" content=\"Buy high-quality halal chicken MDM online from the top supplier of 2024. Perfect for various dishes, our premium minced chicken offers great taste and value.\" \/>\n<meta property=\"og:url\" content=\"https:\/\/chickensmarket.com\/fr\/product\/poulet-mdm-a-vendre\/\" \/>\n<meta property=\"og:site_name\" content=\"Chickens Market\" \/>\n<meta property=\"article:modified_time\" content=\"2026-04-21T11:30:47+00:00\" \/>\n<meta property=\"og:image\" content=\"https:\/\/chickensmarket.com\/wp-content\/uploads\/2026\/04\/Chicken-MDM-For-Sale-1.png\" \/>\n\t<meta property=\"og:image:width\" content=\"500\" \/>\n\t<meta property=\"og:image:height\" content=\"500\" \/>\n\t<meta property=\"og:image:type\" content=\"image\/png\" \/>\n<meta name=\"twitter:card\" content=\"summary_large_image\" \/>\n<meta name=\"twitter:label1\" content=\"Est. reading time\" \/>\n\t<meta name=\"twitter:data1\" content=\"1 minute\" \/>\n<script type=\"application\/ld+json\" class=\"yoast-schema-graph\">{\"@context\":\"https:\\\/\\\/schema.org\",\"@graph\":[{\"@type\":\"WebPage\",\"@id\":\"https:\\\/\\\/chickensmarket.com\\\/product\\\/chicken-mdm-for-sale\\\/\",\"url\":\"https:\\\/\\\/chickensmarket.com\\\/product\\\/chicken-mdm-for-sale\\\/\",\"name\":\"Buy High-Quality Halal Chicken MDM Online \u2013 Best Supplier 2024\",\"isPartOf\":{\"@id\":\"https:\\\/\\\/chickensmarket.com\\\/#website\"},\"primaryImageOfPage\":{\"@id\":\"https:\\\/\\\/chickensmarket.com\\\/product\\\/chicken-mdm-for-sale\\\/#primaryimage\"},\"image\":{\"@id\":\"https:\\\/\\\/chickensmarket.com\\\/product\\\/chicken-mdm-for-sale\\\/#primaryimage\"},\"thumbnailUrl\":\"https:\\\/\\\/chickensmarket.com\\\/wp-content\\\/uploads\\\/2026\\\/04\\\/Chicken-MDM-For-Sale-1.png\",\"datePublished\":\"2026-04-21T11:29:47+00:00\",\"dateModified\":\"2026-04-21T11:30:47+00:00\",\"description\":\"Buy high-quality halal chicken MDM online from the top supplier of 2024. Perfect for various dishes, our premium minced chicken offers great taste and value.\",\"breadcrumb\":{\"@id\":\"https:\\\/\\\/chickensmarket.com\\\/product\\\/chicken-mdm-for-sale\\\/#breadcrumb\"},\"inLanguage\":\"fr-CA\",\"potentialAction\":[{\"@type\":\"ReadAction\",\"target\":[\"https:\\\/\\\/chickensmarket.com\\\/product\\\/chicken-mdm-for-sale\\\/\"]}]},{\"@type\":\"ImageObject\",\"inLanguage\":\"fr-CA\",\"@id\":\"https:\\\/\\\/chickensmarket.com\\\/product\\\/chicken-mdm-for-sale\\\/#primaryimage\",\"url\":\"https:\\\/\\\/chickensmarket.com\\\/wp-content\\\/uploads\\\/2026\\\/04\\\/Chicken-MDM-For-Sale-1.png\",\"contentUrl\":\"https:\\\/\\\/chickensmarket.com\\\/wp-content\\\/uploads\\\/2026\\\/04\\\/Chicken-MDM-For-Sale-1.png\",\"width\":500,\"height\":500},{\"@type\":\"BreadcrumbList\",\"@id\":\"https:\\\/\\\/chickensmarket.com\\\/product\\\/chicken-mdm-for-sale\\\/#breadcrumb\",\"itemListElement\":[{\"@type\":\"ListItem\",\"position\":1,\"name\":\"Home\",\"item\":\"https:\\\/\\\/chickensmarket.com\\\/\"},{\"@type\":\"ListItem\",\"position\":2,\"name\":\"Shop\",\"item\":\"https:\\\/\\\/chickensmarket.com\\\/shop\\\/\"},{\"@type\":\"ListItem\",\"position\":3,\"name\":\"Chicken MDM for Sale\"}]},{\"@type\":\"WebSite\",\"@id\":\"https:\\\/\\\/chickensmarket.com\\\/#website\",\"url\":\"https:\\\/\\\/chickensmarket.com\\\/\",\"name\":\"Chickens Market\",\"description\":\"Premium Frozen Chicken &amp; Eggs\",\"publisher\":{\"@id\":\"https:\\\/\\\/chickensmarket.com\\\/#organization\"},\"potentialAction\":[{\"@type\":\"SearchAction\",\"target\":{\"@type\":\"EntryPoint\",\"urlTemplate\":\"https:\\\/\\\/chickensmarket.com\\\/?s={search_term_string}\"},\"query-input\":{\"@type\":\"PropertyValueSpecification\",\"valueRequired\":true,\"valueName\":\"search_term_string\"}}],\"inLanguage\":\"fr-CA\"},{\"@type\":\"Organization\",\"@id\":\"https:\\\/\\\/chickensmarket.com\\\/#organization\",\"name\":\"Chickens Market\",\"url\":\"https:\\\/\\\/chickensmarket.com\\\/\",\"logo\":{\"@type\":\"ImageObject\",\"inLanguage\":\"fr-CA\",\"@id\":\"https:\\\/\\\/chickensmarket.com\\\/#\\\/schema\\\/logo\\\/image\\\/\",\"url\":\"https:\\\/\\\/chickensmarket.com\\\/wp-content\\\/uploads\\\/2024\\\/08\\\/chickens-market-2.png\",\"contentUrl\":\"https:\\\/\\\/chickensmarket.com\\\/wp-content\\\/uploads\\\/2024\\\/08\\\/chickens-market-2.png\",\"width\":508,\"height\":352,\"caption\":\"Chickens Market\"},\"image\":{\"@id\":\"https:\\\/\\\/chickensmarket.com\\\/#\\\/schema\\\/logo\\\/image\\\/\"}}]}<\/script>\n<!-- \/ Yoast SEO plugin. -->","yoast_head_json":{"title":"Acheter des MDM de poulet halal de haute qualit\u00e9 en ligne - Best Supplier 2024","description":"Achetez en ligne du poulet halal MDM de haute qualit\u00e9 aupr\u00e8s du meilleur fournisseur de 2024. Parfait pour divers plats, notre poulet hach\u00e9 de qualit\u00e9 sup\u00e9rieure offre un go\u00fbt et un rapport qualit\u00e9-prix exceptionnels.","robots":{"index":"index","follow":"follow","max-snippet":"max-snippet:-1","max-image-preview":"max-image-preview:large","max-video-preview":"max-video-preview:-1"},"canonical":"https:\/\/chickensmarket.com\/fr\/product\/poulet-mdm-a-vendre\/","og_locale":"fr_CA","og_type":"article","og_title":"Buy High-Quality Halal Chicken MDM Online \u2013 Best Supplier 2024","og_description":"Buy high-quality halal chicken MDM online from the top supplier of 2024. Perfect for various dishes, our premium minced chicken offers great taste and value.","og_url":"https:\/\/chickensmarket.com\/fr\/product\/poulet-mdm-a-vendre\/","og_site_name":"Chickens Market","article_modified_time":"2026-04-21T11:30:47+00:00","og_image":[{"width":500,"height":500,"url":"https:\/\/chickensmarket.com\/wp-content\/uploads\/2026\/04\/Chicken-MDM-For-Sale-1.png","type":"image\/png"}],"twitter_card":"summary_large_image","twitter_misc":{"Est. reading time":"1 minute"},"schema":{"@context":"https:\/\/schema.org","@graph":[{"@type":"WebPage","@id":"https:\/\/chickensmarket.com\/product\/chicken-mdm-for-sale\/","url":"https:\/\/chickensmarket.com\/product\/chicken-mdm-for-sale\/","name":"Acheter des MDM de poulet halal de haute qualit\u00e9 en ligne - Best Supplier 2024","isPartOf":{"@id":"https:\/\/chickensmarket.com\/#website"},"primaryImageOfPage":{"@id":"https:\/\/chickensmarket.com\/product\/chicken-mdm-for-sale\/#primaryimage"},"image":{"@id":"https:\/\/chickensmarket.com\/product\/chicken-mdm-for-sale\/#primaryimage"},"thumbnailUrl":"https:\/\/chickensmarket.com\/wp-content\/uploads\/2026\/04\/Chicken-MDM-For-Sale-1.png","datePublished":"2026-04-21T11:29:47+00:00","dateModified":"2026-04-21T11:30:47+00:00","description":"Achetez en ligne du poulet halal MDM de haute qualit\u00e9 aupr\u00e8s du meilleur fournisseur de 2024. Parfait pour divers plats, notre poulet hach\u00e9 de qualit\u00e9 sup\u00e9rieure offre un go\u00fbt et un rapport qualit\u00e9-prix exceptionnels.","breadcrumb":{"@id":"https:\/\/chickensmarket.com\/product\/chicken-mdm-for-sale\/#breadcrumb"},"inLanguage":"fr-CA","potentialAction":[{"@type":"ReadAction","target":["https:\/\/chickensmarket.com\/product\/chicken-mdm-for-sale\/"]}]},{"@type":"ImageObject","inLanguage":"fr-CA","@id":"https:\/\/chickensmarket.com\/product\/chicken-mdm-for-sale\/#primaryimage","url":"https:\/\/chickensmarket.com\/wp-content\/uploads\/2026\/04\/Chicken-MDM-For-Sale-1.png","contentUrl":"https:\/\/chickensmarket.com\/wp-content\/uploads\/2026\/04\/Chicken-MDM-For-Sale-1.png","width":500,"height":500},{"@type":"BreadcrumbList","@id":"https:\/\/chickensmarket.com\/product\/chicken-mdm-for-sale\/#breadcrumb","itemListElement":[{"@type":"ListItem","position":1,"name":"Home","item":"https:\/\/chickensmarket.com\/"},{"@type":"ListItem","position":2,"name":"Shop","item":"https:\/\/chickensmarket.com\/shop\/"},{"@type":"ListItem","position":3,"name":"Chicken MDM for Sale"}]},{"@type":"WebSite","@id":"https:\/\/chickensmarket.com\/#website","url":"https:\/\/chickensmarket.com\/","name":"March\u00e9 des poulets","description":"Poulet et \u0153ufs surgel\u00e9s de premi\u00e8re qualit\u00e9","publisher":{"@id":"https:\/\/chickensmarket.com\/#organization"},"potentialAction":[{"@type":"SearchAction","target":{"@type":"EntryPoint","urlTemplate":"https:\/\/chickensmarket.com\/?s={search_term_string}"},"query-input":{"@type":"PropertyValueSpecification","valueRequired":true,"valueName":"search_term_string"}}],"inLanguage":"fr-CA"},{"@type":"Organization","@id":"https:\/\/chickensmarket.com\/#organization","name":"March\u00e9 des poulets","url":"https:\/\/chickensmarket.com\/","logo":{"@type":"ImageObject","inLanguage":"fr-CA","@id":"https:\/\/chickensmarket.com\/#\/schema\/logo\/image\/","url":"https:\/\/chickensmarket.com\/wp-content\/uploads\/2024\/08\/chickens-market-2.png","contentUrl":"https:\/\/chickensmarket.com\/wp-content\/uploads\/2024\/08\/chickens-market-2.png","width":508,"height":352,"caption":"Chickens Market"},"image":{"@id":"https:\/\/chickensmarket.com\/#\/schema\/logo\/image\/"}}]}},"_links":{"self":[{"href":"https:\/\/chickensmarket.com\/fr\/wp-json\/wp\/v2\/product\/2827","targetHints":{"allow":["GET"]}}],"collection":[{"href":"https:\/\/chickensmarket.com\/fr\/wp-json\/wp\/v2\/product"}],"about":[{"href":"https:\/\/chickensmarket.com\/fr\/wp-json\/wp\/v2\/types\/product"}],"replies":[{"embeddable":true,"href":"https:\/\/chickensmarket.com\/fr\/wp-json\/wp\/v2\/comments?post=2827"}],"wp:featuredmedia":[{"embeddable":true,"href":"https:\/\/chickensmarket.com\/fr\/wp-json\/wp\/v2\/media\/2857"}],"wp:attachment":[{"href":"https:\/\/chickensmarket.com\/fr\/wp-json\/wp\/v2\/media?parent=2827"}],"wp:term":[{"taxonomy":"product_brand","embeddable":true,"href":"https:\/\/chickensmarket.com\/fr\/wp-json\/wp\/v2\/product_brand?post=2827"},{"taxonomy":"product_cat","embeddable":true,"href":"https:\/\/chickensmarket.com\/fr\/wp-json\/wp\/v2\/product_cat?post=2827"},{"taxonomy":"product_tag","embeddable":true,"href":"https:\/\/chickensmarket.com\/fr\/wp-json\/wp\/v2\/product_tag?post=2827"}],"curies":[{"name":"wp","href":"https:\/\/api.w.org\/{rel}","templated":true}]}}