{"id":2835,"date":"2026-04-21T11:29:48","date_gmt":"2026-04-21T11:29:48","guid":{"rendered":"https:\/\/chickensmarket.com\/?post_type=product&#038;p=2835"},"modified":"2026-04-21T11:31:06","modified_gmt":"2026-04-21T11:31:06","slug":"buy-frozen-chicken-3-wings-online","status":"publish","type":"product","link":"https:\/\/chickensmarket.com\/es\/product\/buy-frozen-chicken-3-wings-online\/","title":{"rendered":"Comprar alitas de pollo congeladas 3 en l\u00ednea"},"content":{"rendered":"<h3><strong>Pollo Congelado 3 Alitas<\/strong><\/h3>\n<p>Somos proveedores mayoristas y exportadores a granel de <a href=\"https:\/\/govisaraphotography.com\/product\/frozen-chicken-3-wings\/\">Pollo Congelado 3 Alitas<\/a>procedentes de Brasil. Nuestras alitas de grado A tienen certificaci\u00f3n HALAL y cumplen las normas ISO 9001:2008 y FSSC 22000:2010. Con una caducidad de 12 meses, se envasan en cajas de cart\u00f3n de 10-20 kg. La cantidad m\u00ednima de pedido es de 27MT (un contenedor de 40\u2032). Ya est\u00e1n disponibles las opciones de etiquetado personalizado OEM y envasado preferido por el cliente.<\/p>\n<p><strong>Peso\/Tallas:<\/strong><\/p>\n<ul>\n<li>35 gramos - 55 gramos<\/li>\n<\/ul>\n<p><strong>Embalaje:<\/strong><\/p>\n<ul>\n<li>Sellado al vac\u00edo en bolsas transparentes con etiquetas adhesivas o bolsas de colores con marca personalizada.<\/li>\n<\/ul>\n<p><strong>Especificaciones de embalaje:<\/strong><\/p>\n<ul>\n<li>7-10 bolsas de polietileno por caja (10 kg por caja)<\/li>\n<li>1 FCL: 2000 cajas (20 toneladas m\u00e9tricas por contenedor HR de 40 pies)<\/li>\n<\/ul>","protected":false},"excerpt":{"rendered":"<div class=\"flex max-w-full flex-col flex-grow\">\n<div class=\"min-h-[20px] text-message flex w-full flex-col items-end gap-2 break-words [.text-message+&amp;]:mt-5 overflow-x-auto whitespace-normal\" dir=\"auto\" data-message-author-role=\"assistant\" data-message-id=\"83797e33-bdf5-4d20-bb77-8ae28ff2e1a4\">\n<div class=\"flex w-full flex-col gap-1 empty:hidden first:pt-[3px]\">\n<div class=\"markdown prose w-full break-words dark:prose-invert light\">\n<p>Proveedores al por mayor de Alitas de Pollo 3 Congeladas, certificado HALAL, Grado A, con etiquetado y envasado personalizados disponibles. Origen: Brasil.<\/p>\n<\/div>\n<\/div>\n<\/div>\n<\/div>\n<div class=\"mt-1 flex gap-3 empty:hidden -ml-2\">\n<div class=\"items-center justify-start rounded-xl p-1 flex\">\n<div class=\"flex items-center\">\n<div class=\"flex items-center pb-0\">\n<div class=\"[&amp;_svg]:h-full [&amp;_svg]:w-full icon-md h-4 w-4\"><\/div>\n<\/div>\n<\/div>\n<\/div>\n<\/div>","protected":false},"featured_media":2883,"comment_status":"open","ping_status":"closed","template":"","meta":{"_joinchat":[]},"product_brand":[],"product_cat":[18],"product_tag":[],"class_list":{"0":"post-2835","1":"product","2":"type-product","3":"status-publish","4":"has-post-thumbnail","6":"product_cat-frozen-chicken","8":"first","9":"instock","10":"shipping-taxable","11":"purchasable","12":"product-type-variable","13":"has-default-attributes"},"yoast_head":"<!-- This site is optimized with the Yoast SEO plugin v27.4 - https:\/\/yoast.com\/product\/yoast-seo-wordpress\/ -->\n<title>Buy Frozen Chicken 3 Wings Online - Chicken 3 Wings for Sale<\/title>\n<meta name=\"description\" content=\"Buy frozen chicken 3 wings online at wholesale price. Perfect for your meals, our high-quality chicken wings are available for sale, ensuring freshness and flavor in every bite.\" \/>\n<meta name=\"robots\" content=\"index, follow, max-snippet:-1, max-image-preview:large, max-video-preview:-1\" \/>\n<link rel=\"canonical\" href=\"https:\/\/chickensmarket.com\/es\/product\/buy-frozen-chicken-3-wings-online\/\" \/>\n<meta property=\"og:locale\" content=\"es_ES\" \/>\n<meta property=\"og:type\" content=\"article\" \/>\n<meta property=\"og:title\" content=\"Buy Frozen Chicken 3 Wings Online - Chicken 3 Wings for Sale\" \/>\n<meta property=\"og:description\" content=\"Buy frozen chicken 3 wings online at wholesale price. Perfect for your meals, our high-quality chicken wings are available for sale, ensuring freshness and flavor in every bite.\" \/>\n<meta property=\"og:url\" content=\"https:\/\/chickensmarket.com\/es\/product\/buy-frozen-chicken-3-wings-online\/\" \/>\n<meta property=\"og:site_name\" content=\"Chickens Market\" \/>\n<meta property=\"article:modified_time\" content=\"2026-04-21T11:31:06+00:00\" \/>\n<meta property=\"og:image\" content=\"https:\/\/chickensmarket.com\/wp-content\/uploads\/2026\/04\/Frozen-Chicken-3-Wings.png\" \/>\n\t<meta property=\"og:image:width\" content=\"500\" \/>\n\t<meta property=\"og:image:height\" content=\"500\" \/>\n\t<meta property=\"og:image:type\" content=\"image\/png\" \/>\n<meta name=\"twitter:card\" content=\"summary_large_image\" \/>\n<meta name=\"twitter:label1\" content=\"Est. reading time\" \/>\n\t<meta name=\"twitter:data1\" content=\"1 minute\" \/>\n<script type=\"application\/ld+json\" class=\"yoast-schema-graph\">{\"@context\":\"https:\\\/\\\/schema.org\",\"@graph\":[{\"@type\":\"WebPage\",\"@id\":\"https:\\\/\\\/chickensmarket.com\\\/product\\\/buy-frozen-chicken-3-wings-online\\\/\",\"url\":\"https:\\\/\\\/chickensmarket.com\\\/product\\\/buy-frozen-chicken-3-wings-online\\\/\",\"name\":\"Buy Frozen Chicken 3 Wings Online - Chicken 3 Wings for Sale\",\"isPartOf\":{\"@id\":\"https:\\\/\\\/chickensmarket.com\\\/#website\"},\"primaryImageOfPage\":{\"@id\":\"https:\\\/\\\/chickensmarket.com\\\/product\\\/buy-frozen-chicken-3-wings-online\\\/#primaryimage\"},\"image\":{\"@id\":\"https:\\\/\\\/chickensmarket.com\\\/product\\\/buy-frozen-chicken-3-wings-online\\\/#primaryimage\"},\"thumbnailUrl\":\"https:\\\/\\\/chickensmarket.com\\\/wp-content\\\/uploads\\\/2026\\\/04\\\/Frozen-Chicken-3-Wings.png\",\"datePublished\":\"2026-04-21T11:29:48+00:00\",\"dateModified\":\"2026-04-21T11:31:06+00:00\",\"description\":\"Buy frozen chicken 3 wings online at wholesale price. Perfect for your meals, our high-quality chicken wings are available for sale, ensuring freshness and flavor in every bite.\",\"breadcrumb\":{\"@id\":\"https:\\\/\\\/chickensmarket.com\\\/product\\\/buy-frozen-chicken-3-wings-online\\\/#breadcrumb\"},\"inLanguage\":\"es-PE\",\"potentialAction\":[{\"@type\":\"ReadAction\",\"target\":[\"https:\\\/\\\/chickensmarket.com\\\/product\\\/buy-frozen-chicken-3-wings-online\\\/\"]}]},{\"@type\":\"ImageObject\",\"inLanguage\":\"es-PE\",\"@id\":\"https:\\\/\\\/chickensmarket.com\\\/product\\\/buy-frozen-chicken-3-wings-online\\\/#primaryimage\",\"url\":\"https:\\\/\\\/chickensmarket.com\\\/wp-content\\\/uploads\\\/2026\\\/04\\\/Frozen-Chicken-3-Wings.png\",\"contentUrl\":\"https:\\\/\\\/chickensmarket.com\\\/wp-content\\\/uploads\\\/2026\\\/04\\\/Frozen-Chicken-3-Wings.png\",\"width\":500,\"height\":500},{\"@type\":\"BreadcrumbList\",\"@id\":\"https:\\\/\\\/chickensmarket.com\\\/product\\\/buy-frozen-chicken-3-wings-online\\\/#breadcrumb\",\"itemListElement\":[{\"@type\":\"ListItem\",\"position\":1,\"name\":\"Home\",\"item\":\"https:\\\/\\\/chickensmarket.com\\\/\"},{\"@type\":\"ListItem\",\"position\":2,\"name\":\"Shop\",\"item\":\"https:\\\/\\\/chickensmarket.com\\\/shop\\\/\"},{\"@type\":\"ListItem\",\"position\":3,\"name\":\"Buy Frozen Chicken 3 Wings Online\"}]},{\"@type\":\"WebSite\",\"@id\":\"https:\\\/\\\/chickensmarket.com\\\/#website\",\"url\":\"https:\\\/\\\/chickensmarket.com\\\/\",\"name\":\"Chickens Market\",\"description\":\"Premium Frozen Chicken &amp; Eggs\",\"publisher\":{\"@id\":\"https:\\\/\\\/chickensmarket.com\\\/#organization\"},\"potentialAction\":[{\"@type\":\"SearchAction\",\"target\":{\"@type\":\"EntryPoint\",\"urlTemplate\":\"https:\\\/\\\/chickensmarket.com\\\/?s={search_term_string}\"},\"query-input\":{\"@type\":\"PropertyValueSpecification\",\"valueRequired\":true,\"valueName\":\"search_term_string\"}}],\"inLanguage\":\"es-PE\"},{\"@type\":\"Organization\",\"@id\":\"https:\\\/\\\/chickensmarket.com\\\/#organization\",\"name\":\"Chickens Market\",\"url\":\"https:\\\/\\\/chickensmarket.com\\\/\",\"logo\":{\"@type\":\"ImageObject\",\"inLanguage\":\"es-PE\",\"@id\":\"https:\\\/\\\/chickensmarket.com\\\/#\\\/schema\\\/logo\\\/image\\\/\",\"url\":\"https:\\\/\\\/chickensmarket.com\\\/wp-content\\\/uploads\\\/2024\\\/08\\\/chickens-market-2.png\",\"contentUrl\":\"https:\\\/\\\/chickensmarket.com\\\/wp-content\\\/uploads\\\/2024\\\/08\\\/chickens-market-2.png\",\"width\":508,\"height\":352,\"caption\":\"Chickens Market\"},\"image\":{\"@id\":\"https:\\\/\\\/chickensmarket.com\\\/#\\\/schema\\\/logo\\\/image\\\/\"}}]}<\/script>\n<!-- \/ Yoast SEO plugin. -->","yoast_head_json":{"title":"Comprar alitas de pollo 3 congeladas en l\u00ednea - Venta de alitas de pollo 3","description":"Compre alitas de pollo congeladas 3 en l\u00ednea a precio de mayorista. Perfectas para sus comidas, nuestras alitas de pollo de alta calidad est\u00e1n a la venta, garantizando frescura y sabor en cada bocado.","robots":{"index":"index","follow":"follow","max-snippet":"max-snippet:-1","max-image-preview":"max-image-preview:large","max-video-preview":"max-video-preview:-1"},"canonical":"https:\/\/chickensmarket.com\/es\/product\/buy-frozen-chicken-3-wings-online\/","og_locale":"es_ES","og_type":"article","og_title":"Buy Frozen Chicken 3 Wings Online - Chicken 3 Wings for Sale","og_description":"Buy frozen chicken 3 wings online at wholesale price. Perfect for your meals, our high-quality chicken wings are available for sale, ensuring freshness and flavor in every bite.","og_url":"https:\/\/chickensmarket.com\/es\/product\/buy-frozen-chicken-3-wings-online\/","og_site_name":"Chickens Market","article_modified_time":"2026-04-21T11:31:06+00:00","og_image":[{"width":500,"height":500,"url":"https:\/\/chickensmarket.com\/wp-content\/uploads\/2026\/04\/Frozen-Chicken-3-Wings.png","type":"image\/png"}],"twitter_card":"summary_large_image","twitter_misc":{"Est. reading time":"1 minute"},"schema":{"@context":"https:\/\/schema.org","@graph":[{"@type":"WebPage","@id":"https:\/\/chickensmarket.com\/product\/buy-frozen-chicken-3-wings-online\/","url":"https:\/\/chickensmarket.com\/product\/buy-frozen-chicken-3-wings-online\/","name":"Comprar alitas de pollo 3 congeladas en l\u00ednea - Venta de alitas de pollo 3","isPartOf":{"@id":"https:\/\/chickensmarket.com\/#website"},"primaryImageOfPage":{"@id":"https:\/\/chickensmarket.com\/product\/buy-frozen-chicken-3-wings-online\/#primaryimage"},"image":{"@id":"https:\/\/chickensmarket.com\/product\/buy-frozen-chicken-3-wings-online\/#primaryimage"},"thumbnailUrl":"https:\/\/chickensmarket.com\/wp-content\/uploads\/2026\/04\/Frozen-Chicken-3-Wings.png","datePublished":"2026-04-21T11:29:48+00:00","dateModified":"2026-04-21T11:31:06+00:00","description":"Compre alitas de pollo congeladas 3 en l\u00ednea a precio de mayorista. Perfectas para sus comidas, nuestras alitas de pollo de alta calidad est\u00e1n a la venta, garantizando frescura y sabor en cada bocado.","breadcrumb":{"@id":"https:\/\/chickensmarket.com\/product\/buy-frozen-chicken-3-wings-online\/#breadcrumb"},"inLanguage":"es-PE","potentialAction":[{"@type":"ReadAction","target":["https:\/\/chickensmarket.com\/product\/buy-frozen-chicken-3-wings-online\/"]}]},{"@type":"ImageObject","inLanguage":"es-PE","@id":"https:\/\/chickensmarket.com\/product\/buy-frozen-chicken-3-wings-online\/#primaryimage","url":"https:\/\/chickensmarket.com\/wp-content\/uploads\/2026\/04\/Frozen-Chicken-3-Wings.png","contentUrl":"https:\/\/chickensmarket.com\/wp-content\/uploads\/2026\/04\/Frozen-Chicken-3-Wings.png","width":500,"height":500},{"@type":"BreadcrumbList","@id":"https:\/\/chickensmarket.com\/product\/buy-frozen-chicken-3-wings-online\/#breadcrumb","itemListElement":[{"@type":"ListItem","position":1,"name":"Home","item":"https:\/\/chickensmarket.com\/"},{"@type":"ListItem","position":2,"name":"Shop","item":"https:\/\/chickensmarket.com\/shop\/"},{"@type":"ListItem","position":3,"name":"Buy Frozen Chicken 3 Wings Online"}]},{"@type":"WebSite","@id":"https:\/\/chickensmarket.com\/#website","url":"https:\/\/chickensmarket.com\/","name":"Mercado de pollos","description":"Huevos y Pollo Congelados Premium","publisher":{"@id":"https:\/\/chickensmarket.com\/#organization"},"potentialAction":[{"@type":"SearchAction","target":{"@type":"EntryPoint","urlTemplate":"https:\/\/chickensmarket.com\/?s={search_term_string}"},"query-input":{"@type":"PropertyValueSpecification","valueRequired":true,"valueName":"search_term_string"}}],"inLanguage":"es-PE"},{"@type":"Organization","@id":"https:\/\/chickensmarket.com\/#organization","name":"Mercado de pollos","url":"https:\/\/chickensmarket.com\/","logo":{"@type":"ImageObject","inLanguage":"es-PE","@id":"https:\/\/chickensmarket.com\/#\/schema\/logo\/image\/","url":"https:\/\/chickensmarket.com\/wp-content\/uploads\/2024\/08\/chickens-market-2.png","contentUrl":"https:\/\/chickensmarket.com\/wp-content\/uploads\/2024\/08\/chickens-market-2.png","width":508,"height":352,"caption":"Chickens Market"},"image":{"@id":"https:\/\/chickensmarket.com\/#\/schema\/logo\/image\/"}}]}},"_links":{"self":[{"href":"https:\/\/chickensmarket.com\/es\/wp-json\/wp\/v2\/product\/2835","targetHints":{"allow":["GET"]}}],"collection":[{"href":"https:\/\/chickensmarket.com\/es\/wp-json\/wp\/v2\/product"}],"about":[{"href":"https:\/\/chickensmarket.com\/es\/wp-json\/wp\/v2\/types\/product"}],"replies":[{"embeddable":true,"href":"https:\/\/chickensmarket.com\/es\/wp-json\/wp\/v2\/comments?post=2835"}],"wp:featuredmedia":[{"embeddable":true,"href":"https:\/\/chickensmarket.com\/es\/wp-json\/wp\/v2\/media\/2883"}],"wp:attachment":[{"href":"https:\/\/chickensmarket.com\/es\/wp-json\/wp\/v2\/media?parent=2835"}],"wp:term":[{"taxonomy":"product_brand","embeddable":true,"href":"https:\/\/chickensmarket.com\/es\/wp-json\/wp\/v2\/product_brand?post=2835"},{"taxonomy":"product_cat","embeddable":true,"href":"https:\/\/chickensmarket.com\/es\/wp-json\/wp\/v2\/product_cat?post=2835"},{"taxonomy":"product_tag","embeddable":true,"href":"https:\/\/chickensmarket.com\/es\/wp-json\/wp\/v2\/product_tag?post=2835"}],"curies":[{"name":"wp","href":"https:\/\/api.w.org\/{rel}","templated":true}]}}