{"id":2828,"date":"2026-04-21T11:29:47","date_gmt":"2026-04-21T11:29:47","guid":{"rendered":"https:\/\/chickensmarket.com\/?post_type=product&#038;p=2828"},"modified":"2026-04-21T11:30:48","modified_gmt":"2026-04-21T11:30:48","slug":"fresh-frozen-chicken-liver-for-sale","status":"publish","type":"product","link":"https:\/\/chickensmarket.com\/de\/product\/fresh-frozen-chicken-liver-for-sale\/","title":{"rendered":"Frische gefrorene H\u00fchnerleber zum Verkauf"},"content":{"rendered":"<h3><strong>Frische H\u00fchnerleber zum Verkauf - Hochwertige Gro\u00dfhandelsprodukte<\/strong><\/h3>\n<p><strong>Spezifikationen:<\/strong><\/p>\n<ul>\n<li><a href=\"https:\/\/govisaraphotography.com\/product\/fresh-chicken-liver-for-sale\/\">Gefrorene H\u00fchnerleber<\/a><\/li>\n<li>A- oder B-Note<\/li>\n<li>Marke Kipco-Damaco<\/li>\n<\/ul>\n<p><strong>Verpackung:<\/strong><\/p>\n<ul>\n<li>Kartons: +\/- 5-10kg<\/li>\n<li>Nackte Bl\u00f6cke: +\/- 10kg<\/li>\n<li>Polybl\u00f6cke: +\/- 10kg<\/li>\n<li>Variables Gewicht<\/li>\n<li>Kipco-Damaco Verpackung<\/li>\n<\/ul>\n<p><strong>Herkunft:<\/strong><\/p>\n<ul>\n<li>Brasilianisches Huhn<\/li>\n<\/ul>\n<p><strong>Etiketten:<\/strong><\/p>\n<ul>\n<li>Beschreibung des Produkts<\/li>\n<li>Nettogewicht<\/li>\n<li>Produktionsdatum<\/li>\n<li>Verfallsdatum<\/li>\n<li>Kipco-Damaco Einzelheiten<\/li>\n<\/ul>\n<p><strong>Zus\u00e4tzliche Informationen:<\/strong><\/p>\n<ul>\n<li>Gefroren bei -18\u00b0C: Verfallsdatum 18 Monate ab Produktion<\/li>\n<li>F\u00fcr den menschlichen Verzehr geeignet<\/li>\n<\/ul>","protected":false},"excerpt":{"rendered":"<div class=\"flex max-w-full flex-col flex-grow\">\n<div class=\"min-h-[20px] text-message flex w-full flex-col items-end gap-2 break-words [.text-message+&amp;]:mt-5 overflow-x-auto whitespace-normal\" dir=\"auto\" data-message-author-role=\"assistant\" data-message-id=\"9dad6897-d4fa-48c8-a280-1607fb937110\">\n<div class=\"flex w-full flex-col gap-1 empty:hidden first:pt-[3px]\">\n<div class=\"markdown prose w-full break-words dark:prose-invert light\">\n<p>Hochwertige, tiefgek\u00fchlte Halal-H\u00fchnerleber aus Brasilien, die in verschiedenen Verpackungsoptionen angeboten wird. Garantierte Frische bei -18\u00b0C, zum Verzehr geeignet.<\/p>\n<\/div>\n<\/div>\n<\/div>\n<\/div>","protected":false},"featured_media":2860,"comment_status":"open","ping_status":"closed","template":"","meta":{"_joinchat":[]},"product_brand":[],"product_cat":[18],"product_tag":[],"class_list":{"0":"post-2828","1":"product","2":"type-product","3":"status-publish","4":"has-post-thumbnail","6":"product_cat-frozen-chicken","8":"first","9":"instock","10":"shipping-taxable","11":"purchasable","12":"product-type-variable","13":"has-default-attributes"},"yoast_head":"<!-- This site is optimized with the Yoast SEO plugin v27.4 - https:\/\/yoast.com\/product\/yoast-seo-wordpress\/ -->\n<title>Buy Fresh Frozen Chicken Liver for Sale @ Best Chicken Supplier<\/title>\n<meta name=\"description\" content=\"Buy fresh frozen chicken liver for sale from the best supplier of 2024. Enjoy delicious, high-quality chicken liver perfect for roasting and grilling.\" \/>\n<meta name=\"robots\" content=\"index, follow, max-snippet:-1, max-image-preview:large, max-video-preview:-1\" \/>\n<link rel=\"canonical\" href=\"https:\/\/chickensmarket.com\/de\/product\/fresh-frozen-chicken-liver-for-sale\/\" \/>\n<meta property=\"og:locale\" content=\"de_DE\" \/>\n<meta property=\"og:type\" content=\"article\" \/>\n<meta property=\"og:title\" content=\"Buy Fresh Frozen Chicken Liver for Sale @ Best Chicken Supplier\" \/>\n<meta property=\"og:description\" content=\"Buy fresh frozen chicken liver for sale from the best supplier of 2024. Enjoy delicious, high-quality chicken liver perfect for roasting and grilling.\" \/>\n<meta property=\"og:url\" content=\"https:\/\/chickensmarket.com\/de\/product\/fresh-frozen-chicken-liver-for-sale\/\" \/>\n<meta property=\"og:site_name\" content=\"Chickens Market\" \/>\n<meta property=\"article:modified_time\" content=\"2026-04-21T11:30:48+00:00\" \/>\n<meta property=\"og:image\" content=\"https:\/\/chickensmarket.com\/wp-content\/uploads\/2026\/04\/Fresh-Chicken-Liver-For-Sale-1.png\" \/>\n\t<meta property=\"og:image:width\" content=\"500\" \/>\n\t<meta property=\"og:image:height\" content=\"500\" \/>\n\t<meta property=\"og:image:type\" content=\"image\/png\" \/>\n<meta name=\"twitter:card\" content=\"summary_large_image\" \/>\n<meta name=\"twitter:label1\" content=\"Gesch\u00e4tzte Lesezeit\" \/>\n\t<meta name=\"twitter:data1\" content=\"1 Minute\" \/>\n<script type=\"application\/ld+json\" class=\"yoast-schema-graph\">{\"@context\":\"https:\\\/\\\/schema.org\",\"@graph\":[{\"@type\":\"WebPage\",\"@id\":\"https:\\\/\\\/chickensmarket.com\\\/product\\\/fresh-frozen-chicken-liver-for-sale\\\/\",\"url\":\"https:\\\/\\\/chickensmarket.com\\\/product\\\/fresh-frozen-chicken-liver-for-sale\\\/\",\"name\":\"Buy Fresh Frozen Chicken Liver for Sale @ Best Chicken Supplier\",\"isPartOf\":{\"@id\":\"https:\\\/\\\/chickensmarket.com\\\/#website\"},\"primaryImageOfPage\":{\"@id\":\"https:\\\/\\\/chickensmarket.com\\\/product\\\/fresh-frozen-chicken-liver-for-sale\\\/#primaryimage\"},\"image\":{\"@id\":\"https:\\\/\\\/chickensmarket.com\\\/product\\\/fresh-frozen-chicken-liver-for-sale\\\/#primaryimage\"},\"thumbnailUrl\":\"https:\\\/\\\/chickensmarket.com\\\/wp-content\\\/uploads\\\/2026\\\/04\\\/Fresh-Chicken-Liver-For-Sale-1.png\",\"datePublished\":\"2026-04-21T11:29:47+00:00\",\"dateModified\":\"2026-04-21T11:30:48+00:00\",\"description\":\"Buy fresh frozen chicken liver for sale from the best supplier of 2024. Enjoy delicious, high-quality chicken liver perfect for roasting and grilling.\",\"breadcrumb\":{\"@id\":\"https:\\\/\\\/chickensmarket.com\\\/product\\\/fresh-frozen-chicken-liver-for-sale\\\/#breadcrumb\"},\"inLanguage\":\"de-AT\",\"potentialAction\":[{\"@type\":\"ReadAction\",\"target\":[\"https:\\\/\\\/chickensmarket.com\\\/product\\\/fresh-frozen-chicken-liver-for-sale\\\/\"]}]},{\"@type\":\"ImageObject\",\"inLanguage\":\"de-AT\",\"@id\":\"https:\\\/\\\/chickensmarket.com\\\/product\\\/fresh-frozen-chicken-liver-for-sale\\\/#primaryimage\",\"url\":\"https:\\\/\\\/chickensmarket.com\\\/wp-content\\\/uploads\\\/2026\\\/04\\\/Fresh-Chicken-Liver-For-Sale-1.png\",\"contentUrl\":\"https:\\\/\\\/chickensmarket.com\\\/wp-content\\\/uploads\\\/2026\\\/04\\\/Fresh-Chicken-Liver-For-Sale-1.png\",\"width\":500,\"height\":500},{\"@type\":\"BreadcrumbList\",\"@id\":\"https:\\\/\\\/chickensmarket.com\\\/product\\\/fresh-frozen-chicken-liver-for-sale\\\/#breadcrumb\",\"itemListElement\":[{\"@type\":\"ListItem\",\"position\":1,\"name\":\"Home\",\"item\":\"https:\\\/\\\/chickensmarket.com\\\/\"},{\"@type\":\"ListItem\",\"position\":2,\"name\":\"Shop\",\"item\":\"https:\\\/\\\/chickensmarket.com\\\/shop\\\/\"},{\"@type\":\"ListItem\",\"position\":3,\"name\":\"Fresh Frozen Chicken Liver for Sale\"}]},{\"@type\":\"WebSite\",\"@id\":\"https:\\\/\\\/chickensmarket.com\\\/#website\",\"url\":\"https:\\\/\\\/chickensmarket.com\\\/\",\"name\":\"Chickens Market\",\"description\":\"Premium Frozen Chicken &amp; Eggs\",\"publisher\":{\"@id\":\"https:\\\/\\\/chickensmarket.com\\\/#organization\"},\"potentialAction\":[{\"@type\":\"SearchAction\",\"target\":{\"@type\":\"EntryPoint\",\"urlTemplate\":\"https:\\\/\\\/chickensmarket.com\\\/?s={search_term_string}\"},\"query-input\":{\"@type\":\"PropertyValueSpecification\",\"valueRequired\":true,\"valueName\":\"search_term_string\"}}],\"inLanguage\":\"de-AT\"},{\"@type\":\"Organization\",\"@id\":\"https:\\\/\\\/chickensmarket.com\\\/#organization\",\"name\":\"Chickens Market\",\"url\":\"https:\\\/\\\/chickensmarket.com\\\/\",\"logo\":{\"@type\":\"ImageObject\",\"inLanguage\":\"de-AT\",\"@id\":\"https:\\\/\\\/chickensmarket.com\\\/#\\\/schema\\\/logo\\\/image\\\/\",\"url\":\"https:\\\/\\\/chickensmarket.com\\\/wp-content\\\/uploads\\\/2024\\\/08\\\/chickens-market-2.png\",\"contentUrl\":\"https:\\\/\\\/chickensmarket.com\\\/wp-content\\\/uploads\\\/2024\\\/08\\\/chickens-market-2.png\",\"width\":508,\"height\":352,\"caption\":\"Chickens Market\"},\"image\":{\"@id\":\"https:\\\/\\\/chickensmarket.com\\\/#\\\/schema\\\/logo\\\/image\\\/\"}}]}<\/script>\n<!-- \/ Yoast SEO plugin. -->","yoast_head_json":{"title":"Kaufen Sie frische gefrorene H\u00fchnerleber zum Verkauf @ Best Chicken Supplier","description":"Kaufen Sie frische gefrorene H\u00fchnerleber zum Verkauf vom besten Anbieter von 2024. Genie\u00dfen Sie k\u00f6stliche, hochwertige H\u00fchnerleber, die sich perfekt zum Braten und Grillen eignet.","robots":{"index":"index","follow":"follow","max-snippet":"max-snippet:-1","max-image-preview":"max-image-preview:large","max-video-preview":"max-video-preview:-1"},"canonical":"https:\/\/chickensmarket.com\/de\/product\/fresh-frozen-chicken-liver-for-sale\/","og_locale":"de_DE","og_type":"article","og_title":"Buy Fresh Frozen Chicken Liver for Sale @ Best Chicken Supplier","og_description":"Buy fresh frozen chicken liver for sale from the best supplier of 2024. Enjoy delicious, high-quality chicken liver perfect for roasting and grilling.","og_url":"https:\/\/chickensmarket.com\/de\/product\/fresh-frozen-chicken-liver-for-sale\/","og_site_name":"Chickens Market","article_modified_time":"2026-04-21T11:30:48+00:00","og_image":[{"width":500,"height":500,"url":"https:\/\/chickensmarket.com\/wp-content\/uploads\/2026\/04\/Fresh-Chicken-Liver-For-Sale-1.png","type":"image\/png"}],"twitter_card":"summary_large_image","twitter_misc":{"Gesch\u00e4tzte Lesezeit":"1 Minute"},"schema":{"@context":"https:\/\/schema.org","@graph":[{"@type":"WebPage","@id":"https:\/\/chickensmarket.com\/product\/fresh-frozen-chicken-liver-for-sale\/","url":"https:\/\/chickensmarket.com\/product\/fresh-frozen-chicken-liver-for-sale\/","name":"Kaufen Sie frische gefrorene H\u00fchnerleber zum Verkauf @ Best Chicken Supplier","isPartOf":{"@id":"https:\/\/chickensmarket.com\/#website"},"primaryImageOfPage":{"@id":"https:\/\/chickensmarket.com\/product\/fresh-frozen-chicken-liver-for-sale\/#primaryimage"},"image":{"@id":"https:\/\/chickensmarket.com\/product\/fresh-frozen-chicken-liver-for-sale\/#primaryimage"},"thumbnailUrl":"https:\/\/chickensmarket.com\/wp-content\/uploads\/2026\/04\/Fresh-Chicken-Liver-For-Sale-1.png","datePublished":"2026-04-21T11:29:47+00:00","dateModified":"2026-04-21T11:30:48+00:00","description":"Kaufen Sie frische gefrorene H\u00fchnerleber zum Verkauf vom besten Anbieter von 2024. Genie\u00dfen Sie k\u00f6stliche, hochwertige H\u00fchnerleber, die sich perfekt zum Braten und Grillen eignet.","breadcrumb":{"@id":"https:\/\/chickensmarket.com\/product\/fresh-frozen-chicken-liver-for-sale\/#breadcrumb"},"inLanguage":"de-AT","potentialAction":[{"@type":"ReadAction","target":["https:\/\/chickensmarket.com\/product\/fresh-frozen-chicken-liver-for-sale\/"]}]},{"@type":"ImageObject","inLanguage":"de-AT","@id":"https:\/\/chickensmarket.com\/product\/fresh-frozen-chicken-liver-for-sale\/#primaryimage","url":"https:\/\/chickensmarket.com\/wp-content\/uploads\/2026\/04\/Fresh-Chicken-Liver-For-Sale-1.png","contentUrl":"https:\/\/chickensmarket.com\/wp-content\/uploads\/2026\/04\/Fresh-Chicken-Liver-For-Sale-1.png","width":500,"height":500},{"@type":"BreadcrumbList","@id":"https:\/\/chickensmarket.com\/product\/fresh-frozen-chicken-liver-for-sale\/#breadcrumb","itemListElement":[{"@type":"ListItem","position":1,"name":"Home","item":"https:\/\/chickensmarket.com\/"},{"@type":"ListItem","position":2,"name":"Shop","item":"https:\/\/chickensmarket.com\/shop\/"},{"@type":"ListItem","position":3,"name":"Fresh Frozen Chicken Liver for Sale"}]},{"@type":"WebSite","@id":"https:\/\/chickensmarket.com\/#website","url":"https:\/\/chickensmarket.com\/","name":"H\u00fchner Markt","description":"Premium-Tiefk\u00fchlh\u00fchner und -eier","publisher":{"@id":"https:\/\/chickensmarket.com\/#organization"},"potentialAction":[{"@type":"SearchAction","target":{"@type":"EntryPoint","urlTemplate":"https:\/\/chickensmarket.com\/?s={search_term_string}"},"query-input":{"@type":"PropertyValueSpecification","valueRequired":true,"valueName":"search_term_string"}}],"inLanguage":"de-AT"},{"@type":"Organization","@id":"https:\/\/chickensmarket.com\/#organization","name":"H\u00fchner Markt","url":"https:\/\/chickensmarket.com\/","logo":{"@type":"ImageObject","inLanguage":"de-AT","@id":"https:\/\/chickensmarket.com\/#\/schema\/logo\/image\/","url":"https:\/\/chickensmarket.com\/wp-content\/uploads\/2024\/08\/chickens-market-2.png","contentUrl":"https:\/\/chickensmarket.com\/wp-content\/uploads\/2024\/08\/chickens-market-2.png","width":508,"height":352,"caption":"Chickens Market"},"image":{"@id":"https:\/\/chickensmarket.com\/#\/schema\/logo\/image\/"}}]}},"_links":{"self":[{"href":"https:\/\/chickensmarket.com\/de\/wp-json\/wp\/v2\/product\/2828","targetHints":{"allow":["GET"]}}],"collection":[{"href":"https:\/\/chickensmarket.com\/de\/wp-json\/wp\/v2\/product"}],"about":[{"href":"https:\/\/chickensmarket.com\/de\/wp-json\/wp\/v2\/types\/product"}],"replies":[{"embeddable":true,"href":"https:\/\/chickensmarket.com\/de\/wp-json\/wp\/v2\/comments?post=2828"}],"wp:featuredmedia":[{"embeddable":true,"href":"https:\/\/chickensmarket.com\/de\/wp-json\/wp\/v2\/media\/2860"}],"wp:attachment":[{"href":"https:\/\/chickensmarket.com\/de\/wp-json\/wp\/v2\/media?parent=2828"}],"wp:term":[{"taxonomy":"product_brand","embeddable":true,"href":"https:\/\/chickensmarket.com\/de\/wp-json\/wp\/v2\/product_brand?post=2828"},{"taxonomy":"product_cat","embeddable":true,"href":"https:\/\/chickensmarket.com\/de\/wp-json\/wp\/v2\/product_cat?post=2828"},{"taxonomy":"product_tag","embeddable":true,"href":"https:\/\/chickensmarket.com\/de\/wp-json\/wp\/v2\/product_tag?post=2828"}],"curies":[{"name":"wp","href":"https:\/\/api.w.org\/{rel}","templated":true}]}}