{"id":294,"date":"2024-09-03T05:56:28","date_gmt":"2024-09-03T05:56:28","guid":{"rendered":"https:\/\/client.polando8.com\/?page_id=294"},"modified":"2024-09-03T06:29:08","modified_gmt":"2024-09-03T06:29:08","slug":"frozen-chicken-feet","status":"publish","type":"page","link":"https:\/\/chickensmarket.com\/de\/frozen-chicken-feet\/","title":{"rendered":"Gefrorene H\u00fchnerf\u00fc\u00dfe"},"content":{"rendered":"<div data-elementor-type=\"wp-page\" data-elementor-id=\"294\" class=\"elementor elementor-294\" data-elementor-post-type=\"page\">\n\t\t\t\t<div class=\"elementor-element elementor-element-4842baf e-flex e-con-boxed e-con e-parent\" data-id=\"4842baf\" data-element_type=\"container\" data-settings=\"{&quot;background_background&quot;:&quot;classic&quot;}\">\n\t\t\t\t\t<div class=\"e-con-inner\">\n\t\t<div class=\"elementor-element elementor-element-07df04c e-flex e-con-boxed e-con e-child\" data-id=\"07df04c\" data-element_type=\"container\">\n\t\t\t\t\t<div class=\"e-con-inner\">\n\t\t\t\t<div class=\"elementor-element elementor-element-f16fed2 elementor-invisible elementor-widget elementor-widget-heading\" data-id=\"f16fed2\" data-element_type=\"widget\" data-settings=\"{&quot;_animation&quot;:&quot;fadeInUp&quot;,&quot;_animation_delay&quot;:200}\" data-widget_type=\"heading.default\">\n\t\t\t\t<div class=\"elementor-widget-container\">\n\t\t\t<h1 class=\"elementor-heading-title elementor-size-default\">Gefrorene H\u00fchnerf\u00fc\u00dfe<\/h1>\t\t<\/div>\n\t\t\t\t<\/div>\n\t\t\t\t\t<\/div>\n\t\t\t\t<\/div>\n\t\t\t\t\t<\/div>\n\t\t\t\t<\/div>\n\t\t<div class=\"elementor-element elementor-element-a9145e8 e-flex e-con-boxed e-con e-parent\" data-id=\"a9145e8\" data-element_type=\"container\">\n\t\t\t\t\t<div class=\"e-con-inner\">\n\t\t<div class=\"elementor-element elementor-element-2e7fed3 e-con-full e-flex e-con e-child\" data-id=\"2e7fed3\" data-element_type=\"container\">\n\t\t<div class=\"elementor-element elementor-element-5e14a1b e-con-full e-flex e-con e-child\" data-id=\"5e14a1b\" data-element_type=\"container\">\n\t\t\t\t<div class=\"elementor-element elementor-element-2518e6a elementor-widget elementor-widget-image\" data-id=\"2518e6a\" data-element_type=\"widget\" data-widget_type=\"image.default\">\n\t\t\t\t<div class=\"elementor-widget-container\">\n\t\t\t\t\t\t\t\t\t\t\t\t\t<img fetchpriority=\"high\" decoding=\"async\" width=\"500\" height=\"500\" src=\"https:\/\/chickensmarket.com\/wp-content\/uploads\/2024\/09\/1-2.png\" class=\"attachment-large size-large wp-image-297\" alt=\"Gefrorene H\u00fchnerf\u00fc\u00dfe\" srcset=\"https:\/\/chickensmarket.com\/wp-content\/uploads\/2024\/09\/1-2.png 500w, https:\/\/chickensmarket.com\/wp-content\/uploads\/2024\/09\/1-2-300x300.png 300w, https:\/\/chickensmarket.com\/wp-content\/uploads\/2024\/09\/1-2-150x150.png 150w, https:\/\/chickensmarket.com\/wp-content\/uploads\/2024\/09\/1-2-100x100.png 100w\" sizes=\"(max-width: 500px) 100vw, 500px\" \/>\t\t\t\t\t\t\t\t\t\t\t\t\t<\/div>\n\t\t\t\t<\/div>\n\t\t\t\t<div class=\"elementor-element elementor-element-6aa4c02 elementor-widget elementor-widget-image\" data-id=\"6aa4c02\" data-element_type=\"widget\" data-widget_type=\"image.default\">\n\t\t\t\t<div class=\"elementor-widget-container\">\n\t\t\t\t\t\t\t\t\t\t\t\t\t<img decoding=\"async\" width=\"500\" height=\"500\" src=\"https:\/\/chickensmarket.com\/wp-content\/uploads\/2024\/09\/2-2.png\" class=\"attachment-large size-large wp-image-298\" alt=\"Gefrorene H\u00fchnerf\u00fc\u00dfe\" srcset=\"https:\/\/chickensmarket.com\/wp-content\/uploads\/2024\/09\/2-2.png 500w, https:\/\/chickensmarket.com\/wp-content\/uploads\/2024\/09\/2-2-300x300.png 300w, https:\/\/chickensmarket.com\/wp-content\/uploads\/2024\/09\/2-2-150x150.png 150w, https:\/\/chickensmarket.com\/wp-content\/uploads\/2024\/09\/2-2-100x100.png 100w\" sizes=\"(max-width: 500px) 100vw, 500px\" \/>\t\t\t\t\t\t\t\t\t\t\t\t\t<\/div>\n\t\t\t\t<\/div>\n\t\t\t\t<\/div>\n\t\t\t\t<div class=\"elementor-element elementor-element-175262b elementor-widget elementor-widget-text-editor\" data-id=\"175262b\" data-element_type=\"widget\" data-widget_type=\"text-editor.default\">\n\t\t\t\t<div class=\"elementor-widget-container\">\n\t\t\t\t\t\t\t<p>Als f\u00fchrender Exporteur und Lieferant von gefrorenen H\u00fchnerf\u00fc\u00dfen der G\u00fcteklasse A legen wir gr\u00f6\u00dften Wert auf Lebensmittelsicherheit und Qualit\u00e4t und erf\u00fcllen die internationalen Standards aus Brasilien, den USA, China und Europa. Unser umfassendes Qualit\u00e4tssystem konzentriert sich auf gute Produktionspraxis, Lebensmittelsicherheit und Produktqualit\u00e4t und gew\u00e4hrleistet, dass unsere Produkte alle erforderlichen Zertifizierungen erf\u00fcllen.<\/p><p><br><\/p>\n<p><strong>Spezifikationen:<\/strong><\/p>\n<ul>\n<li>Klasse A Verarbeitete gefrorene H\u00fchnerf\u00fc\u00dfe<\/li>\n<li>Wei\u00dfe Haut, keine gebrochenen Knochen, \u00e4u\u00dfere gelbe Haut entfernt<\/li>\n<li>Keine blauen Flecken, schwarzen Binden oder Ammoniakverbrennungen<\/li>\n<li>Keine schlechten Ger\u00fcche oder \u00fcberm\u00e4\u00dfige Blutflecken<\/li>\n<li>Feuchtigkeitsgehalt weniger als 3%, kein \u00fcbersch\u00fcssiges Wasser<\/li>\n<li>Gut gereinigt und frisch<\/li>\n<\/ul><div><br><\/div>\n<p><strong>Qualit\u00e4tsinspektion:<\/strong><\/p>\n<ul>\n<li>Halal-gepr\u00fcft<\/li>\n<li>SGS-Inspektion vor Versand<\/li>\n<li>SIF-genehmigt<\/li>\n<li>Brasilien Lebensmittelinspektion<\/li>\n<\/ul><div><br><\/div>\n<p><strong>Globaler Versand:<\/strong> Wir exportieren in zahlreiche L\u00e4nder, darunter die USA, Europa, China, Saudi-Arabien, Japan und viele mehr.<\/p>\t\t\t\t\t\t<\/div>\n\t\t\t\t<\/div>\n\t\t\t\t<div class=\"elementor-element elementor-element-467b127 elementor-align-center elementor-widget elementor-widget-button\" data-id=\"467b127\" data-element_type=\"widget\" data-widget_type=\"button.default\">\n\t\t\t\t<div class=\"elementor-widget-container\">\n\t\t\t\t\t<div class=\"elementor-button-wrapper\">\n\t\t\t<a class=\"elementor-button elementor-button-link elementor-size-sm\" href=\"https:\/\/chickensmarket.com\/de\/contact-us\/\">\n\t\t\t\t\t\t<span class=\"elementor-button-content-wrapper\">\n\t\t\t\t\t\t\t\t\t<span class=\"elementor-button-text\">Kontakt <\/span>\n\t\t\t\t\t<\/span>\n\t\t\t\t\t<\/a>\n\t\t<\/div>\n\t\t\t\t<\/div>\n\t\t\t\t<\/div>\n\t\t\t\t<div class=\"elementor-element elementor-element-dae2071 elementor-widget elementor-widget-image\" data-id=\"dae2071\" data-element_type=\"widget\" data-widget_type=\"image.default\">\n\t\t\t\t<div class=\"elementor-widget-container\">\n\t\t\t\t\t\t\t\t\t\t\t\t\t<img decoding=\"async\" width=\"500\" height=\"95\" src=\"https:\/\/chickensmarket.com\/wp-content\/uploads\/2024\/08\/safe_brand.png\" class=\"attachment-large size-large wp-image-263\" alt=\"\" srcset=\"https:\/\/chickensmarket.com\/wp-content\/uploads\/2024\/08\/safe_brand.png 500w, https:\/\/chickensmarket.com\/wp-content\/uploads\/2024\/08\/safe_brand-300x57.png 300w\" sizes=\"(max-width: 500px) 100vw, 500px\" \/>\t\t\t\t\t\t\t\t\t\t\t\t\t<\/div>\n\t\t\t\t<\/div>\n\t\t<div class=\"elementor-element elementor-element-940e4c1 e-flex e-con-boxed e-con e-child\" data-id=\"940e4c1\" data-element_type=\"container\">\n\t\t\t\t\t<div class=\"e-con-inner\">\n\t\t\t\t<div class=\"elementor-element elementor-element-3b77b8e elementor-widget elementor-widget-heading\" data-id=\"3b77b8e\" data-element_type=\"widget\" data-widget_type=\"heading.default\">\n\t\t\t\t<div class=\"elementor-widget-container\">\n\t\t\t<h5 class=\"elementor-heading-title elementor-size-default\">Teilen Sie es: <\/h5>\t\t<\/div>\n\t\t\t\t<\/div>\n\t\t\t\t<div class=\"elementor-element elementor-element-5dff85e elementor-share-buttons--view-icon elementor-share-buttons--skin-flat elementor-share-buttons--shape-square elementor-grid-0 elementor-share-buttons--color-official elementor-widget elementor-widget-share-buttons\" data-id=\"5dff85e\" data-element_type=\"widget\" data-widget_type=\"share-buttons.default\">\n\t\t\t\t<div class=\"elementor-widget-container\">\n\t\t\t\t\t<div class=\"elementor-grid\">\n\t\t\t\t\t\t\t\t<div class=\"elementor-grid-item\">\n\t\t\t\t\t\t<div\n\t\t\t\t\t\t\tclass=\"elementor-share-btn elementor-share-btn_facebook\"\n\t\t\t\t\t\t\trole=\"button\"\n\t\t\t\t\t\t\ttabindex=\"0\"\n\t\t\t\t\t\t\taria-label=\"Share on facebook\"\n\t\t\t\t\t\t>\n\t\t\t\t\t\t\t\t\t\t\t\t\t\t\t<span class=\"elementor-share-btn__icon\">\n\t\t\t\t\t\t\t\t<svg class=\"e-font-icon-svg e-fab-facebook\" viewbox=\"0 0 512 512\" xmlns=\"http:\/\/www.w3.org\/2000\/svg\"><path d=\"M504 256C504 119 393 8 256 8S8 119 8 256c0 123.78 90.69 226.38 209.25 245V327.69h-63V256h63v-54.64c0-62.15 37-96.48 93.67-96.48 27.14 0 55.52 4.84 55.52 4.84v61h-31.28c-30.8 0-40.41 19.12-40.41 38.73V256h68.78l-11 71.69h-57.78V501C413.31 482.38 504 379.78 504 256z\"><\/path><\/svg>\t\t\t\t\t\t\t<\/span>\n\t\t\t\t\t\t\t\t\t\t\t\t\t\t\t\t\t\t\t\t<\/div>\n\t\t\t\t\t<\/div>\n\t\t\t\t\t\t\t\t\t<div class=\"elementor-grid-item\">\n\t\t\t\t\t\t<div\n\t\t\t\t\t\t\tclass=\"elementor-share-btn elementor-share-btn_twitter\"\n\t\t\t\t\t\t\trole=\"button\"\n\t\t\t\t\t\t\ttabindex=\"0\"\n\t\t\t\t\t\t\taria-label=\"Share on twitter\"\n\t\t\t\t\t\t>\n\t\t\t\t\t\t\t\t\t\t\t\t\t\t\t<span class=\"elementor-share-btn__icon\">\n\t\t\t\t\t\t\t\t<svg class=\"e-font-icon-svg e-fab-twitter\" viewbox=\"0 0 512 512\" xmlns=\"http:\/\/www.w3.org\/2000\/svg\"><path d=\"M459.37 151.716c.325 4.548.325 9.097.325 13.645 0 138.72-105.583 298.558-298.558 298.558-59.452 0-114.68-17.219-161.137-47.106 8.447.974 16.568 1.299 25.34 1.299 49.055 0 94.213-16.568 130.274-44.832-46.132-.975-84.792-31.188-98.112-72.772 6.498.974 12.995 1.624 19.818 1.624 9.421 0 18.843-1.3 27.614-3.573-48.081-9.747-84.143-51.98-84.143-102.985v-1.299c13.969 7.797 30.214 12.67 47.431 13.319-28.264-18.843-46.781-51.005-46.781-87.391 0-19.492 5.197-37.36 14.294-52.954 51.655 63.675 129.3 105.258 216.365 109.807-1.624-7.797-2.599-15.918-2.599-24.04 0-57.828 46.782-104.934 104.934-104.934 30.213 0 57.502 12.67 76.67 33.137 23.715-4.548 46.456-13.32 66.599-25.34-7.798 24.366-24.366 44.833-46.132 57.827 21.117-2.273 41.584-8.122 60.426-16.243-14.292 20.791-32.161 39.308-52.628 54.253z\"><\/path><\/svg>\t\t\t\t\t\t\t<\/span>\n\t\t\t\t\t\t\t\t\t\t\t\t\t\t\t\t\t\t\t\t<\/div>\n\t\t\t\t\t<\/div>\n\t\t\t\t\t\t\t\t\t<div class=\"elementor-grid-item\">\n\t\t\t\t\t\t<div\n\t\t\t\t\t\t\tclass=\"elementor-share-btn elementor-share-btn_linkedin\"\n\t\t\t\t\t\t\trole=\"button\"\n\t\t\t\t\t\t\ttabindex=\"0\"\n\t\t\t\t\t\t\taria-label=\"Share on linkedin\"\n\t\t\t\t\t\t>\n\t\t\t\t\t\t\t\t\t\t\t\t\t\t\t<span class=\"elementor-share-btn__icon\">\n\t\t\t\t\t\t\t\t<svg class=\"e-font-icon-svg e-fab-linkedin\" viewbox=\"0 0 448 512\" xmlns=\"http:\/\/www.w3.org\/2000\/svg\"><path d=\"M416 32H31.9C14.3 32 0 46.5 0 64.3v383.4C0 465.5 14.3 480 31.9 480H416c17.6 0 32-14.5 32-32.3V64.3c0-17.8-14.4-32.3-32-32.3zM135.4 416H69V202.2h66.5V416zm-33.2-243c-21.3 0-38.5-17.3-38.5-38.5S80.9 96 102.2 96c21.2 0 38.5 17.3 38.5 38.5 0 21.3-17.2 38.5-38.5 38.5zm282.1 243h-66.4V312c0-24.8-.5-56.7-34.5-56.7-34.6 0-39.9 27-39.9 54.9V416h-66.4V202.2h63.7v29.2h.9c8.9-16.8 30.6-34.5 62.9-34.5 67.2 0 79.7 44.3 79.7 101.9V416z\"><\/path><\/svg>\t\t\t\t\t\t\t<\/span>\n\t\t\t\t\t\t\t\t\t\t\t\t\t\t\t\t\t\t\t\t<\/div>\n\t\t\t\t\t<\/div>\n\t\t\t\t\t\t\t\t\t<div class=\"elementor-grid-item\">\n\t\t\t\t\t\t<div\n\t\t\t\t\t\t\tclass=\"elementor-share-btn elementor-share-btn_whatsapp\"\n\t\t\t\t\t\t\trole=\"button\"\n\t\t\t\t\t\t\ttabindex=\"0\"\n\t\t\t\t\t\t\taria-label=\"Share on whatsapp\"\n\t\t\t\t\t\t>\n\t\t\t\t\t\t\t\t\t\t\t\t\t\t\t<span class=\"elementor-share-btn__icon\">\n\t\t\t\t\t\t\t\t<svg class=\"e-font-icon-svg e-fab-whatsapp\" viewbox=\"0 0 448 512\" xmlns=\"http:\/\/www.w3.org\/2000\/svg\"><path d=\"M380.9 97.1C339 55.1 283.2 32 223.9 32c-122.4 0-222 99.6-222 222 0 39.1 10.2 77.3 29.6 111L0 480l117.7-30.9c32.4 17.7 68.9 27 106.1 27h.1c122.3 0 224.1-99.6 224.1-222 0-59.3-25.2-115-67.1-157zm-157 341.6c-33.2 0-65.7-8.9-94-25.7l-6.7-4-69.8 18.3L72 359.2l-4.4-7c-18.5-29.4-28.2-63.3-28.2-98.2 0-101.7 82.8-184.5 184.6-184.5 49.3 0 95.6 19.2 130.4 54.1 34.8 34.9 56.2 81.2 56.1 130.5 0 101.8-84.9 184.6-186.6 184.6zm101.2-138.2c-5.5-2.8-32.8-16.2-37.9-18-5.1-1.9-8.8-2.8-12.5 2.8-3.7 5.6-14.3 18-17.6 21.8-3.2 3.7-6.5 4.2-12 1.4-32.6-16.3-54-29.1-75.5-66-5.7-9.8 5.7-9.1 16.3-30.3 1.8-3.7.9-6.9-.5-9.7-1.4-2.8-12.5-30.1-17.1-41.2-4.5-10.8-9.1-9.3-12.5-9.5-3.2-.2-6.9-.2-10.6-.2-3.7 0-9.7 1.4-14.8 6.9-5.1 5.6-19.4 19-19.4 46.3 0 27.3 19.9 53.7 22.6 57.4 2.8 3.7 39.1 59.7 94.8 83.8 35.2 15.2 49 16.5 66.6 13.9 10.7-1.6 32.8-13.4 37.4-26.4 4.6-13 4.6-24.1 3.2-26.4-1.3-2.5-5-3.9-10.5-6.6z\"><\/path><\/svg>\t\t\t\t\t\t\t<\/span>\n\t\t\t\t\t\t\t\t\t\t\t\t\t\t\t\t\t\t\t\t<\/div>\n\t\t\t\t\t<\/div>\n\t\t\t\t\t\t<\/div>\n\t\t\t\t<\/div>\n\t\t\t\t<\/div>\n\t\t\t\t\t<\/div>\n\t\t\t\t<\/div>\n\t\t\t\t<\/div>\n\t\t\t\t\t<\/div>\n\t\t\t\t<\/div>\n\t\t\t\t<\/div>","protected":false},"excerpt":{"rendered":"<p>Frozen Chicken Feet As leading exporters and suppliers of Grade A Frozen Chicken Feet, we prioritize food safety and quality, meeting international standards from Brazil, the USA, China, and Europe. Our comprehensive quality system focuses on Good Production Practice, Food Safety, and Product Quality, ensuring our products meet all required certifications. Specifications: Grade A Processed [&hellip;]<\/p>","protected":false},"author":1,"featured_media":0,"parent":0,"menu_order":0,"comment_status":"closed","ping_status":"closed","template":"elementor_header_footer","meta":{"_joinchat":[],"footnotes":""},"class_list":["post-294","page","type-page","status-publish","hentry"],"yoast_head":"<!-- This site is optimized with the Yoast SEO plugin v25.6 - https:\/\/yoast.com\/wordpress\/plugins\/seo\/ -->\n<title>Wholesale Supplier And Manufacturers Frozen Chicken Feet<\/title>\n<meta name=\"description\" content=\"Exporters of Halal Frozen Chicken Feet. Grade A quality from Brazil. Global shipping available. Contact us for competitive pricing.\" \/>\n<meta name=\"robots\" content=\"index, follow, max-snippet:-1, max-image-preview:large, max-video-preview:-1\" \/>\n<link rel=\"canonical\" href=\"https:\/\/chickensmarket.com\/de\/frozen-chicken-feet\/\" \/>\n<meta property=\"og:locale\" content=\"de_DE\" \/>\n<meta property=\"og:type\" content=\"article\" \/>\n<meta property=\"og:title\" content=\"Wholesale Supplier And Manufacturers Frozen Chicken Feet\" \/>\n<meta property=\"og:description\" content=\"Exporters of Halal Frozen Chicken Feet. Grade A quality from Brazil. Global shipping available. Contact us for competitive pricing.\" \/>\n<meta property=\"og:url\" content=\"https:\/\/chickensmarket.com\/de\/frozen-chicken-feet\/\" \/>\n<meta property=\"og:site_name\" content=\"Chickens Market\" \/>\n<meta property=\"article:modified_time\" content=\"2024-09-03T06:29:08+00:00\" \/>\n<meta property=\"og:image\" content=\"https:\/\/client.polando8.com\/wp-content\/uploads\/2024\/09\/1-2.png\" \/>\n<meta name=\"twitter:card\" content=\"summary_large_image\" \/>\n<meta name=\"twitter:label1\" content=\"Gesch\u00e4tzte Lesezeit\" \/>\n\t<meta name=\"twitter:data1\" content=\"2 Minuten\" \/>\n<script type=\"application\/ld+json\" class=\"yoast-schema-graph\">{\"@context\":\"https:\/\/schema.org\",\"@graph\":[{\"@type\":\"WebPage\",\"@id\":\"https:\/\/chickensmarket.com\/frozen-chicken-feet\/\",\"url\":\"https:\/\/chickensmarket.com\/frozen-chicken-feet\/\",\"name\":\"Wholesale Supplier And Manufacturers Frozen Chicken Feet\",\"isPartOf\":{\"@id\":\"https:\/\/chickensmarket.com\/#website\"},\"primaryImageOfPage\":{\"@id\":\"https:\/\/chickensmarket.com\/frozen-chicken-feet\/#primaryimage\"},\"image\":{\"@id\":\"https:\/\/chickensmarket.com\/frozen-chicken-feet\/#primaryimage\"},\"thumbnailUrl\":\"https:\/\/client.polando8.com\/wp-content\/uploads\/2024\/09\/1-2.png\",\"datePublished\":\"2024-09-03T05:56:28+00:00\",\"dateModified\":\"2024-09-03T06:29:08+00:00\",\"description\":\"Exporters of Halal Frozen Chicken Feet. Grade A quality from Brazil. Global shipping available. Contact us for competitive pricing.\",\"breadcrumb\":{\"@id\":\"https:\/\/chickensmarket.com\/frozen-chicken-feet\/#breadcrumb\"},\"inLanguage\":\"de-AT\",\"potentialAction\":[{\"@type\":\"ReadAction\",\"target\":[\"https:\/\/chickensmarket.com\/frozen-chicken-feet\/\"]}]},{\"@type\":\"ImageObject\",\"inLanguage\":\"de-AT\",\"@id\":\"https:\/\/chickensmarket.com\/frozen-chicken-feet\/#primaryimage\",\"url\":\"https:\/\/client.polando8.com\/wp-content\/uploads\/2024\/09\/1-2.png\",\"contentUrl\":\"https:\/\/client.polando8.com\/wp-content\/uploads\/2024\/09\/1-2.png\"},{\"@type\":\"BreadcrumbList\",\"@id\":\"https:\/\/chickensmarket.com\/frozen-chicken-feet\/#breadcrumb\",\"itemListElement\":[{\"@type\":\"ListItem\",\"position\":1,\"name\":\"Home\",\"item\":\"https:\/\/chickensmarket.com\/\"},{\"@type\":\"ListItem\",\"position\":2,\"name\":\"Frozen Chicken Feet\"}]},{\"@type\":\"WebSite\",\"@id\":\"https:\/\/chickensmarket.com\/#website\",\"url\":\"https:\/\/chickensmarket.com\/\",\"name\":\"Chickens Market\",\"description\":\"Premium Frozen Chicken &amp; Eggs\",\"publisher\":{\"@id\":\"https:\/\/chickensmarket.com\/#organization\"},\"potentialAction\":[{\"@type\":\"SearchAction\",\"target\":{\"@type\":\"EntryPoint\",\"urlTemplate\":\"https:\/\/chickensmarket.com\/?s={search_term_string}\"},\"query-input\":{\"@type\":\"PropertyValueSpecification\",\"valueRequired\":true,\"valueName\":\"search_term_string\"}}],\"inLanguage\":\"de-AT\"},{\"@type\":\"Organization\",\"@id\":\"https:\/\/chickensmarket.com\/#organization\",\"name\":\"Chickens Market\",\"url\":\"https:\/\/chickensmarket.com\/\",\"logo\":{\"@type\":\"ImageObject\",\"inLanguage\":\"de-AT\",\"@id\":\"https:\/\/chickensmarket.com\/#\/schema\/logo\/image\/\",\"url\":\"https:\/\/chickensmarket.com\/wp-content\/uploads\/2024\/08\/chickens-market-2.png\",\"contentUrl\":\"https:\/\/chickensmarket.com\/wp-content\/uploads\/2024\/08\/chickens-market-2.png\",\"width\":508,\"height\":352,\"caption\":\"Chickens Market\"},\"image\":{\"@id\":\"https:\/\/chickensmarket.com\/#\/schema\/logo\/image\/\"}}]}<\/script>\n<!-- \/ Yoast SEO plugin. -->","yoast_head_json":{"title":"Gro\u00dfhandel Lieferant und Hersteller Gefrorene H\u00fchnerf\u00fc\u00dfe","description":"Exporteure von gefrorenen Halal-H\u00fchnerf\u00fc\u00dfen. Qualit\u00e4t der G\u00fcteklasse A aus Brasilien. Globaler Versand m\u00f6glich. Kontaktieren Sie uns f\u00fcr wettbewerbsf\u00e4hige Preise.","robots":{"index":"index","follow":"follow","max-snippet":"max-snippet:-1","max-image-preview":"max-image-preview:large","max-video-preview":"max-video-preview:-1"},"canonical":"https:\/\/chickensmarket.com\/de\/frozen-chicken-feet\/","og_locale":"de_DE","og_type":"article","og_title":"Wholesale Supplier And Manufacturers Frozen Chicken Feet","og_description":"Exporters of Halal Frozen Chicken Feet. Grade A quality from Brazil. Global shipping available. Contact us for competitive pricing.","og_url":"https:\/\/chickensmarket.com\/de\/frozen-chicken-feet\/","og_site_name":"Chickens Market","article_modified_time":"2024-09-03T06:29:08+00:00","og_image":[{"url":"https:\/\/client.polando8.com\/wp-content\/uploads\/2024\/09\/1-2.png","type":"","width":"","height":""}],"twitter_card":"summary_large_image","twitter_misc":{"Gesch\u00e4tzte Lesezeit":"2 Minuten"},"schema":{"@context":"https:\/\/schema.org","@graph":[{"@type":"WebPage","@id":"https:\/\/chickensmarket.com\/frozen-chicken-feet\/","url":"https:\/\/chickensmarket.com\/frozen-chicken-feet\/","name":"Gro\u00dfhandel Lieferant und Hersteller Gefrorene H\u00fchnerf\u00fc\u00dfe","isPartOf":{"@id":"https:\/\/chickensmarket.com\/#website"},"primaryImageOfPage":{"@id":"https:\/\/chickensmarket.com\/frozen-chicken-feet\/#primaryimage"},"image":{"@id":"https:\/\/chickensmarket.com\/frozen-chicken-feet\/#primaryimage"},"thumbnailUrl":"https:\/\/client.polando8.com\/wp-content\/uploads\/2024\/09\/1-2.png","datePublished":"2024-09-03T05:56:28+00:00","dateModified":"2024-09-03T06:29:08+00:00","description":"Exporteure von gefrorenen Halal-H\u00fchnerf\u00fc\u00dfen. Qualit\u00e4t der G\u00fcteklasse A aus Brasilien. Globaler Versand m\u00f6glich. Kontaktieren Sie uns f\u00fcr wettbewerbsf\u00e4hige Preise.","breadcrumb":{"@id":"https:\/\/chickensmarket.com\/frozen-chicken-feet\/#breadcrumb"},"inLanguage":"de-AT","potentialAction":[{"@type":"ReadAction","target":["https:\/\/chickensmarket.com\/frozen-chicken-feet\/"]}]},{"@type":"ImageObject","inLanguage":"de-AT","@id":"https:\/\/chickensmarket.com\/frozen-chicken-feet\/#primaryimage","url":"https:\/\/client.polando8.com\/wp-content\/uploads\/2024\/09\/1-2.png","contentUrl":"https:\/\/client.polando8.com\/wp-content\/uploads\/2024\/09\/1-2.png"},{"@type":"BreadcrumbList","@id":"https:\/\/chickensmarket.com\/frozen-chicken-feet\/#breadcrumb","itemListElement":[{"@type":"ListItem","position":1,"name":"Home","item":"https:\/\/chickensmarket.com\/"},{"@type":"ListItem","position":2,"name":"Frozen Chicken Feet"}]},{"@type":"WebSite","@id":"https:\/\/chickensmarket.com\/#website","url":"https:\/\/chickensmarket.com\/","name":"H\u00fchner Markt","description":"Premium-Tiefk\u00fchlh\u00fchner und -eier","publisher":{"@id":"https:\/\/chickensmarket.com\/#organization"},"potentialAction":[{"@type":"SearchAction","target":{"@type":"EntryPoint","urlTemplate":"https:\/\/chickensmarket.com\/?s={search_term_string}"},"query-input":{"@type":"PropertyValueSpecification","valueRequired":true,"valueName":"search_term_string"}}],"inLanguage":"de-AT"},{"@type":"Organization","@id":"https:\/\/chickensmarket.com\/#organization","name":"H\u00fchner Markt","url":"https:\/\/chickensmarket.com\/","logo":{"@type":"ImageObject","inLanguage":"de-AT","@id":"https:\/\/chickensmarket.com\/#\/schema\/logo\/image\/","url":"https:\/\/chickensmarket.com\/wp-content\/uploads\/2024\/08\/chickens-market-2.png","contentUrl":"https:\/\/chickensmarket.com\/wp-content\/uploads\/2024\/08\/chickens-market-2.png","width":508,"height":352,"caption":"Chickens Market"},"image":{"@id":"https:\/\/chickensmarket.com\/#\/schema\/logo\/image\/"}}]}},"_links":{"self":[{"href":"https:\/\/chickensmarket.com\/de\/wp-json\/wp\/v2\/pages\/294","targetHints":{"allow":["GET"]}}],"collection":[{"href":"https:\/\/chickensmarket.com\/de\/wp-json\/wp\/v2\/pages"}],"about":[{"href":"https:\/\/chickensmarket.com\/de\/wp-json\/wp\/v2\/types\/page"}],"author":[{"embeddable":true,"href":"https:\/\/chickensmarket.com\/de\/wp-json\/wp\/v2\/users\/1"}],"replies":[{"embeddable":true,"href":"https:\/\/chickensmarket.com\/de\/wp-json\/wp\/v2\/comments?post=294"}],"version-history":[{"count":0,"href":"https:\/\/chickensmarket.com\/de\/wp-json\/wp\/v2\/pages\/294\/revisions"}],"wp:attachment":[{"href":"https:\/\/chickensmarket.com\/de\/wp-json\/wp\/v2\/media?parent=294"}],"curies":[{"name":"wp","href":"https:\/\/api.w.org\/{rel}","templated":true}]}}